{"id":78721,"date":"2023-07-22T10:44:13","date_gmt":"2023-07-22T09:44:13","guid":{"rendered":"https:\/\/whisky.ad\/product\/glen-scotia-48-yo-single-malt\/"},"modified":"2024-01-02T14:11:34","modified_gmt":"2024-01-02T13:11:34","slug":"glen-scotia-48-yo-single-malt","status":"publish","type":"product","link":"https:\/\/whisky.ad\/ca\/producte\/glen-scotia-48-yo-single-malt\/","title":{"rendered":"Glen Scotia 48 YO Single Malt"},"content":{"rendered":"","protected":false},"excerpt":{"rendered":"<p>GLEN SCOTIA 48 YEAR OLD Amb nom\u00e9s <strong>250 bouteilles<\/strong> <strong>num\u00e9rot\u00e9es<\/strong> individuellement et tires des r\u00e9serves les plus anciennes, le Glen Scotia 48 Year Old \u00e9s una ocasi\u00f3 rara i \u00fanica de gust a una \u00e8poca revolucion\u00e0ria de la distillerie Glen Scotia. Mis en bouteille en d\u00e9cembre 1974, ce liquide remarquable est\u00e0 passat entre les mains et les mains de plusieurs g\u00e9n\u00e9rations d&#8217;\u00e9quipes de la distillerie. Il est incroyable de penser qu&#8217;il a \u00e9t\u00e9 sp\u00e9cialement seleccionat pour \u00eatre conserv\u00e9 encore et encore per different mains, and qu&#8217;il a \u00e9t\u00e9 autoritzat a poursuivre son voyage bien after que ses gardiens se retir\u00e9s de la barre de la distillerie. A m\u00e9s d&#8217;una edat remarquable, \u00e9s una finestra a una \u00e8poca revolucion\u00e0ria de Glen Scotia. CASK SELECTED : 1974 17\/582-1 Le Glen Scotia 48 ans d&#8217;\u00e2ge est pr\u00e9sent\u00e9 dans un pr\u00e9sentoir en ch\u00eane fabriqu\u00e9 \u00e0 la main, inspir\u00e9 des carreaux artistiques espagnols &#8220;Azulejo&#8221; que l&#8217;on trouvait autrefois dans les bodegas et les bars de S\u00e9ville, puis dans toute l&#8217;Espagne et le Portugal au cours des 18e et 19e si\u00e8cles. Un autre carreu de ch\u00eane pos\u00e9 sous la bouteille porte une plaque indiquant le num\u00e9ro individuel de la bouteille, les notes de d\u00e9gustation et l&#8217;histoire de cet incroyable whisky single malt. En partenariat amb Glencairn, cada bouteille num\u00e9rot\u00e9e individualment a estat gravada i plena amb gust, amb les decoracions en metall dor\u00e9 al cos i a l&#8217;espatlla. Un bouchon en metall lourd complet aquesta presentaci\u00f3 excepcional.<\/p>\n<p>REF: <a href=\"https:\/\/www.whiskybase.com\/whiskies\/whisky\/236931\/glen-scotia-1974\">WHISKYBASE<\/a><\/p>\n<p><a href=\"https:\/\/whisky.ad\/wp-content\/uploads\/2023\/07\/Glen-Scotia-48-Year-Old-Presenter.pdf\">Glen Scotia 48 Year Old Presenter<\/a><\/p>\n<p>&nbsp;<\/p>\n","protected":false},"featured_media":80143,"comment_status":"open","ping_status":"closed","template":"","meta":{"_acf_changed":false},"product_brand":[],"product_cat":[343,360,315,429],"product_tag":[],"class_list":{"0":"post-78721","1":"product","2":"type-product","3":"status-publish","4":"has-post-thumbnail","6":"product_cat-rar-i-colleccionable","7":"product_cat-whisky-per-marca-ca","8":"product_cat-escocia","9":"product_cat-glen-scotia-ca","10":"product_shipping_class-free-ca","12":"first","13":"instock","14":"purchasable","15":"product-type-simple"},"acf":[],"aioseo_notices":[],"jetpack_sharing_enabled":true,"_links":{"self":[{"href":"https:\/\/whisky.ad\/ca\/wp-json\/wp\/v2\/product\/78721","targetHints":{"allow":["GET"]}}],"collection":[{"href":"https:\/\/whisky.ad\/ca\/wp-json\/wp\/v2\/product"}],"about":[{"href":"https:\/\/whisky.ad\/ca\/wp-json\/wp\/v2\/types\/product"}],"replies":[{"embeddable":true,"href":"https:\/\/whisky.ad\/ca\/wp-json\/wp\/v2\/comments?post=78721"}],"wp:featuredmedia":[{"embeddable":true,"href":"https:\/\/whisky.ad\/ca\/wp-json\/wp\/v2\/media\/80143"}],"wp:attachment":[{"href":"https:\/\/whisky.ad\/ca\/wp-json\/wp\/v2\/media?parent=78721"}],"wp:term":[{"taxonomy":"product_brand","embeddable":true,"href":"https:\/\/whisky.ad\/ca\/wp-json\/wp\/v2\/product_brand?post=78721"},{"taxonomy":"product_cat","embeddable":true,"href":"https:\/\/whisky.ad\/ca\/wp-json\/wp\/v2\/product_cat?post=78721"},{"taxonomy":"product_tag","embeddable":true,"href":"https:\/\/whisky.ad\/ca\/wp-json\/wp\/v2\/product_tag?post=78721"}],"curies":[{"name":"wp","href":"https:\/\/api.w.org\/{rel}","templated":true}]}}