{"id":78718,"date":"2023-06-15T12:57:27","date_gmt":"2023-06-15T11:57:27","guid":{"rendered":"https:\/\/whisky.ad\/product\/glen-scotia-46-yo\/"},"modified":"2023-06-15T12:57:27","modified_gmt":"2023-06-15T11:57:27","slug":"glen-scotia-46-yo","status":"publish","type":"product","link":"https:\/\/whisky.ad\/ca\/producte\/glen-scotia-46-yo\/","title":{"rendered":"Glen Scotia 46 YO"},"content":{"rendered":"","protected":false},"excerpt":{"rendered":"<p>Us presentem el Glen Scotia 46-Year-Old Whisky, una expressi\u00f3 extraordin\u00e0ria que neix del pas del temps i el clima \u00fanic de Campbeltown. Inicialment madurat en b\u00f3tes de bourbon de rec\u00e0rrega, aquest esperit excepcional es va nodrir amb tendresa, permetent que el seu car\u00e0cter es desenvolupi i floreix. El 2011, es va tornar a embocar amb cura en b\u00f3tes de bourbon de primer ompliment, on va descansar i va evolucionar durant sis anys addicionals. Finalment, el l\u00edquid va trobar el seu cam\u00ed cap a un \u00fanic olor\u00f3s de primer farciment durant un per\u00edode de maduraci\u00f3 final de quatre anys. Es va embotellar a la seva for\u00e7a natural del 41,7%, sense filtrar i sense refrigerar, per preservar la seva integritat. El 1974, l&#8217;imperi de fabricaci\u00f3 de whisky de Campbeltown s&#8217;havia redu\u00eft i la majoria de les seves destil\u00b7leries locals s&#8217;havien esva\u00eft a la hist\u00f2ria. Els pocs que quedaven es van embarcar en un viatge d&#8217;adaptaci\u00f3, abra\u00e7ant un m\u00f3n canviant. Per a Glen Scotia, aquest per\u00edode va marcar el final d&#8217;un cap\u00edtol realment especial en la seva hist\u00f2ria. El director de la destil\u00b7leria Mike Smith i el seu equip van cuidar meticulosament les b\u00f3tes, mantenint una tradici\u00f3 transmesa del seu pare, que simbolitza un enfocament antic arrelat en la tradici\u00f3, la cura i l&#8217;artesania. Avui, el gerent de la destil\u00b7leria i el mestre destil\u00b7lador Iain McAlister continua amb el llegat, honorant el car\u00e0cter excepcional d&#8217;aquestes b\u00f3tes apreciades i assegurant un resultat final excepcional. Una edici\u00f3 excepcional per a qualsevol col\u00b7lecci\u00f3: el Glen Scotia 46-year-old es presenta en una vitrina de roure feta a m\u00e0 meticulosament feta a m\u00e0, d&#8217;origen sostenible. Una rajola de roure \u00fanica sota l&#8217;ampolla mostra amb orgull una placa gravada amb el n\u00famero de l&#8217;ampolla individual, notes de tast i la hist\u00f2ria captivadora d&#8217;aquest incre\u00efble whisky single malt. En col\u00b7laboraci\u00f3 amb Glencairn, cada ampolla est\u00e0 gravada i emplenada amb gust, adornada amb una moneda met\u00e0l\u00b7lica d&#8217;or que porta el nus tradicional de Glen Scotia. La presentaci\u00f3 es completa amb un important tap met\u00e0l\u00b7lic, que mostra la m\u00e0xima atenci\u00f3 als detalls. Nom\u00e9s 150 ampolles numerades individualment estan disponibles a tot el m\u00f3n. Nota de tast: Nas: submergeix-te en un tap\u00eds de rics fruits secs i pells de c\u00edtrics, harmoniosament equilibrats amb la dol\u00e7or indulgent del toffe gruixut. Experimenta l&#8217;ess\u00e8ncia vigoritzant de l&#8217;esprai de mar oce\u00e0 entrella\u00e7at amb vainilla fresca. Sabor: Delecteu-vos amb una sensaci\u00f3 de vellut que acaricia el paladar, revelant capes de sucre moreno fos i caramel daurat. La delicia continua amb els sabors de poma al forn, pera escalfada en xarop de vainilla i delicades notes de c\u00edtrics de taronja. Acabat: Submergeix-te en un final mar\u00edtim llarg i persistent, on la sal marina es barreja amb onades d&#8217;esp\u00e8cies reconfortants de canyella i nou moscada, deixant una impressi\u00f3 duradora de calidesa i satisfacci\u00f3.    <\/p>\n","protected":false},"featured_media":76833,"comment_status":"open","ping_status":"closed","template":"","meta":{"_acf_changed":false},"product_brand":[],"product_cat":[343,360,315,429],"product_tag":[],"class_list":{"0":"post-78718","1":"product","2":"type-product","3":"status-publish","4":"has-post-thumbnail","6":"product_cat-rar-i-colleccionable","7":"product_cat-whisky-per-marca-ca","8":"product_cat-escocia","9":"product_cat-glen-scotia-ca","11":"first","12":"instock","13":"taxable","14":"shipping-taxable","15":"product-type-simple"},"acf":[],"aioseo_notices":[],"jetpack_sharing_enabled":true,"_links":{"self":[{"href":"https:\/\/whisky.ad\/ca\/wp-json\/wp\/v2\/product\/78718","targetHints":{"allow":["GET"]}}],"collection":[{"href":"https:\/\/whisky.ad\/ca\/wp-json\/wp\/v2\/product"}],"about":[{"href":"https:\/\/whisky.ad\/ca\/wp-json\/wp\/v2\/types\/product"}],"replies":[{"embeddable":true,"href":"https:\/\/whisky.ad\/ca\/wp-json\/wp\/v2\/comments?post=78718"}],"wp:featuredmedia":[{"embeddable":true,"href":"https:\/\/whisky.ad\/ca\/wp-json\/wp\/v2\/media\/76833"}],"wp:attachment":[{"href":"https:\/\/whisky.ad\/ca\/wp-json\/wp\/v2\/media?parent=78718"}],"wp:term":[{"taxonomy":"product_brand","embeddable":true,"href":"https:\/\/whisky.ad\/ca\/wp-json\/wp\/v2\/product_brand?post=78718"},{"taxonomy":"product_cat","embeddable":true,"href":"https:\/\/whisky.ad\/ca\/wp-json\/wp\/v2\/product_cat?post=78718"},{"taxonomy":"product_tag","embeddable":true,"href":"https:\/\/whisky.ad\/ca\/wp-json\/wp\/v2\/product_tag?post=78718"}],"curies":[{"name":"wp","href":"https:\/\/api.w.org\/{rel}","templated":true}]}}