{"id":78714,"date":"2023-08-23T13:09:18","date_gmt":"2023-08-23T12:09:18","guid":{"rendered":"https:\/\/whisky.ad\/product\/glen-scotia-25-yo\/"},"modified":"2024-01-02T14:52:15","modified_gmt":"2024-01-02T13:52:15","slug":"glen-scotia-25-yo","status":"publish","type":"product","link":"https:\/\/whisky.ad\/ca\/producte\/glen-scotia-25-yo\/","title":{"rendered":"Glen Scotia 25 ANYS"},"content":{"rendered":"","protected":false},"excerpt":{"rendered":"<p>Us presentem el whisky de 25 anys d\u2019elaboraci\u00f3 meticulosa, que ha sofert un delicat proc\u00e9s de maduraci\u00f3 dins de les millors b\u00f3tes de roure americ\u00e0. Posteriorment, s\u2019uneix harm\u00f2nicament dins de b\u00f3tes de bourbon de primer ompliment abans de ser embotellat elegantment. L\u2019aroma diferent porta matisos de roure de vainilla intrincadament teixits juntament amb subtils suggeriments d\u2019esprai de mar i l\u2019ess\u00e8ncia seductora de fruites arom\u00e0tiques especiades. Embotellat a un robust 48,8% ABV, aquesta exquisida creaci\u00f3 es mant\u00e9 inalterada pel color afegit o el proc\u00e9s de filtraci\u00f3 freda, mantenint-se fidel a la seva forma natural. Caracter\u00edstiques: Grau alcoh\u00f2lic: 48,8% Volum: 70cl Presentaci\u00f3 visual: Presentat en la seva tonalitat natural i inalterada Edat: Envellit durant un quart de segle, 25 anys de refinament Filtraci\u00f3: Conservat minuciosament amb el seu estat de no filtrat en fred Experi\u00e8ncia de tast: Nas : Una brisa atl\u00e0ntica vigoritzant imparteix una forta influ\u00e8ncia mar\u00edtima. Sabor: Els vents costaners impregnen notes de poma vermella madura i pell de taronja picant, complementades amb l\u2019ess\u00e8ncia indulgent del xarop de vainilla i la delicada abra\u00e7ada de la dol\u00e7or del caramel. Final: un final durador ressona amb l\u2019ess\u00e8ncia de la sal marina persistent i un toc animat de gingebre recent m\u00f2lt, deixant una impressi\u00f3 duradora.   <\/p>\n<p>REF: <a href=\"https:\/\/www.whiskybase.com\/whiskies\/whisky\/242801\/glen-scotia-25-year-old\">WHISKYBASE<\/a><\/p>\n","protected":false},"featured_media":77118,"comment_status":"open","ping_status":"closed","template":"","meta":{"_acf_changed":false},"product_brand":[],"product_cat":[343,360,315,429],"product_tag":[],"class_list":{"0":"post-78714","1":"product","2":"type-product","3":"status-publish","4":"has-post-thumbnail","6":"product_cat-rar-i-colleccionable","7":"product_cat-whisky-per-marca-ca","8":"product_cat-escocia","9":"product_cat-glen-scotia-ca","11":"first","12":"instock","13":"featured","14":"taxable","15":"shipping-taxable","16":"purchasable","17":"product-type-simple"},"acf":[],"aioseo_notices":[],"jetpack_sharing_enabled":true,"_links":{"self":[{"href":"https:\/\/whisky.ad\/ca\/wp-json\/wp\/v2\/product\/78714","targetHints":{"allow":["GET"]}}],"collection":[{"href":"https:\/\/whisky.ad\/ca\/wp-json\/wp\/v2\/product"}],"about":[{"href":"https:\/\/whisky.ad\/ca\/wp-json\/wp\/v2\/types\/product"}],"replies":[{"embeddable":true,"href":"https:\/\/whisky.ad\/ca\/wp-json\/wp\/v2\/comments?post=78714"}],"wp:featuredmedia":[{"embeddable":true,"href":"https:\/\/whisky.ad\/ca\/wp-json\/wp\/v2\/media\/77118"}],"wp:attachment":[{"href":"https:\/\/whisky.ad\/ca\/wp-json\/wp\/v2\/media?parent=78714"}],"wp:term":[{"taxonomy":"product_brand","embeddable":true,"href":"https:\/\/whisky.ad\/ca\/wp-json\/wp\/v2\/product_brand?post=78714"},{"taxonomy":"product_cat","embeddable":true,"href":"https:\/\/whisky.ad\/ca\/wp-json\/wp\/v2\/product_cat?post=78714"},{"taxonomy":"product_tag","embeddable":true,"href":"https:\/\/whisky.ad\/ca\/wp-json\/wp\/v2\/product_tag?post=78714"}],"curies":[{"name":"wp","href":"https:\/\/api.w.org\/{rel}","templated":true}]}}