{"id":78711,"date":"2023-08-30T20:05:28","date_gmt":"2023-08-30T19:05:28","guid":{"rendered":"https:\/\/whisky.ad\/product\/glen-scotia-21yo-single-malt-0-7l-46\/"},"modified":"2023-08-30T20:05:28","modified_gmt":"2023-08-30T19:05:28","slug":"glen-scotia-21yo-single-malt-0-7l-46","status":"publish","type":"product","link":"https:\/\/whisky.ad\/ca\/producte\/glen-scotia-21yo-single-malt-0-7l-46\/","title":{"rendered":"Glen Scotia 21yo Single Malt 0.7l 46%"},"content":{"rendered":"","protected":false},"excerpt":{"rendered":"<div class=\"flex flex-grow flex-col gap-3 max-w-full\">\n<div class=\"min-h-[20px] flex flex-col items-start gap-3 overflow-x-auto whitespace-pre-wrap break-words\">\n<div class=\"markdown prose w-full break-words dark:prose-invert light\">\n<p>Madurat a trav\u00e9s d&#8217;un matrimoni de b\u00f3tes de bourbon de rec\u00e0rrega i b\u00f3tes de roure americ\u00e0 de rec\u00e0rrega, escollides minuciosament per l&#8217;equip competent de Glen Scotia, despr\u00e9s agra\u00efda per un final de sis mesos en b\u00f3tes de xer\u00e8s Oloroso de primer ompliment, aquesta graciosa incorporaci\u00f3 a la col\u00b7lecci\u00f3 Glen Scotia encarna un suau, elixir arom\u00e0tic fet a mida per als amants del whisky fi. La infusi\u00f3 de xer\u00e8s d&#8217;Oloroso introdueix notes de florals perfumats, que confereixen una qualitat subtilment arom\u00e0tica alhora que salvaguarda el car\u00e0cter distintiu de la destil\u00b7leria marcat per fruites delicioses, esclats d&#8217;esprai de mar de l&#8217;Atl\u00e0ntic i matisos tocs mar\u00edtims. El single malt de Glen Scotia de 21 anys \u00e9s una encarnaci\u00f3 realment excepcional de l&#8217;ess\u00e8ncia refinada i atemporal del whisky Campbeltown. Posicionat per salvar la bretxa entre el fam\u00f3s jove de 18 anys i les venerades expressions de 25 anys, aquest \u00faltim ha aconseguit el &#8220;Millor de la seva classe&#8221; i, per tant, l&#8217;estimat t\u00edtol de Millor del m\u00f3n al San Francisco World Spirits 2021. Competici\u00f3, que va superar els 3.800 companys. Aquesta notable presentaci\u00f3 arriba a l&#8217;opulenta ampolla de Glen Scotia adornada amb tonalitats de porpra intens i daurat. Una elegant moneda met\u00e0l\u00b7lica que porta el logotip &#8220;GS&#8221; entrella\u00e7at de Glen Scotia est\u00e0 incrustat a l&#8217;espatlla de l&#8217;ampolla, tot en una caixa de presentaci\u00f3 feta a mida per als col\u00b7leccionistes o destinada a regalar a una persona estimada. El viatge del whisky implica la maduraci\u00f3 en una combinaci\u00f3 de b\u00f3tes de bourbon de recanvi i hogsheads de roure americ\u00e0 de recanvi, que culmina amb una floraci\u00f3 de sis mesos dins de les b\u00f3tes de xer\u00e8s Oloroso de primer ompliment, teixint un whisky de malta suau i arom\u00e0tic. Notes de tast: AROMA Aromes d&#8217;Oloroso seductorament dol\u00e7os, amenitzats per pomes vermelles especiades i una delicada pres\u00e8ncia de pebre en gra, acompanyades de la frag\u00e0ncia caracter\u00edstica de Campbeltown. PALADAR Pomes vermelles al forn indulgents, panses gruixudes, una expedici\u00f3 a trav\u00e9s dels claus d&#8217;olor, an\u00eds estrellat, canyella i una orquestra d&#8217;esp\u00e8cies. A sota, hi ha un llit de peluix de vainilla cremosa, toffee i un xiuxiueig d&#8217;esprai de mar. ACABAT Resistent, complex i excepcionalment harm\u00f2nic, agraciat amb una abra\u00e7ada persistent de sal marina i l&#8217;atractiu sec del xer\u00e8s.<\/p>\n<\/div>\n<\/div>\n<\/div>\n","protected":false},"featured_media":77538,"comment_status":"open","ping_status":"closed","template":"","meta":{"_acf_changed":false},"product_brand":[],"product_cat":[360,315,429],"product_tag":[],"class_list":{"0":"post-78711","1":"product","2":"type-product","3":"status-publish","4":"has-post-thumbnail","6":"product_cat-whisky-per-marca-ca","7":"product_cat-escocia","8":"product_cat-glen-scotia-ca","10":"first","11":"outofstock","12":"taxable","13":"shipping-taxable","14":"product-type-simple"},"acf":[],"aioseo_notices":[],"jetpack_sharing_enabled":true,"_links":{"self":[{"href":"https:\/\/whisky.ad\/ca\/wp-json\/wp\/v2\/product\/78711","targetHints":{"allow":["GET"]}}],"collection":[{"href":"https:\/\/whisky.ad\/ca\/wp-json\/wp\/v2\/product"}],"about":[{"href":"https:\/\/whisky.ad\/ca\/wp-json\/wp\/v2\/types\/product"}],"replies":[{"embeddable":true,"href":"https:\/\/whisky.ad\/ca\/wp-json\/wp\/v2\/comments?post=78711"}],"wp:featuredmedia":[{"embeddable":true,"href":"https:\/\/whisky.ad\/ca\/wp-json\/wp\/v2\/media\/77538"}],"wp:attachment":[{"href":"https:\/\/whisky.ad\/ca\/wp-json\/wp\/v2\/media?parent=78711"}],"wp:term":[{"taxonomy":"product_brand","embeddable":true,"href":"https:\/\/whisky.ad\/ca\/wp-json\/wp\/v2\/product_brand?post=78711"},{"taxonomy":"product_cat","embeddable":true,"href":"https:\/\/whisky.ad\/ca\/wp-json\/wp\/v2\/product_cat?post=78711"},{"taxonomy":"product_tag","embeddable":true,"href":"https:\/\/whisky.ad\/ca\/wp-json\/wp\/v2\/product_tag?post=78711"}],"curies":[{"name":"wp","href":"https:\/\/api.w.org\/{rel}","templated":true}]}}