{"id":78708,"date":"2023-08-30T19:57:08","date_gmt":"2023-08-30T18:57:08","guid":{"rendered":"https:\/\/whisky.ad\/product\/glen-scotia-18yo-single-malt-0-7l-46\/"},"modified":"2023-12-08T11:31:16","modified_gmt":"2023-12-08T10:31:16","slug":"glen-scotia-18yo-single-malt-0-7l-46","status":"publish","type":"product","link":"https:\/\/whisky.ad\/ca\/producte\/glen-scotia-18yo-single-malt-0-7l-46\/","title":{"rendered":"Glen Scotia 18yo Single Malt 0.7l 46%"},"content":{"rendered":"","protected":false},"excerpt":{"rendered":"<div class=\"flex flex-grow flex-col gap-3 max-w-full\">\n<div class=\"min-h-[20px] flex flex-col items-start gap-3 overflow-x-auto whitespace-pre-wrap break-words\">\n<div class=\"markdown prose w-full break-words dark:prose-invert light\">\n<p>Els registres hist\u00f2rics que es remunten a la d\u00e8cada del 1800 proporcionen evid\u00e8ncia que Campbeltown, semblant a gran part d&#8217;Esc\u00f2cia, ha mantingut un afecte perdurable per l&#8217;\u00fas de b\u00f3tes de xer\u00e8s en la maduraci\u00f3 del whisky. Donada la seva avantatjosa ubicaci\u00f3 a la costa occidental d&#8217;Esc\u00f2cia i la seva proximitat a les rutes comercials mar\u00edtimes de l&#8217;\u00e8poca, \u00e9s natural que Campbeltown hagu\u00e9s tingut un acc\u00e9s privilegiat a algunes de les millors b\u00f3tes de xer\u00e8s del m\u00f3n. Per tant, \u00e9s molt adequat que el Glen Scotia, de 18 anys, una de les nostres ofertes m\u00e9s venerables i refinades, gaudeixi d&#8217;un gener\u00f3s per\u00edode de refinament de dotze mesos en b\u00f3tes de xer\u00e8s d&#8217;Oloroso. Aquesta infusi\u00f3 imparteix una dol\u00e7or floral que complementa amb gr\u00e0cia el nostre estimat car\u00e0cter de destil\u00b7leria, que es mant\u00e9 sempre present a sota. Un whisky de malta veritablement excepcional, que madura durant 17 anys en b\u00f3tes de bourbon de recanvi i omple de roure americ\u00e0. Triats a m\u00e0 pel nostre Master Blender, nom\u00e9s es seleccionen les b\u00f3tes m\u00e9s escollides, unides harm\u00f2nicament per a un final d&#8217;un any en b\u00f3tes d&#8217;Oloroso de primer ompliment. Alliberada de la torba, aquesta expressi\u00f3 emana una eleg\u00e0ncia arom\u00e0tica amb tocs florals, una mica d&#8217;esprai de mar i un toc d&#8217;esp\u00e8cies. Nota de tast: AROMA Un aire de sofisticaci\u00f3, adornat amb una brillantor refrescant, matisos florals fragants, l&#8217;atractiu de la mel dol\u00e7a i l&#8217;atractiu seductor del caramel salat. PALADAR Extremadament suau i luxosament ric al paladar, amb capes afruitats i un sumptu\u00f3s llit de toffe gruixut i dol\u00e7. Anticipeu la pres\u00e8ncia l\u00fadica dels albercocs, la pinya i les sultanes grasses, acompanyades d&#8217;una suau i acollidora calidesa d&#8217;esp\u00e8cies. ACABAT Perllongat i \u00e0rid, subratllat per una abra\u00e7ada amable d&#8217;esp\u00e8cies c\u00e0lides.    <\/p>\n<\/div>\n<\/div>\n<\/div>\n","protected":false},"featured_media":77535,"comment_status":"open","ping_status":"closed","template":"","meta":{"_acf_changed":false},"product_brand":[],"product_cat":[360,315,429],"product_tag":[],"class_list":{"0":"post-78708","1":"product","2":"type-product","3":"status-publish","4":"has-post-thumbnail","6":"product_cat-whisky-per-marca-ca","7":"product_cat-escocia","8":"product_cat-glen-scotia-ca","10":"first","11":"instock","12":"taxable","13":"shipping-taxable","14":"purchasable","15":"product-type-simple"},"acf":[],"aioseo_notices":[],"jetpack_sharing_enabled":true,"_links":{"self":[{"href":"https:\/\/whisky.ad\/ca\/wp-json\/wp\/v2\/product\/78708","targetHints":{"allow":["GET"]}}],"collection":[{"href":"https:\/\/whisky.ad\/ca\/wp-json\/wp\/v2\/product"}],"about":[{"href":"https:\/\/whisky.ad\/ca\/wp-json\/wp\/v2\/types\/product"}],"replies":[{"embeddable":true,"href":"https:\/\/whisky.ad\/ca\/wp-json\/wp\/v2\/comments?post=78708"}],"wp:featuredmedia":[{"embeddable":true,"href":"https:\/\/whisky.ad\/ca\/wp-json\/wp\/v2\/media\/77535"}],"wp:attachment":[{"href":"https:\/\/whisky.ad\/ca\/wp-json\/wp\/v2\/media?parent=78708"}],"wp:term":[{"taxonomy":"product_brand","embeddable":true,"href":"https:\/\/whisky.ad\/ca\/wp-json\/wp\/v2\/product_brand?post=78708"},{"taxonomy":"product_cat","embeddable":true,"href":"https:\/\/whisky.ad\/ca\/wp-json\/wp\/v2\/product_cat?post=78708"},{"taxonomy":"product_tag","embeddable":true,"href":"https:\/\/whisky.ad\/ca\/wp-json\/wp\/v2\/product_tag?post=78708"}],"curies":[{"name":"wp","href":"https:\/\/api.w.org\/{rel}","templated":true}]}}