{"id":78700,"date":"2023-07-25T20:51:15","date_gmt":"2023-07-25T19:51:15","guid":{"rendered":"https:\/\/whisky.ad\/product\/glen-scotia-15-yo-single-malt-0-7l-46\/"},"modified":"2023-07-25T20:51:15","modified_gmt":"2023-07-25T19:51:15","slug":"glen-scotia-15-yo-single-malt-0-7l-46","status":"publish","type":"product","link":"https:\/\/whisky.ad\/ca\/producte\/glen-scotia-15-yo-single-malt-0-7l-46\/","title":{"rendered":"Glen Scotia 15 YO Single Malt 0.7l 46%"},"content":{"rendered":"","protected":false},"excerpt":{"rendered":"<div class=\"flex flex-grow flex-col gap-3\">\n<div class=\"min-h-[20px] flex items-start overflow-x-auto whitespace-pre-wrap break-words flex-col gap-4\">\n<div class=\"markdown prose w-full break-words dark:prose-invert light\">\n<p>El whisky de Campbeltown ha mantingut una llarga i especial relaci\u00f3 amb les b\u00f3tes de Bourbon i American Oak. Aquesta elecci\u00f3 tradicional de fusta complementa perfectament la fermentaci\u00f3 lenta i el proc\u00e9s de lots petits de Glen Scotia, donant com a resultat un whisky que t\u00e9 un car\u00e0cter de fruita ben equilibrat, una dol\u00e7or dol\u00e7a deliciosa i una esp\u00e8cie de fons subtil que defineix la nostra expressi\u00f3 diferent. El Glen Scotia de 15 anys, amb nom\u00e9s un breu final en b\u00f3tes d&#8217;Oloroso, permet que brillin tots aquests trets regionals cl\u00e0ssics, oferint un aut\u00e8ntic sabor de Campbeltown. Notes de cata: Nas: aromes atractius de pells de c\u00edtrics, acompanyats de l&#8217;atractiu seductor de les galetes de gingebre i les fruites al forn. Sabor: Les fruites grasses prenen el protagonisme, seguida d&#8217;un final sec agradablement sorprenent. El paladar delecta amb notes d&#8217;albercoc, amanida de fruites, sucre caramel\u00b7litzat i roure. Acabat: l&#8217;acabat s&#8217;enriqueix amb un picant c\u00e0lid, donant una textura suau de mel, ess\u00e8ncia de roure i una conclusi\u00f3 agradablement seca.   <\/p>\n<\/div>\n<\/div>\n<\/div>\n","protected":false},"featured_media":76929,"comment_status":"open","ping_status":"closed","template":"","meta":{"_acf_changed":false},"product_brand":[],"product_cat":[360,315,429],"product_tag":[],"class_list":{"0":"post-78700","1":"product","2":"type-product","3":"status-publish","4":"has-post-thumbnail","6":"product_cat-whisky-per-marca-ca","7":"product_cat-escocia","8":"product_cat-glen-scotia-ca","10":"first","11":"instock","12":"taxable","13":"shipping-taxable","14":"purchasable","15":"product-type-simple"},"acf":[],"aioseo_notices":[],"jetpack_sharing_enabled":true,"_links":{"self":[{"href":"https:\/\/whisky.ad\/ca\/wp-json\/wp\/v2\/product\/78700","targetHints":{"allow":["GET"]}}],"collection":[{"href":"https:\/\/whisky.ad\/ca\/wp-json\/wp\/v2\/product"}],"about":[{"href":"https:\/\/whisky.ad\/ca\/wp-json\/wp\/v2\/types\/product"}],"replies":[{"embeddable":true,"href":"https:\/\/whisky.ad\/ca\/wp-json\/wp\/v2\/comments?post=78700"}],"wp:featuredmedia":[{"embeddable":true,"href":"https:\/\/whisky.ad\/ca\/wp-json\/wp\/v2\/media\/76929"}],"wp:attachment":[{"href":"https:\/\/whisky.ad\/ca\/wp-json\/wp\/v2\/media?parent=78700"}],"wp:term":[{"taxonomy":"product_brand","embeddable":true,"href":"https:\/\/whisky.ad\/ca\/wp-json\/wp\/v2\/product_brand?post=78700"},{"taxonomy":"product_cat","embeddable":true,"href":"https:\/\/whisky.ad\/ca\/wp-json\/wp\/v2\/product_cat?post=78700"},{"taxonomy":"product_tag","embeddable":true,"href":"https:\/\/whisky.ad\/ca\/wp-json\/wp\/v2\/product_tag?post=78700"}],"curies":[{"name":"wp","href":"https:\/\/api.w.org\/{rel}","templated":true}]}}