{"id":78697,"date":"2023-08-30T19:46:14","date_gmt":"2023-08-30T18:46:14","guid":{"rendered":"https:\/\/whisky.ad\/product\/glen-scotia-10yo-single-malt-0-7l-40\/"},"modified":"2023-08-30T19:46:14","modified_gmt":"2023-08-30T18:46:14","slug":"glen-scotia-10yo-single-malt-0-7l-40","status":"publish","type":"product","link":"https:\/\/whisky.ad\/ca\/producte\/glen-scotia-10yo-single-malt-0-7l-40\/","title":{"rendered":"Glen Scotia 10yo Single Malt 0.7l 40%"},"content":{"rendered":"","protected":false},"excerpt":{"rendered":"<div class=\"flex flex-grow flex-col gap-3 max-w-full\">\n<div class=\"min-h-[20px] flex flex-col items-start gap-3 overflow-x-auto whitespace-pre-wrap break-words\">\n<div class=\"markdown prose w-full break-words dark:prose-invert light\">\n<p>Glen Scotia \u00e9s una de les destil\u00b7leries de whisky escoc\u00e8s de malta m\u00e9s petites d&#8217;Esc\u00f2cia, per\u00f2 la seva import\u00e0ncia en la hist\u00f2ria hist\u00f2rica de Campbeltown \u00e9s immensa, ja que remunta les seves arrels al segle XIX. Conservant gran part de la seva disposici\u00f3 original, incloent fermentadors, cambres i un magatzem d&#8217;emmagatzematge que prov\u00e9 de la d\u00e8cada de 1830, la destil\u00b7leria despr\u00e8n una aura d&#8217;autenticitat. Un glop de malta escocesa Glen Scotia ofereix un portal al passat, que us permet experimentar l&#8217;ess\u00e8ncia del whisky tradicional de Campbeltown. Tot i que Campbeltown \u00e9s la regi\u00f3 productora de whisky m\u00e9s petita, compta amb una her\u00e8ncia de whisky inigualable. Hi va haver una \u00e8poca en qu\u00e8 el whisky flu\u00efa com un riu pels carrers de la ciutat, amb destil\u00b7leries que adornaven tots els racons, gaireb\u00e9 tots els residents contribuint a la seva creaci\u00f3 i vaixells que recorren el port per transportar b\u00f3tes de whisky single malt de Campbeltown als aficionats al whisky d&#8217;arreu del m\u00f3n, donant un aut\u00e8ntic sabor. dram escoc\u00e8s. \u00c9s per aix\u00f2 que afirmem que Glen Scotia encarna la quintaess\u00e8ncia del whisky del lloc m\u00e9s saturat de whisky de la Terra. Nota de tast: AROMA Tocs d&#8217;esprai de mar, poma a rodanxes cruixents, ratlladura de llimona vigoritzant i l&#8217;ess\u00e8ncia reconfortant de roure torrat. PALADAR Un joc indulgent de dol\u00e7or alm\u00edvar i sucre moreno fos, acompanyat de l&#8217;aroma de melmelada de taronja i notes vibrants de pinya, tot abra\u00e7at per l&#8217;abra\u00e7ada cremosa de vainilla de roure. ACABAT Perdurable, amb una calidesa elegant derivada de notes de gingebre m\u00f2lt i un delicat toc de picant canyella. <\/p>\n<\/div>\n<\/div>\n<\/div>\n","protected":false},"featured_media":77529,"comment_status":"open","ping_status":"closed","template":"","meta":{"_acf_changed":false},"product_brand":[],"product_cat":[360,315,429],"product_tag":[],"class_list":{"0":"post-78697","1":"product","2":"type-product","3":"status-publish","4":"has-post-thumbnail","6":"product_cat-whisky-per-marca-ca","7":"product_cat-escocia","8":"product_cat-glen-scotia-ca","10":"first","11":"instock","12":"taxable","13":"shipping-taxable","14":"purchasable","15":"product-type-simple"},"acf":[],"aioseo_notices":[],"jetpack_sharing_enabled":true,"_links":{"self":[{"href":"https:\/\/whisky.ad\/ca\/wp-json\/wp\/v2\/product\/78697","targetHints":{"allow":["GET"]}}],"collection":[{"href":"https:\/\/whisky.ad\/ca\/wp-json\/wp\/v2\/product"}],"about":[{"href":"https:\/\/whisky.ad\/ca\/wp-json\/wp\/v2\/types\/product"}],"replies":[{"embeddable":true,"href":"https:\/\/whisky.ad\/ca\/wp-json\/wp\/v2\/comments?post=78697"}],"wp:featuredmedia":[{"embeddable":true,"href":"https:\/\/whisky.ad\/ca\/wp-json\/wp\/v2\/media\/77529"}],"wp:attachment":[{"href":"https:\/\/whisky.ad\/ca\/wp-json\/wp\/v2\/media?parent=78697"}],"wp:term":[{"taxonomy":"product_brand","embeddable":true,"href":"https:\/\/whisky.ad\/ca\/wp-json\/wp\/v2\/product_brand?post=78697"},{"taxonomy":"product_cat","embeddable":true,"href":"https:\/\/whisky.ad\/ca\/wp-json\/wp\/v2\/product_cat?post=78697"},{"taxonomy":"product_tag","embeddable":true,"href":"https:\/\/whisky.ad\/ca\/wp-json\/wp\/v2\/product_tag?post=78697"}],"curies":[{"name":"wp","href":"https:\/\/api.w.org\/{rel}","templated":true}]}}