{"id":78694,"date":"2023-11-18T11:36:13","date_gmt":"2023-11-18T10:36:13","guid":{"rendered":"https:\/\/whisky.ad\/product\/glen-kirk-8yo-speyside-single-malt-whiskytomintoul-07l-40\/"},"modified":"2023-12-09T17:30:35","modified_gmt":"2023-12-09T16:30:35","slug":"glen-kirk-8yo-speyside-single-malt-whiskytomintoul-07l-40","status":"publish","type":"product","link":"https:\/\/whisky.ad\/ca\/producte\/glen-kirk-8yo-speyside-single-malt-whiskytomintoul-07l-40\/","title":{"rendered":"Glen Kirk 8yo Speyside Single Malt Whisky(Tomintoul) 0,7l 40%"},"content":{"rendered":"","protected":false},"excerpt":{"rendered":"<div class=\"flex flex-grow flex-col max-w-full\">\n<div class=\"min-h-[20px] text-message flex flex-col items-start gap-3 whitespace-pre-wrap break-words [.text-message+&amp;]:mt-5 overflow-x-auto\" data-message-author-role=\"assistant\" data-message-id=\"80281773-10f1-4d37-854e-bc98f93f000b\">\n<div class=\"markdown prose w-full break-words dark:prose-invert dark\">\n<p><strong>Glen Kirk 8yo Speyside Single Malt Whisky(Tomintoul) 0,7l 40%<\/strong><\/p>\n<p>Glen Kirk troba els seus or\u00edgens i embotellament a Tomintoul, enclavat a Speyside, una regi\u00f3 venerada de les Highlands, a nom\u00e9s 17 quil\u00f2metres del castell de Balmoral. Speyside \u00e9s el principal centre d&#8217;Esc\u00f2cia per elaborar els single malts m\u00e9s exquisits, lloats pels seus sabors complexos i el seu calibre excepcional. El terme &#8220;Kirk&#8221;, derivat dels or\u00edgens anglesos i escocesos, es tradueix com a &#8220;esgl\u00e9sia&#8221;. A tota Esc\u00f2cia, nombroses ciutats i pobles adopten &#8220;Kirk&#8221; en els seus noms per significar la pres\u00e8ncia d&#8217;una esgl\u00e9sia local. El whisky porta amb orgull el nom de Kirk, que mant\u00e9 la tradici\u00f3 antiga d&#8217;Esc\u00f2cia. Aquesta expressi\u00f3 particular, el Glen Kirk 8 Years Old Single Malt Scotch Whisky, madura durant vuit anys en b\u00f3tes ex-bourbon, un testimoni de la seva artesania i desenvolupament del seu sabor. <\/p>\n<div class=\"flex flex-grow flex-col max-w-full\">\n<div class=\"min-h-[20px] text-message flex flex-col items-start gap-3 whitespace-pre-wrap break-words [.text-message+&amp;]:mt-5 overflow-x-auto\" data-message-author-role=\"assistant\" data-message-id=\"962bea86-388e-4161-bb83-5e6116d69f94\">\n<div class=\"markdown prose w-full break-words dark:prose-invert dark\">\n<p>Nas: una frag\u00e0ncia vibrant i herbosa entrella\u00e7ada amb abundants notes d&#8217;ordi. Boca: vigoritzant i fresc, que ofereix una riquesa d&#8217;ordi intensa i deliciosa des del primer moment. Final: un toc d&#8217;esp\u00e8cies acompanyat de subtils tons de roure. Comentari: refrescant i senzill, que mostra una frescor atractiva.<\/p>\n<\/div>\n<\/div>\n<\/div>\n<div class=\"mt-1 flex justify-start gap-3 empty:hidden\">\n<div class=\"text-gray-400 flex self-end lg:self-center justify-center lg:justify-start mt-0 gap-1 visible\"><\/div>\n<\/div>\n<\/div>\n<\/div>\n<\/div>\n","protected":false},"featured_media":77682,"comment_status":"open","ping_status":"closed","template":"","meta":{"_acf_changed":false},"product_brand":[],"product_cat":[315,428],"product_tag":[],"class_list":{"0":"post-78694","1":"product","2":"type-product","3":"status-publish","4":"has-post-thumbnail","6":"product_cat-escocia","7":"product_cat-glenkirk-ca","9":"first","10":"instock","11":"taxable","12":"shipping-taxable","13":"purchasable","14":"product-type-simple"},"acf":[],"aioseo_notices":[],"jetpack_sharing_enabled":true,"_links":{"self":[{"href":"https:\/\/whisky.ad\/ca\/wp-json\/wp\/v2\/product\/78694","targetHints":{"allow":["GET"]}}],"collection":[{"href":"https:\/\/whisky.ad\/ca\/wp-json\/wp\/v2\/product"}],"about":[{"href":"https:\/\/whisky.ad\/ca\/wp-json\/wp\/v2\/types\/product"}],"replies":[{"embeddable":true,"href":"https:\/\/whisky.ad\/ca\/wp-json\/wp\/v2\/comments?post=78694"}],"wp:featuredmedia":[{"embeddable":true,"href":"https:\/\/whisky.ad\/ca\/wp-json\/wp\/v2\/media\/77682"}],"wp:attachment":[{"href":"https:\/\/whisky.ad\/ca\/wp-json\/wp\/v2\/media?parent=78694"}],"wp:term":[{"taxonomy":"product_brand","embeddable":true,"href":"https:\/\/whisky.ad\/ca\/wp-json\/wp\/v2\/product_brand?post=78694"},{"taxonomy":"product_cat","embeddable":true,"href":"https:\/\/whisky.ad\/ca\/wp-json\/wp\/v2\/product_cat?post=78694"},{"taxonomy":"product_tag","embeddable":true,"href":"https:\/\/whisky.ad\/ca\/wp-json\/wp\/v2\/product_tag?post=78694"}],"curies":[{"name":"wp","href":"https:\/\/api.w.org\/{rel}","templated":true}]}}