{"id":78691,"date":"2023-11-18T11:37:10","date_gmt":"2023-11-18T10:37:10","guid":{"rendered":"https:\/\/whisky.ad\/product\/glen-kirk-12yo-speyside-single-malt-whisky-tomintoul-07l-40\/"},"modified":"2023-12-09T17:22:08","modified_gmt":"2023-12-09T16:22:08","slug":"glen-kirk-12yo-speyside-single-malt-whisky-tomintoul-07l-40","status":"publish","type":"product","link":"https:\/\/whisky.ad\/ca\/producte\/glen-kirk-12yo-speyside-single-malt-whisky-tomintoul-07l-40\/","title":{"rendered":"Glen Kirk 12yo Speyside Single Malt Whisky (Tomintoul) 0,7l 40%"},"content":{"rendered":"","protected":false},"excerpt":{"rendered":"<div class=\"flex flex-grow flex-col max-w-full\">\n<div class=\"min-h-[20px] text-message flex flex-col items-start gap-3 whitespace-pre-wrap break-words [.text-message+&amp;]:mt-5 overflow-x-auto\" data-message-author-role=\"assistant\" data-message-id=\"42ada959-e25b-4ef6-816d-fadd2fa98aec\">\n<div class=\"markdown prose w-full break-words dark:prose-invert dark\">\n<p><strong>Glen Kirk Speyside 12YO Single Malt (Tomintoul) 0.7L. 40%<\/strong><\/p>\n<p>Glen Kirk, provinent de la destil\u00b7leria Tomintoul, situat a Speyside dins de les venerades Highlands, a nom\u00e9s 17 quil\u00f2metres del castell de Balmoral, encarna l&#8217;ess\u00e8ncia de la tradici\u00f3 escocesa. Speyside, conegut com el cim d&#8217;Esc\u00f2cia per a l&#8217;elaboraci\u00f3 de single malts excepcionals, compta amb sabors complexos i una qualitat inigualable. El nom &#8220;Kirk&#8221;, derivat de les arrels angleses i escoceses, significa &#8220;esgl\u00e9sia&#8221;. A tota Esc\u00f2cia, el terme &#8220;Kirk&#8221; \u00e9s emblem\u00e0tic de les localitats amb una esgl\u00e9sia estimada. Aquest whisky, que porta el nom de Kirk, fa honor a l&#8217;her\u00e8ncia d&#8217;Esc\u00f2cia. El Glen Kirk 12 Years Old Single Malt Scotch Whisky madura durant m\u00e9s d&#8217;una d\u00e8cada en b\u00f3tes ex-bourbon, desenvolupant un car\u00e0cter ric. Perfil de tast: <\/p>\n<ul>\n<li>Color: Ambre.<\/li>\n<li>Nas: Esclatant amb intensos aromes de fruites com peres i taronges, entrella\u00e7ats amb tocs de vainilla i roure.<\/li>\n<li>Sabor: una simfonia d&#8217;esp\u00e8cies, roure, mel, vainilla i fruita.<\/li>\n<li>Final: una culminaci\u00f3 persistent, dol\u00e7a i picant que perdura.<\/li>\n<\/ul>\n<\/div>\n<\/div>\n<\/div>\n","protected":false},"featured_media":77685,"comment_status":"open","ping_status":"closed","template":"","meta":{"_acf_changed":false},"product_brand":[],"product_cat":[315,428],"product_tag":[],"class_list":{"0":"post-78691","1":"product","2":"type-product","3":"status-publish","4":"has-post-thumbnail","6":"product_cat-escocia","7":"product_cat-glenkirk-ca","9":"first","10":"outofstock","11":"taxable","12":"shipping-taxable","13":"purchasable","14":"product-type-simple"},"acf":[],"aioseo_notices":[],"jetpack_sharing_enabled":true,"_links":{"self":[{"href":"https:\/\/whisky.ad\/ca\/wp-json\/wp\/v2\/product\/78691","targetHints":{"allow":["GET"]}}],"collection":[{"href":"https:\/\/whisky.ad\/ca\/wp-json\/wp\/v2\/product"}],"about":[{"href":"https:\/\/whisky.ad\/ca\/wp-json\/wp\/v2\/types\/product"}],"replies":[{"embeddable":true,"href":"https:\/\/whisky.ad\/ca\/wp-json\/wp\/v2\/comments?post=78691"}],"wp:featuredmedia":[{"embeddable":true,"href":"https:\/\/whisky.ad\/ca\/wp-json\/wp\/v2\/media\/77685"}],"wp:attachment":[{"href":"https:\/\/whisky.ad\/ca\/wp-json\/wp\/v2\/media?parent=78691"}],"wp:term":[{"taxonomy":"product_brand","embeddable":true,"href":"https:\/\/whisky.ad\/ca\/wp-json\/wp\/v2\/product_brand?post=78691"},{"taxonomy":"product_cat","embeddable":true,"href":"https:\/\/whisky.ad\/ca\/wp-json\/wp\/v2\/product_cat?post=78691"},{"taxonomy":"product_tag","embeddable":true,"href":"https:\/\/whisky.ad\/ca\/wp-json\/wp\/v2\/product_tag?post=78691"}],"curies":[{"name":"wp","href":"https:\/\/api.w.org\/{rel}","templated":true}]}}