{"id":78684,"date":"2023-08-28T14:08:49","date_gmt":"2023-08-28T13:08:49","guid":{"rendered":"https:\/\/whisky.ad\/product\/gammel-dansk-bitter-0-7l-38\/"},"modified":"2023-08-28T14:08:49","modified_gmt":"2023-08-28T13:08:49","slug":"gammel-dansk-bitter-0-7l-38","status":"publish","type":"product","link":"https:\/\/whisky.ad\/ca\/producte\/gammel-dansk-bitter-0-7l-38\/","title":{"rendered":"Gammel Dansk Bitter 0.7l 38%"},"content":{"rendered":"","protected":false},"excerpt":{"rendered":"<p>Debutant als taulells de comerciants el 1964, l&#8217;atemporal &#8220;Gammel Dansk&#8221; Bitter Dram s&#8217;ha mantingut fermament fidel al seu sabor i presentaci\u00f3 originals. Preservant el seu llegat, el distint sabor amarg \u00e9s el resultat d&#8217;una barreja enginyosa utilitzant una selecci\u00f3 de 29 esp\u00e8cies i herbes diverses d&#8217;origen mundial, que van des de l&#8217;arrel d&#8217;ang\u00e8lica, nou moscada, an\u00eds, gingebre fins a baies de grosella. Tot i que les contribucions individuals d&#8217;aquests ingredients poden no ser directament perceptibles, l&#8217;abs\u00e8ncia d&#8217;una sola esp\u00e8cia segurament es notaria r\u00e0pidament. L&#8217;experi\u00e8ncia general es caracteritza per un amargor gratificant, que culmina amb un final especiat robust i durador. La tonalitat d&#8217;aquest cop transpira un to de coure c\u00e0lid.    <\/p>\n","protected":false},"featured_media":77292,"comment_status":"open","ping_status":"closed","template":"","meta":{"_acf_changed":false},"product_brand":[],"product_cat":[350,412,349],"product_tag":[],"class_list":{"0":"post-78684","1":"product","2":"type-product","3":"status-publish","4":"has-post-thumbnail","6":"product_cat-aquavit-ca","7":"product_cat-bitter-ca","8":"product_cat-begudes-alcoholiques-ca","10":"first","11":"instock","12":"taxable","13":"shipping-taxable","14":"purchasable","15":"product-type-simple"},"acf":[],"aioseo_notices":[],"jetpack_sharing_enabled":true,"_links":{"self":[{"href":"https:\/\/whisky.ad\/ca\/wp-json\/wp\/v2\/product\/78684","targetHints":{"allow":["GET"]}}],"collection":[{"href":"https:\/\/whisky.ad\/ca\/wp-json\/wp\/v2\/product"}],"about":[{"href":"https:\/\/whisky.ad\/ca\/wp-json\/wp\/v2\/types\/product"}],"replies":[{"embeddable":true,"href":"https:\/\/whisky.ad\/ca\/wp-json\/wp\/v2\/comments?post=78684"}],"wp:featuredmedia":[{"embeddable":true,"href":"https:\/\/whisky.ad\/ca\/wp-json\/wp\/v2\/media\/77292"}],"wp:attachment":[{"href":"https:\/\/whisky.ad\/ca\/wp-json\/wp\/v2\/media?parent=78684"}],"wp:term":[{"taxonomy":"product_brand","embeddable":true,"href":"https:\/\/whisky.ad\/ca\/wp-json\/wp\/v2\/product_brand?post=78684"},{"taxonomy":"product_cat","embeddable":true,"href":"https:\/\/whisky.ad\/ca\/wp-json\/wp\/v2\/product_cat?post=78684"},{"taxonomy":"product_tag","embeddable":true,"href":"https:\/\/whisky.ad\/ca\/wp-json\/wp\/v2\/product_tag?post=78684"}],"curies":[{"name":"wp","href":"https:\/\/api.w.org\/{rel}","templated":true}]}}