{"id":78681,"date":"2023-08-29T12:54:11","date_gmt":"2023-08-29T11:54:11","guid":{"rendered":"https:\/\/whisky.ad\/product\/fontgalant-french-brandy-0-7l-40\/"},"modified":"2023-08-29T12:54:11","modified_gmt":"2023-08-29T11:54:11","slug":"fontgalant-french-brandy-0-7l-40","status":"publish","type":"product","link":"https:\/\/whisky.ad\/ca\/producte\/fontgalant-french-brandy-0-7l-40\/","title":{"rendered":"Fontgalant French Brandy 0.7L. 40%"},"content":{"rendered":"","protected":false},"excerpt":{"rendered":"<p>Captivador to ambre. Dins de la seva aroma, es pot discernir una interacci\u00f3 harm\u00f2nica de matisos afruitats, florals i notablement madurats en b\u00f3ta. Al paladar, experimenta un tancament prolongat i vigoritzant acompanyat d&#8217;un perfil de sabor exquisit i refinat que traspua sofisticaci\u00f3. Preu molt bo per a un Brandy de qualitat francesa.<\/p>\n","protected":false},"featured_media":77460,"comment_status":"open","ping_status":"closed","template":"","meta":{"_acf_changed":false},"product_brand":[],"product_cat":[344,349],"product_tag":[],"class_list":{"0":"post-78681","1":"product","2":"type-product","3":"status-publish","4":"has-post-thumbnail","6":"product_cat-cognac-armagnac-brandy-ca-2","7":"product_cat-begudes-alcoholiques-ca","9":"first","10":"instock","11":"taxable","12":"shipping-taxable","13":"purchasable","14":"product-type-simple"},"acf":[],"aioseo_notices":[],"jetpack_sharing_enabled":true,"_links":{"self":[{"href":"https:\/\/whisky.ad\/ca\/wp-json\/wp\/v2\/product\/78681","targetHints":{"allow":["GET"]}}],"collection":[{"href":"https:\/\/whisky.ad\/ca\/wp-json\/wp\/v2\/product"}],"about":[{"href":"https:\/\/whisky.ad\/ca\/wp-json\/wp\/v2\/types\/product"}],"replies":[{"embeddable":true,"href":"https:\/\/whisky.ad\/ca\/wp-json\/wp\/v2\/comments?post=78681"}],"wp:featuredmedia":[{"embeddable":true,"href":"https:\/\/whisky.ad\/ca\/wp-json\/wp\/v2\/media\/77460"}],"wp:attachment":[{"href":"https:\/\/whisky.ad\/ca\/wp-json\/wp\/v2\/media?parent=78681"}],"wp:term":[{"taxonomy":"product_brand","embeddable":true,"href":"https:\/\/whisky.ad\/ca\/wp-json\/wp\/v2\/product_brand?post=78681"},{"taxonomy":"product_cat","embeddable":true,"href":"https:\/\/whisky.ad\/ca\/wp-json\/wp\/v2\/product_cat?post=78681"},{"taxonomy":"product_tag","embeddable":true,"href":"https:\/\/whisky.ad\/ca\/wp-json\/wp\/v2\/product_tag?post=78681"}],"curies":[{"name":"wp","href":"https:\/\/api.w.org\/{rel}","templated":true}]}}