{"id":78678,"date":"2023-08-28T10:20:44","date_gmt":"2023-08-28T09:20:44","guid":{"rendered":"https:\/\/whisky.ad\/product\/eagle-rare-10yo-45-0-7l\/"},"modified":"2023-08-28T10:20:44","modified_gmt":"2023-08-28T09:20:44","slug":"eagle-rare-10yo-45-0-7l","status":"publish","type":"product","link":"https:\/\/whisky.ad\/ca\/producte\/eagle-rare-10yo-45-0-7l\/","title":{"rendered":"Eagle Rare 10yo 45% 0.7l"},"content":{"rendered":"","protected":false},"excerpt":{"rendered":"<div class=\"bourbon-wrapper\"><\/div>\n<p><strong>Eagle Rare 10 Year<\/strong> <strong>Kentucky Straight Bourbon Whiskey<\/strong> Eagle Rare Kentucky Straight Bourbon Whiskey repr\u00e9sente le summum de l&#8217;artisanat, m\u00e9ticuleusement fa\u00e7onn\u00e9 et vieilli pendant au moins dix ans. La raret\u00e9 de cette vari\u00e9t\u00e9 exceptionnelle de bourbon se r\u00e9v\u00e8le dans la complexit\u00e9 de son ar\u00f4me, ainsi que dans sa saveur douce et durable. Eagle Rare est \u00e0 la hauteur de son nom, offrant une aventure gustative sublime et incomparable.<\/p>\n<p><strong>Notes de d\u00e9gustation<\/strong><\/p>\n<p><strong>Nez :<\/strong> Une tapisserie de senteurs complexes, dont le caramel, de d\u00e9licates touches d&#8217;\u00e9corce d&#8217;orange, des nuances d&#8217;herbes, du miel, du cuir et l&#8217;\u00e9treinte subtile du ch\u00eane. <strong>Bouche :<\/strong> Des saveurs affirm\u00e9es et robustes : Des saveurs affirm\u00e9es et robustes avec une s\u00e9cheresse prononc\u00e9e, caract\u00e9ris\u00e9es par la pr\u00e9sence d&#8217;amandes confites et de notes de cacao profond\u00e9ment indulgentes. <strong>Finale :<\/strong> Une finale s\u00e8che et persistante qui persiste et laisse une impression durable.<\/p>\n","protected":false},"featured_media":77244,"comment_status":"open","ping_status":"closed","template":"","meta":{"_acf_changed":false},"product_brand":[],"product_cat":[379],"product_tag":[],"class_list":{"0":"post-78678","1":"product","2":"type-product","3":"status-publish","4":"has-post-thumbnail","6":"product_cat-kentucky-ca","8":"first","9":"instock","10":"taxable","11":"shipping-taxable","12":"purchasable","13":"product-type-simple"},"acf":[],"aioseo_notices":[],"jetpack_sharing_enabled":true,"_links":{"self":[{"href":"https:\/\/whisky.ad\/ca\/wp-json\/wp\/v2\/product\/78678","targetHints":{"allow":["GET"]}}],"collection":[{"href":"https:\/\/whisky.ad\/ca\/wp-json\/wp\/v2\/product"}],"about":[{"href":"https:\/\/whisky.ad\/ca\/wp-json\/wp\/v2\/types\/product"}],"replies":[{"embeddable":true,"href":"https:\/\/whisky.ad\/ca\/wp-json\/wp\/v2\/comments?post=78678"}],"wp:featuredmedia":[{"embeddable":true,"href":"https:\/\/whisky.ad\/ca\/wp-json\/wp\/v2\/media\/77244"}],"wp:attachment":[{"href":"https:\/\/whisky.ad\/ca\/wp-json\/wp\/v2\/media?parent=78678"}],"wp:term":[{"taxonomy":"product_brand","embeddable":true,"href":"https:\/\/whisky.ad\/ca\/wp-json\/wp\/v2\/product_brand?post=78678"},{"taxonomy":"product_cat","embeddable":true,"href":"https:\/\/whisky.ad\/ca\/wp-json\/wp\/v2\/product_cat?post=78678"},{"taxonomy":"product_tag","embeddable":true,"href":"https:\/\/whisky.ad\/ca\/wp-json\/wp\/v2\/product_tag?post=78678"}],"curies":[{"name":"wp","href":"https:\/\/api.w.org\/{rel}","templated":true}]}}