{"id":78675,"date":"2023-08-28T10:18:55","date_gmt":"2023-08-28T09:18:55","guid":{"rendered":"https:\/\/whisky.ad\/product\/e-h-taylor-small-batch-50-0-75l\/"},"modified":"2023-08-28T10:18:55","modified_gmt":"2023-08-28T09:18:55","slug":"e-h-taylor-small-batch-50-0-75l","status":"publish","type":"product","link":"https:\/\/whisky.ad\/ca\/producte\/e-h-taylor-small-batch-50-0-75l\/","title":{"rendered":"E.H. Taylor Small Batch 50% 0.75l"},"content":{"rendered":"","protected":false},"excerpt":{"rendered":"<p>La col\u00b7lecci\u00f3 E.H. Taylor, Jr. Collection presenta una oferta remarquable: Le Kentucky Straight Bourbon Whisky sota la forma de E.H. Taylor, Jr. Lot petit. Considerat com un pioner en el domini del bourbon, el coronel Edmund Haynes Taylor, Jr. \u00e9s l&#8217;origen d&#8217;un patrimoni durador. Son engagement envers l&#8217;artisanat s&#8217;est manifestat peu despr\u00e9s de la fin de la guerra civil, quan a l&#8217;adquisici\u00f3 de la distillerie O.F.C. Destil\u00b7leria. C&#8217;est l\u00e0 qu&#8217;il a mis au point des m\u00e9thodologies novatrices, des techniques qui perdurent dans la pratique contemporaine. Fabriqu\u00e9 m\u00e9ticuleusement \u00e0 la main, ce Small Batch Bourbon Whisky m\u00fbrit dans des entrep\u00f4ts centenaires, con\u00e7us et construits par nul autre qu&#8217;E.H. Taylor, Jr. Cada cop fet l&#8217;objecte d&#8217;una avaluaci\u00f3 i una conservaci\u00f3 approfondies, aboutissant a una fusi\u00f3 harmoniosa de caracter\u00edstiques diferents sense equivalent. Veritable bourbon \u00e0 siroter, cette cr\u00e9ation rend hommage \u00e0 l&#8217;h\u00e9ritage r\u00e9solu d&#8217;E.H. Taylor, Jr. i resta in\u00e8branlable en la seva devoci\u00f3 a una qualitat sense comprom\u00eds.     <\/p>\n","protected":false},"featured_media":77259,"comment_status":"open","ping_status":"closed","template":"","meta":{"_acf_changed":false},"product_brand":[],"product_cat":[379],"product_tag":[],"class_list":{"0":"post-78675","1":"product","2":"type-product","3":"status-publish","4":"has-post-thumbnail","6":"product_cat-kentucky-ca","8":"first","9":"instock","10":"taxable","11":"shipping-taxable","12":"purchasable","13":"product-type-simple"},"acf":[],"aioseo_notices":[],"jetpack_sharing_enabled":true,"_links":{"self":[{"href":"https:\/\/whisky.ad\/ca\/wp-json\/wp\/v2\/product\/78675","targetHints":{"allow":["GET"]}}],"collection":[{"href":"https:\/\/whisky.ad\/ca\/wp-json\/wp\/v2\/product"}],"about":[{"href":"https:\/\/whisky.ad\/ca\/wp-json\/wp\/v2\/types\/product"}],"replies":[{"embeddable":true,"href":"https:\/\/whisky.ad\/ca\/wp-json\/wp\/v2\/comments?post=78675"}],"wp:featuredmedia":[{"embeddable":true,"href":"https:\/\/whisky.ad\/ca\/wp-json\/wp\/v2\/media\/77259"}],"wp:attachment":[{"href":"https:\/\/whisky.ad\/ca\/wp-json\/wp\/v2\/media?parent=78675"}],"wp:term":[{"taxonomy":"product_brand","embeddable":true,"href":"https:\/\/whisky.ad\/ca\/wp-json\/wp\/v2\/product_brand?post=78675"},{"taxonomy":"product_cat","embeddable":true,"href":"https:\/\/whisky.ad\/ca\/wp-json\/wp\/v2\/product_cat?post=78675"},{"taxonomy":"product_tag","embeddable":true,"href":"https:\/\/whisky.ad\/ca\/wp-json\/wp\/v2\/product_tag?post=78675"}],"curies":[{"name":"wp","href":"https:\/\/api.w.org\/{rel}","templated":true}]}}