{"id":78672,"date":"2023-07-29T18:30:31","date_gmt":"2023-07-29T17:30:31","guid":{"rendered":"https:\/\/whisky.ad\/product\/domaine-de-cassaigne-rouge-2019-075l-14\/"},"modified":"2024-01-11T16:53:12","modified_gmt":"2024-01-11T15:53:12","slug":"domaine-de-cassaigne-rouge-2019-075l-14","status":"publish","type":"product","link":"https:\/\/whisky.ad\/ca\/producte\/domaine-de-cassaigne-rouge-2019-075l-14\/","title":{"rendered":"Domaine de Cassaigne rouge 2019 0,75L.14%"},"content":{"rendered":"","protected":false},"excerpt":{"rendered":"<div class=\"flex flex-grow flex-col gap-3\">\n<div class=\"min-h-[20px] flex items-start overflow-x-auto whitespace-pre-wrap break-words flex-col gap-4\">\n<div class=\"markdown prose w-full break-words dark:prose-invert light\">\n<p>Descripci\u00f3 Un vi que ret homenatge als seus descendents: &#8220;Cor, ganes i noblesa&#8221; s\u00f3n els termes utilitzats per Henri Faget, l&#8217;actual propietari del Ch\u00e2teau de Cassaigne, per descriure aquest patrimoni excepcional. En aquest gran vi s&#8217;ajunten el cor de la gent, la gr\u00e0cia dels viticultors i la noblesa del terroir. TERROIR La vinya est\u00e0 situada en un altipl\u00e0, situada a les altures del poble de Cassaigne, joia hist\u00f2rica i tur\u00edstica de la regi\u00f3 del Gers, a nom\u00e9s 7 quil\u00f2metres de Condom. La propietat abasta 28 hect\u00e0rees al voltant del castell, inclosa una zona excepcional de 12 hect\u00e0rees amb pedra calc\u00e0ria a la vista, especialment adequada per produir vins negres excepcionals. TAST Presenta un preci\u00f3s color porpra profund. El nas revela aromes complexes de fruits negres, canyella i vainilla. En boca, el vi mostra persist\u00e8ncia amb notes especiades i tanins sedosos. MARIDATGE AMB VI Ideal amb filet de costell, tournedos d&#8217;\u00e0nec amb ceps i costelles de xai a la brasa.<\/p>\n<\/div>\n<\/div>\n<\/div>\n<div class=\"absolute bottom-0 left-0 w-full border-t md:border-t-0 dark:border-white\/20 md:border-transparent md:dark:border-transparent md:bg-vert-light-gradient bg-white dark:bg-gray-800 md:!bg-transparent dark:md:bg-vert-dark-gradient pt-2 md:pl-2 md:w-[calc(100%-.5rem)]\">\n<form class=\"stretch mx-2 flex flex-row gap-3 last:mb-2 md:mx-4 md:last:mb-6 lg:mx-auto lg:max-w-2xl xl:max-w-3xl\">\n<div class=\"relative flex h-full flex-1 items-stretch md:flex-col\" role=\"presentation\">\n<div>\n<div class=\"h-full flex ml-1 md:w-full md:m-auto md:mb-4 gap-0 md:gap-2 justify-center\">\n<div class=\"grow\"><\/div>\n<\/div>\n<\/div>\n<\/div>\n<\/form>\n<\/div>\n","protected":false},"featured_media":76941,"comment_status":"open","ping_status":"closed","template":"","meta":{"_acf_changed":false},"product_brand":[],"product_cat":[497,391],"product_tag":[],"class_list":{"0":"post-78672","1":"product","2":"type-product","3":"status-publish","4":"has-post-thumbnail","6":"product_cat-cotes-de-gascogne-ca","7":"product_cat-vins-ca","9":"first","10":"instock","11":"taxable","12":"shipping-taxable","13":"product-type-simple"},"acf":[],"aioseo_notices":[],"jetpack_sharing_enabled":true,"_links":{"self":[{"href":"https:\/\/whisky.ad\/ca\/wp-json\/wp\/v2\/product\/78672","targetHints":{"allow":["GET"]}}],"collection":[{"href":"https:\/\/whisky.ad\/ca\/wp-json\/wp\/v2\/product"}],"about":[{"href":"https:\/\/whisky.ad\/ca\/wp-json\/wp\/v2\/types\/product"}],"replies":[{"embeddable":true,"href":"https:\/\/whisky.ad\/ca\/wp-json\/wp\/v2\/comments?post=78672"}],"wp:featuredmedia":[{"embeddable":true,"href":"https:\/\/whisky.ad\/ca\/wp-json\/wp\/v2\/media\/76941"}],"wp:attachment":[{"href":"https:\/\/whisky.ad\/ca\/wp-json\/wp\/v2\/media?parent=78672"}],"wp:term":[{"taxonomy":"product_brand","embeddable":true,"href":"https:\/\/whisky.ad\/ca\/wp-json\/wp\/v2\/product_brand?post=78672"},{"taxonomy":"product_cat","embeddable":true,"href":"https:\/\/whisky.ad\/ca\/wp-json\/wp\/v2\/product_cat?post=78672"},{"taxonomy":"product_tag","embeddable":true,"href":"https:\/\/whisky.ad\/ca\/wp-json\/wp\/v2\/product_tag?post=78672"}],"curies":[{"name":"wp","href":"https:\/\/api.w.org\/{rel}","templated":true}]}}