{"id":78668,"date":"2018-11-13T10:07:33","date_gmt":"2018-11-13T09:07:33","guid":{"rendered":"https:\/\/whisky.ad\/product\/crafters-distilled-original-gin-1l-40\/"},"modified":"2018-11-13T10:07:33","modified_gmt":"2018-11-13T09:07:33","slug":"crafters-distilled-original-gin-1l-40","status":"publish","type":"product","link":"https:\/\/whisky.ad\/ca\/producte\/crafters-distilled-original-gin-1l-40\/","title":{"rendered":"CRAFTER\u00b4S DISTILLED ORIGINAL GIN 1L. 40%"},"content":{"rendered":"","protected":false},"excerpt":{"rendered":"<div class=\"flex flex-grow flex-col gap-3 max-w-full\">\n<div class=\"min-h-[20px] flex flex-col items-start gap-3 overflow-x-auto whitespace-pre-wrap break-words\">\n<div class=\"markdown prose w-full break-words dark:prose-invert light\">\n<p>Amb un impressionant llegat de 80 anys en la destil\u00b7laci\u00f3 d&#8217;herbes, els mestres de Liviko posen la seva experi\u00e8ncia a l&#8217;avantguarda. Utilitzant el m\u00e8tode d&#8217;alambin, destil\u00b7len minuciosament una base de ginebra a partir d&#8217;esp\u00e8cies i aromes escollits amb cura, formant el nucli de la ginebra destil\u00b7lada original de Crafter. Elaborat amb esperit de gra de primera qualitat i aigua especialment tractada, aquest producte combina l&#8217;excel\u00b7l\u00e8ncia de baies de ginebre d&#8217;alta qualitat, gingebre, esp\u00e8cies variades i aromes naturals. Cada element \u00e9s d&#8217;origen natural, destacant el comprom\u00eds amb els ingredients purs. La interacci\u00f3 orquestrada de components actius dins d&#8217;aquests aromes curosament curats produeix una libaci\u00f3 harmoniosa, arom\u00e0tica i refrescant. L&#8217;enginyosa fusi\u00f3 d&#8217;aquests aromatitzants i esp\u00e8cies d\u00f3na com a resultat una barreja exquisida: la baia de ginebre dominant, el toc vigoritzant del gingebre i els elements matisats, divulgats nom\u00e9s als mestres destil\u00b7ladors, convergeixen per atorgar a Crafter&#8217;s Original Distilled Gin una ess\u00e8ncia \u00fanica i distintiva. <\/p>\n<\/div>\n<\/div>\n<\/div>\n","protected":false},"featured_media":77457,"comment_status":"open","ping_status":"closed","template":"","meta":{"_acf_changed":false},"product_brand":[],"product_cat":[415,349],"product_tag":[494],"class_list":{"0":"post-78668","1":"product","2":"type-product","3":"status-publish","4":"has-post-thumbnail","6":"product_cat-ginebra-ca","7":"product_cat-begudes-alcoholiques-ca","8":"product_tag-estonia-ca","10":"first","11":"instock","12":"taxable","13":"shipping-taxable","14":"purchasable","15":"product-type-simple"},"acf":[],"aioseo_notices":[],"jetpack_sharing_enabled":true,"_links":{"self":[{"href":"https:\/\/whisky.ad\/ca\/wp-json\/wp\/v2\/product\/78668","targetHints":{"allow":["GET"]}}],"collection":[{"href":"https:\/\/whisky.ad\/ca\/wp-json\/wp\/v2\/product"}],"about":[{"href":"https:\/\/whisky.ad\/ca\/wp-json\/wp\/v2\/types\/product"}],"replies":[{"embeddable":true,"href":"https:\/\/whisky.ad\/ca\/wp-json\/wp\/v2\/comments?post=78668"}],"wp:featuredmedia":[{"embeddable":true,"href":"https:\/\/whisky.ad\/ca\/wp-json\/wp\/v2\/media\/77457"}],"wp:attachment":[{"href":"https:\/\/whisky.ad\/ca\/wp-json\/wp\/v2\/media?parent=78668"}],"wp:term":[{"taxonomy":"product_brand","embeddable":true,"href":"https:\/\/whisky.ad\/ca\/wp-json\/wp\/v2\/product_brand?post=78668"},{"taxonomy":"product_cat","embeddable":true,"href":"https:\/\/whisky.ad\/ca\/wp-json\/wp\/v2\/product_cat?post=78668"},{"taxonomy":"product_tag","embeddable":true,"href":"https:\/\/whisky.ad\/ca\/wp-json\/wp\/v2\/product_tag?post=78668"}],"curies":[{"name":"wp","href":"https:\/\/api.w.org\/{rel}","templated":true}]}}