{"id":78663,"date":"2018-11-13T09:50:46","date_gmt":"2018-11-13T08:50:46","guid":{"rendered":"https:\/\/whisky.ad\/product\/crafters-aromatic-flower-gin-magic-colour-change-0-7l-443\/"},"modified":"2023-12-13T20:04:43","modified_gmt":"2023-12-13T19:04:43","slug":"crafters-aromatic-flower-gin-magic-colour-change-0-7l-443","status":"publish","type":"product","link":"https:\/\/whisky.ad\/ca\/producte\/crafters-aromatic-flower-gin-magic-colour-change-0-7l-443\/","title":{"rendered":"Crafter&#8217;s Aromatic Flower Gin . Magic Color Change! 0.7L.   44,3%"},"content":{"rendered":"","protected":false},"excerpt":{"rendered":"<p>Una de les millors ginebras del m\u00f3n. La ginebra de flors arom\u00e0tiques de Crafter \u00e9s una barreja \u00fanica de 12 bot\u00e0nics arom\u00e0tics seleccionats per experts i es destil\u00b7la amb coure per obtenir puresa i suavitat. Elaborat de manera exquisida amb flors de rosa mosqueta i dol\u00e7os de prats caracter\u00edstics de la costa estonia. Belles notes florals ballen juganeres a trav\u00e9s de la paleta de flors de sa\u00fcc, p\u00e8tals de rosa i esp\u00edgol, mentre que el yuzu ex\u00f2tic li d\u00f3na una profunditat real. La calor de la camamilla perdura com una nit d&#8217;estiu, mentre que la cruixent de les baies de ginebre recorda un hivern n\u00f2rdic gelat. quan combineu aquesta ginebra de color coure natural amb t\u00f2nic, experimentareu un bell canvi de color a un rosa delicat.     <\/p>\n","protected":false},"featured_media":77445,"comment_status":"open","ping_status":"closed","template":"","meta":{"_acf_changed":false},"product_brand":[],"product_cat":[415,349],"product_tag":[],"class_list":{"0":"post-78663","1":"product","2":"type-product","3":"status-publish","4":"has-post-thumbnail","6":"product_cat-ginebra-ca","7":"product_cat-begudes-alcoholiques-ca","9":"first","10":"instock","11":"taxable","12":"shipping-taxable","13":"purchasable","14":"product-type-simple"},"acf":[],"aioseo_notices":[],"jetpack_sharing_enabled":true,"_links":{"self":[{"href":"https:\/\/whisky.ad\/ca\/wp-json\/wp\/v2\/product\/78663","targetHints":{"allow":["GET"]}}],"collection":[{"href":"https:\/\/whisky.ad\/ca\/wp-json\/wp\/v2\/product"}],"about":[{"href":"https:\/\/whisky.ad\/ca\/wp-json\/wp\/v2\/types\/product"}],"replies":[{"embeddable":true,"href":"https:\/\/whisky.ad\/ca\/wp-json\/wp\/v2\/comments?post=78663"}],"wp:featuredmedia":[{"embeddable":true,"href":"https:\/\/whisky.ad\/ca\/wp-json\/wp\/v2\/media\/77445"}],"wp:attachment":[{"href":"https:\/\/whisky.ad\/ca\/wp-json\/wp\/v2\/media?parent=78663"}],"wp:term":[{"taxonomy":"product_brand","embeddable":true,"href":"https:\/\/whisky.ad\/ca\/wp-json\/wp\/v2\/product_brand?post=78663"},{"taxonomy":"product_cat","embeddable":true,"href":"https:\/\/whisky.ad\/ca\/wp-json\/wp\/v2\/product_cat?post=78663"},{"taxonomy":"product_tag","embeddable":true,"href":"https:\/\/whisky.ad\/ca\/wp-json\/wp\/v2\/product_tag?post=78663"}],"curies":[{"name":"wp","href":"https:\/\/api.w.org\/{rel}","templated":true}]}}