{"id":78659,"date":"2023-07-30T18:14:47","date_gmt":"2023-07-30T17:14:47","guid":{"rendered":"https:\/\/whisky.ad\/product\/corazon-single-estate-reposado-40-70cl\/"},"modified":"2024-01-08T12:35:41","modified_gmt":"2024-01-08T11:35:41","slug":"corazon-single-estate-reposado-40-70cl","status":"publish","type":"product","link":"https:\/\/whisky.ad\/ca\/producte\/corazon-single-estate-reposado-40-70cl\/","title":{"rendered":"Corazon Single Estate Reposado 40% 70cl"},"content":{"rendered":"<p>Aspecte: revela el seu car\u00e0cter en un delici\u00f3s to ambre clar. Aroma: experimenta la vibrant fusi\u00f3 de farigola fresca, herba verda i n\u00e8ctar d&#8217;atzavara que s&#8217;entremeclen amb gr\u00e0cia, creant un ram atractiu en aquest reposat. Sabor: El paladar est\u00e0 tractat amb una pres\u00e8ncia integral de tons terrosos, meravellosament recolzats per la suau ess\u00e8ncia de vainilla, ametlla marcona i una barreja d&#8217;herbes fresques. Impecablement arrodonit i refinat. ENVELLIMENT: Envellit amb cura durant 6-8 mesos en b\u00f3tes de roure americ\u00e0. Grau d&#8217;alcohol: 40% Alc\/vol (80 Proof) Al paladar, gaudiu d&#8217;una entrada suau i suau amb aromes de pralin\u00e9, farigola de llimona, pebrot a la planxa i bresca, desplegant-se en un cos oli\u00f3s de mig a ple. Les capes d&#8217;esp\u00e8cies marrons, vainilla i esp\u00e8cies ex\u00f2tiques enriqueixen encara m\u00e9s l&#8217;experi\u00e8ncia. El final perdura amb gr\u00e0cia amb una suau onada d&#8217;encenalls de coco, fruits secs especiats, caixa de cigars, pedres humides i pebre blanc. La maduraci\u00f3 del roure atorga una suavitat i una profunditat que abans nom\u00e9s recorden el millor cognac envellit i el whisky de malta. Elogis:<\/p>\n<ul>\n<li>2019 Los Angeles International Spirits Competition: Gold Medal<\/li>\n<li>2017 Ultimate Spirits Challenge: 95\/100 points, Extraordinary\/Ultimate Recommendation, Trophy Finalist, Great Value Award<\/li>\n<li>2016 World Drink Awards: Honored with the title of World&#8217;s Best Tequila<\/li>\n<\/ul>\n","protected":false},"excerpt":{"rendered":"<p>Aspecte: revela el seu car\u00e0cter en un delici\u00f3s to ambre clar. Aroma: experimenta la vibrant fusi\u00f3 de farigola fresca, herba verda i n\u00e8ctar d&#8217;atzavara que s&#8217;entremeclen amb gr\u00e0cia, creant un ram atractiu en aquest reposat. Sabor: El paladar est\u00e0 tractat amb una pres\u00e8ncia integral de tons terrosos, meravellosament recolzats per la suau ess\u00e8ncia de vainilla, [&hellip;]<\/p>\n","protected":false},"featured_media":76959,"comment_status":"open","ping_status":"closed","template":"","meta":{"_acf_changed":false},"product_brand":[],"product_cat":[422,349],"product_tag":[],"class_list":{"0":"post-78659","1":"product","2":"type-product","3":"status-publish","4":"has-post-thumbnail","6":"product_cat-tequila-ca","7":"product_cat-begudes-alcoholiques-ca","9":"first","10":"instock","11":"taxable","12":"shipping-taxable","13":"purchasable","14":"product-type-simple"},"acf":[],"aioseo_notices":[],"jetpack_sharing_enabled":true,"_links":{"self":[{"href":"https:\/\/whisky.ad\/ca\/wp-json\/wp\/v2\/product\/78659","targetHints":{"allow":["GET"]}}],"collection":[{"href":"https:\/\/whisky.ad\/ca\/wp-json\/wp\/v2\/product"}],"about":[{"href":"https:\/\/whisky.ad\/ca\/wp-json\/wp\/v2\/types\/product"}],"replies":[{"embeddable":true,"href":"https:\/\/whisky.ad\/ca\/wp-json\/wp\/v2\/comments?post=78659"}],"wp:featuredmedia":[{"embeddable":true,"href":"https:\/\/whisky.ad\/ca\/wp-json\/wp\/v2\/media\/76959"}],"wp:attachment":[{"href":"https:\/\/whisky.ad\/ca\/wp-json\/wp\/v2\/media?parent=78659"}],"wp:term":[{"taxonomy":"product_brand","embeddable":true,"href":"https:\/\/whisky.ad\/ca\/wp-json\/wp\/v2\/product_brand?post=78659"},{"taxonomy":"product_cat","embeddable":true,"href":"https:\/\/whisky.ad\/ca\/wp-json\/wp\/v2\/product_cat?post=78659"},{"taxonomy":"product_tag","embeddable":true,"href":"https:\/\/whisky.ad\/ca\/wp-json\/wp\/v2\/product_tag?post=78659"}],"curies":[{"name":"wp","href":"https:\/\/api.w.org\/{rel}","templated":true}]}}