{"id":78655,"date":"2023-07-30T18:17:40","date_gmt":"2023-07-30T17:17:40","guid":{"rendered":"https:\/\/whisky.ad\/product\/corazon-single-estate-blanco-40-0-7l\/"},"modified":"2024-01-08T12:36:25","modified_gmt":"2024-01-08T11:36:25","slug":"corazon-single-estate-blanco-40-0-7l","status":"publish","type":"product","link":"https:\/\/whisky.ad\/ca\/producte\/corazon-single-estate-blanco-40-0-7l\/","title":{"rendered":"Corazon Single Estate Blanco 40% 0.7L"},"content":{"rendered":"","protected":false},"excerpt":{"rendered":"<p>Tequila Coraz\u00f3n Blanco &#8211; un testimoni de l&#8217;art de la destil\u00b7laci\u00f3 i el refinament. Elaborat amb precisi\u00f3, el Tequila Coraz\u00f3n Blanco se sotmet a un minuci\u00f3s proc\u00e9s de doble destil\u00b7laci\u00f3, seguit d&#8217;una infusi\u00f3 d&#8217;oxigen abans d&#8217;arribar a l&#8217;ampolla. Es creu que aquesta t\u00e8cnica eleva els delicats aromes i sabors extrets de les plantes d&#8217;atzavara de 6-8 anys, cultivades i collides amb amor a les hist\u00f2riques finques de la regi\u00f3 de Los Altos a M\u00e8xic des de 1886. Transparente amb un subtil fos de n\u00edquel, aquest tequila atrau. els sentits amb un delicat ram de figues, mantega de cacau, olives i papaia. Una entrada suau i sedosa al paladar d\u00f3na pas amb gr\u00e0cia a un cos sec, mitj\u00e0 a ple, on els sabors ben integrats de fruita seca, pralin\u00e9, pebre i herbes mel\u00b7lades ballen harm\u00f2nicament. El final \u00e9s notablement llarg, dol\u00e7 i elegant, deixant una impressi\u00f3 duradora de suavitat i puresa excepcionals. AROMA: Prepareu-vos per deixar-vos captivar per les seductores olors de pinya al forn, jalape\u00f1o rostit i ratlladura de mandarina, que s&#8217;entrellacen per crear un tequila realment complex. GAST: El paladar est\u00e0 agraciat amb un to mineral iodat, acompanyat d&#8217;una textura cremosa que envolta la boca, culminant amb un final vigoritzant i especiat. ENVELLIMENT: sense envellir, assegurant que l&#8217;ess\u00e8ncia impecable de l&#8217;atzavara brilli. ALCOHOL: 40% Alc\/vol (80 Proof) Reconeixements:<\/p>\n<ul>\n<li>2019 Ultimate Spirits Challenge: 92\/100 Points, Excellent\/Highly Recommended<\/li>\n<li>2019 Los Angeles International Spirits Competition: Gold Medal, Best of Category<\/li>\n<li>2019 World Tequila Awards: Best Blanco<\/li>\n<\/ul>\n","protected":false},"featured_media":76350,"comment_status":"open","ping_status":"closed","template":"","meta":{"_acf_changed":false},"product_brand":[],"product_cat":[422,349],"product_tag":[],"class_list":{"0":"post-78655","1":"product","2":"type-product","3":"status-publish","4":"has-post-thumbnail","6":"product_cat-tequila-ca","7":"product_cat-begudes-alcoholiques-ca","9":"first","10":"instock","11":"taxable","12":"shipping-taxable","13":"purchasable","14":"product-type-simple"},"acf":[],"aioseo_notices":[],"jetpack_sharing_enabled":true,"_links":{"self":[{"href":"https:\/\/whisky.ad\/ca\/wp-json\/wp\/v2\/product\/78655","targetHints":{"allow":["GET"]}}],"collection":[{"href":"https:\/\/whisky.ad\/ca\/wp-json\/wp\/v2\/product"}],"about":[{"href":"https:\/\/whisky.ad\/ca\/wp-json\/wp\/v2\/types\/product"}],"replies":[{"embeddable":true,"href":"https:\/\/whisky.ad\/ca\/wp-json\/wp\/v2\/comments?post=78655"}],"wp:featuredmedia":[{"embeddable":true,"href":"https:\/\/whisky.ad\/ca\/wp-json\/wp\/v2\/media\/76350"}],"wp:attachment":[{"href":"https:\/\/whisky.ad\/ca\/wp-json\/wp\/v2\/media?parent=78655"}],"wp:term":[{"taxonomy":"product_brand","embeddable":true,"href":"https:\/\/whisky.ad\/ca\/wp-json\/wp\/v2\/product_brand?post=78655"},{"taxonomy":"product_cat","embeddable":true,"href":"https:\/\/whisky.ad\/ca\/wp-json\/wp\/v2\/product_cat?post=78655"},{"taxonomy":"product_tag","embeddable":true,"href":"https:\/\/whisky.ad\/ca\/wp-json\/wp\/v2\/product_tag?post=78655"}],"curies":[{"name":"wp","href":"https:\/\/api.w.org\/{rel}","templated":true}]}}