{"id":78651,"date":"2023-07-30T18:27:58","date_gmt":"2023-07-30T17:27:58","guid":{"rendered":"https:\/\/whisky.ad\/product\/corazon-single-estate-anejo-40-0-7l\/"},"modified":"2024-01-08T12:29:52","modified_gmt":"2024-01-08T11:29:52","slug":"corazon-single-estate-anejo-40-0-7l","status":"publish","type":"product","link":"https:\/\/whisky.ad\/ca\/producte\/corazon-single-estate-anejo-40-0-7l\/","title":{"rendered":"Corazon Single Estate Anejo 40% 0.7L"},"content":{"rendered":"","protected":false},"excerpt":{"rendered":"<div class=\"flex flex-grow flex-col gap-3\">\n<div class=\"min-h-[20px] flex items-start overflow-x-auto whitespace-pre-wrap break-words flex-col gap-4\">\n<div class=\"markdown prose w-full break-words dark:prose-invert light\">\n<p>Tequila Corazon A\u00f1ejo, una obra mestra envellida en b\u00f3tes de roure americ\u00e0. Amb paci\u00e8ncia durant 2 anys, aquest A\u00f1ejo absorbeix i captura amb delicadesa les ess\u00e8ncies naturals del roure, donant lloc a un esperit realment notable. El seu aspecte \u00e9s d&#8217;ambre daurat p\u00e0l\u00b7lid, deixant entreveure el viatge sensorial que vindr\u00e0. Al nas, rebeu els atractius aromes de la crema de coco mantega, el gelat de menta, el pa amb mel i les delicades esp\u00e8cies d&#8217;escabetx, tot molt entrella\u00e7at. L&#8217;entrada suau i setinada condueix a un cos sec i mig ple, amb accents intrigants de llimona, herbes i cacau. L&#8217;acabat \u00e9s arrodonit, potent i elegantment recorda a la crema anglesa. COLOR: un to ambre mitj\u00e0 captivador. AROMA: El nas es delecta amb una ess\u00e8ncia fresca i verda semblant a un bosc, elegantment complementada amb notes ben integrades d&#8217;una caixa d&#8217;esp\u00e8cies. GAST: Al paladar, experimenta un a\u00f1ejo lleuger, salat i arom\u00e0tic, on els sabors del tabac especiat, la molsa carbonitzada i el caf\u00e8 interaccionen amb gr\u00e0cia. Subtil per\u00f2 concentrat. ENVELLIMENT: Envellit minuciosament durant 16-18 mesos en b\u00f3tes de roure americ\u00e0. ALCOHOL: 40% Alc\/vol (80 Proof) Reconeixements: <\/p>\n<ul>\n<li>2019 Los Angeles International Spirits Competition: Gold Medal<\/li>\n<li>2018 Los Angeles International Spirits Competition: Gold Medal<\/li>\n<li>2016 World Drink Awards: Honored as the Best A\u00f1ejo Tequila<\/li>\n<\/ul>\n<\/div>\n<\/div>\n<\/div>\n","protected":false},"featured_media":76962,"comment_status":"open","ping_status":"closed","template":"","meta":{"_acf_changed":false},"product_brand":[],"product_cat":[396,422,349],"product_tag":[],"class_list":{"0":"post-78651","1":"product","2":"type-product","3":"status-publish","4":"has-post-thumbnail","6":"product_cat-destacat","7":"product_cat-tequila-ca","8":"product_cat-begudes-alcoholiques-ca","10":"first","11":"instock","12":"sale","13":"featured","14":"taxable","15":"shipping-taxable","16":"purchasable","17":"product-type-simple"},"acf":[],"aioseo_notices":[],"jetpack_sharing_enabled":true,"_links":{"self":[{"href":"https:\/\/whisky.ad\/ca\/wp-json\/wp\/v2\/product\/78651","targetHints":{"allow":["GET"]}}],"collection":[{"href":"https:\/\/whisky.ad\/ca\/wp-json\/wp\/v2\/product"}],"about":[{"href":"https:\/\/whisky.ad\/ca\/wp-json\/wp\/v2\/types\/product"}],"replies":[{"embeddable":true,"href":"https:\/\/whisky.ad\/ca\/wp-json\/wp\/v2\/comments?post=78651"}],"wp:featuredmedia":[{"embeddable":true,"href":"https:\/\/whisky.ad\/ca\/wp-json\/wp\/v2\/media\/76962"}],"wp:attachment":[{"href":"https:\/\/whisky.ad\/ca\/wp-json\/wp\/v2\/media?parent=78651"}],"wp:term":[{"taxonomy":"product_brand","embeddable":true,"href":"https:\/\/whisky.ad\/ca\/wp-json\/wp\/v2\/product_brand?post=78651"},{"taxonomy":"product_cat","embeddable":true,"href":"https:\/\/whisky.ad\/ca\/wp-json\/wp\/v2\/product_cat?post=78651"},{"taxonomy":"product_tag","embeddable":true,"href":"https:\/\/whisky.ad\/ca\/wp-json\/wp\/v2\/product_tag?post=78651"}],"curies":[{"name":"wp","href":"https:\/\/api.w.org\/{rel}","templated":true}]}}