{"id":78648,"date":"2023-08-29T14:51:29","date_gmt":"2023-08-29T13:51:29","guid":{"rendered":"https:\/\/whisky.ad\/product\/concorde-xo-french-brandy-0-7l-37\/"},"modified":"2023-08-29T14:51:29","modified_gmt":"2023-08-29T13:51:29","slug":"concorde-xo-french-brandy-0-7l-37","status":"publish","type":"product","link":"https:\/\/whisky.ad\/ca\/producte\/concorde-xo-french-brandy-0-7l-37\/","title":{"rendered":"Concorde XO French Brandy 0.7L. 37%"},"content":{"rendered":"","protected":false},"excerpt":{"rendered":"<p>Amb el seu to marr\u00f3 daurat i ambre, aquest whisky t\u00e9 un cos mitj\u00e0 i ple que reflecteix el seu envelliment madur. Despr\u00e8n una ess\u00e8ncia c\u00e0lida acompanyada de tons dol\u00e7os de fruita i delicades notes de cacau, tot recolzat per un picant satisfactori. <\/p>\n","protected":false},"featured_media":77466,"comment_status":"open","ping_status":"closed","template":"","meta":{"_acf_changed":false},"product_brand":[],"product_cat":[344,349],"product_tag":[],"class_list":{"0":"post-78648","1":"product","2":"type-product","3":"status-publish","4":"has-post-thumbnail","6":"product_cat-cognac-armagnac-brandy-ca-2","7":"product_cat-begudes-alcoholiques-ca","9":"first","10":"instock","11":"taxable","12":"shipping-taxable","13":"purchasable","14":"product-type-simple"},"acf":[],"aioseo_notices":[],"jetpack_sharing_enabled":true,"_links":{"self":[{"href":"https:\/\/whisky.ad\/ca\/wp-json\/wp\/v2\/product\/78648","targetHints":{"allow":["GET"]}}],"collection":[{"href":"https:\/\/whisky.ad\/ca\/wp-json\/wp\/v2\/product"}],"about":[{"href":"https:\/\/whisky.ad\/ca\/wp-json\/wp\/v2\/types\/product"}],"replies":[{"embeddable":true,"href":"https:\/\/whisky.ad\/ca\/wp-json\/wp\/v2\/comments?post=78648"}],"wp:featuredmedia":[{"embeddable":true,"href":"https:\/\/whisky.ad\/ca\/wp-json\/wp\/v2\/media\/77466"}],"wp:attachment":[{"href":"https:\/\/whisky.ad\/ca\/wp-json\/wp\/v2\/media?parent=78648"}],"wp:term":[{"taxonomy":"product_brand","embeddable":true,"href":"https:\/\/whisky.ad\/ca\/wp-json\/wp\/v2\/product_brand?post=78648"},{"taxonomy":"product_cat","embeddable":true,"href":"https:\/\/whisky.ad\/ca\/wp-json\/wp\/v2\/product_cat?post=78648"},{"taxonomy":"product_tag","embeddable":true,"href":"https:\/\/whisky.ad\/ca\/wp-json\/wp\/v2\/product_tag?post=78648"}],"curies":[{"name":"wp","href":"https:\/\/api.w.org\/{rel}","templated":true}]}}