{"id":78645,"date":"2023-08-04T17:22:32","date_gmt":"2023-08-04T16:22:32","guid":{"rendered":"https:\/\/whisky.ad\/product\/companero-grand-reserva-0-7l-40\/"},"modified":"2024-01-06T18:59:18","modified_gmt":"2024-01-06T17:59:18","slug":"companero-grand-reserva-0-7l-40","status":"publish","type":"product","link":"https:\/\/whisky.ad\/ca\/producte\/companero-grand-reserva-0-7l-40\/","title":{"rendered":"Compa\u00f1ero Grand Reserva Jamaican-Trinidadian Rum 0.7l 40%"},"content":{"rendered":"","protected":false},"excerpt":{"rendered":"<p>Campa\u00f1ero Gran Reserva \u00e9s un rom notable que exemplifica la millor artesania i dedicaci\u00f3 a la qualitat. Procedent dels exuberants camps de canya de sucre del Carib, aquest exquisit esperit \u00e9s el resultat d&#8217;un minuci\u00f3s proc\u00e9s d&#8217;envelliment en b\u00f3tes de roure, que confereix sabors rics i complexos al producte final. Amb cada glop, rebr\u00e0s una textura suau i vellutata, acompanyada de delicioses notes de caramel, vainilla i fruites tropicals. El seu to ambre profund deixa entreveure la profunditat del car\u00e0cter interior, el que el converteix en una del\u00edcia tant per als coneixedors del rom com per als nouvinguts. Tant si es gaudeix net, a les roques o com a part del teu c\u00f2ctel preferit, Campa\u00f1ero Gran Reserva promet una experi\u00e8ncia inoblidable que et transportar\u00e0 a les costes assolellades del Carib. Compa\u00f1ero Grand Reserva \u00e9s un rom que delecta els sentits amb les seves riques i diverses notes de tast. Al primer glop, ets rebut amb una textura suau i vellutada que llisca sense esfor\u00e7 pel paladar. L&#8217;aroma inicial ofereix un atractiu bouquet de caramel i toffee, deixant entreveure la dol\u00e7or indulgent que vindr\u00e0. A mesura que es desenvolupen els sabors, el rom revela la seva naturalesa complexa amb una simfonia de vainilla, roure i fruites tropicals, creant un equilibri perfecte de dol\u00e7or i profunditat. Al paladar mitj\u00e0, hi ha una deliciosa interacci\u00f3 d&#8217;esp\u00e8cies, com ara canyella i nou moscada, que afegeixen una sensaci\u00f3 d&#8217;escalfament i reconfortant. Aquestes notes es barregen de manera experta, assegurant un perfil de gust ben arrodonit i sofisticat. El final \u00e9s de llarga durada i memorable, deixant una impressi\u00f3 duradora de roure torrat i un toc subtil de fruits secs.    <\/p>\n","protected":false},"featured_media":76998,"comment_status":"open","ping_status":"closed","template":"","meta":{"_acf_changed":false},"product_brand":[],"product_cat":[386,408,370],"product_tag":[],"class_list":{"0":"post-78645","1":"product","2":"type-product","3":"status-publish","4":"has-post-thumbnail","6":"product_cat-jamaica-ca","7":"product_cat-trinidad-ca","8":"product_cat-ron-ca","10":"first","11":"instock","12":"taxable","13":"shipping-taxable","14":"purchasable","15":"product-type-simple"},"acf":[],"aioseo_notices":[],"jetpack_sharing_enabled":true,"_links":{"self":[{"href":"https:\/\/whisky.ad\/ca\/wp-json\/wp\/v2\/product\/78645","targetHints":{"allow":["GET"]}}],"collection":[{"href":"https:\/\/whisky.ad\/ca\/wp-json\/wp\/v2\/product"}],"about":[{"href":"https:\/\/whisky.ad\/ca\/wp-json\/wp\/v2\/types\/product"}],"replies":[{"embeddable":true,"href":"https:\/\/whisky.ad\/ca\/wp-json\/wp\/v2\/comments?post=78645"}],"wp:featuredmedia":[{"embeddable":true,"href":"https:\/\/whisky.ad\/ca\/wp-json\/wp\/v2\/media\/76998"}],"wp:attachment":[{"href":"https:\/\/whisky.ad\/ca\/wp-json\/wp\/v2\/media?parent=78645"}],"wp:term":[{"taxonomy":"product_brand","embeddable":true,"href":"https:\/\/whisky.ad\/ca\/wp-json\/wp\/v2\/product_brand?post=78645"},{"taxonomy":"product_cat","embeddable":true,"href":"https:\/\/whisky.ad\/ca\/wp-json\/wp\/v2\/product_cat?post=78645"},{"taxonomy":"product_tag","embeddable":true,"href":"https:\/\/whisky.ad\/ca\/wp-json\/wp\/v2\/product_tag?post=78645"}],"curies":[{"name":"wp","href":"https:\/\/api.w.org\/{rel}","templated":true}]}}