{"id":78642,"date":"2023-08-28T17:04:21","date_gmt":"2023-08-28T16:04:21","guid":{"rendered":"https:\/\/whisky.ad\/product\/cognac-jules-gautret-xo-swan-0-7l-40\/"},"modified":"2023-08-28T17:04:21","modified_gmt":"2023-08-28T16:04:21","slug":"cognac-jules-gautret-xo-swan-0-7l-40","status":"publish","type":"product","link":"https:\/\/whisky.ad\/ca\/producte\/cognac-jules-gautret-xo-swan-0-7l-40\/","title":{"rendered":"Cognac Jules Gautret XO Swan 0.7l 40%"},"content":{"rendered":"","protected":false},"excerpt":{"rendered":"<div class=\"flex flex-grow flex-col gap-3 max-w-full\">\n<div class=\"min-h-[20px] flex flex-col items-start gap-3 overflow-x-auto whitespace-pre-wrap break-words\">\n<div class=\"markdown prose w-full break-words dark:prose-invert light\">\n<p>El conyac Jules Gautret XO exemplifica una h\u00e0bil fusi\u00f3 de m\u00faltiples aig\u00fces, meticulosament destil\u00b7lades, envellides i harmonitzades al llarg del temps pel nostre expert Celler Master. 25 ANYS. Aquestes aigua-de-vie han aconseguit un nivell de maduresa que garanteix la pres\u00e8ncia de sabors duradors, vellutats i profunds, recolzats per una suavitat deliciosa. Perfil de tast: Aspecte: to ambre profund amb reflexos d&#8217;or radiant. Aroma: una combinaci\u00f3 seductora i inesperada, amb delicades notes d&#8217;avellana, fruits secs i una subtil ess\u00e8ncia llenyosa. notes afruitades i de roure, i un equilibri notable que uneix finor i pot\u00e8ncia. <\/p>\n<\/div>\n<\/div>\n<\/div>\n","protected":false},"featured_media":77385,"comment_status":"open","ping_status":"closed","template":"","meta":{"_acf_changed":false},"product_brand":[],"product_cat":[344,349],"product_tag":[],"class_list":{"0":"post-78642","1":"product","2":"type-product","3":"status-publish","4":"has-post-thumbnail","6":"product_cat-cognac-armagnac-brandy-ca-2","7":"product_cat-begudes-alcoholiques-ca","9":"first","10":"instock","11":"taxable","12":"shipping-taxable","13":"purchasable","14":"product-type-simple"},"acf":[],"aioseo_notices":[],"jetpack_sharing_enabled":true,"_links":{"self":[{"href":"https:\/\/whisky.ad\/ca\/wp-json\/wp\/v2\/product\/78642","targetHints":{"allow":["GET"]}}],"collection":[{"href":"https:\/\/whisky.ad\/ca\/wp-json\/wp\/v2\/product"}],"about":[{"href":"https:\/\/whisky.ad\/ca\/wp-json\/wp\/v2\/types\/product"}],"replies":[{"embeddable":true,"href":"https:\/\/whisky.ad\/ca\/wp-json\/wp\/v2\/comments?post=78642"}],"wp:featuredmedia":[{"embeddable":true,"href":"https:\/\/whisky.ad\/ca\/wp-json\/wp\/v2\/media\/77385"}],"wp:attachment":[{"href":"https:\/\/whisky.ad\/ca\/wp-json\/wp\/v2\/media?parent=78642"}],"wp:term":[{"taxonomy":"product_brand","embeddable":true,"href":"https:\/\/whisky.ad\/ca\/wp-json\/wp\/v2\/product_brand?post=78642"},{"taxonomy":"product_cat","embeddable":true,"href":"https:\/\/whisky.ad\/ca\/wp-json\/wp\/v2\/product_cat?post=78642"},{"taxonomy":"product_tag","embeddable":true,"href":"https:\/\/whisky.ad\/ca\/wp-json\/wp\/v2\/product_tag?post=78642"}],"curies":[{"name":"wp","href":"https:\/\/api.w.org\/{rel}","templated":true}]}}