{"id":78639,"date":"2023-08-28T16:53:25","date_gmt":"2023-08-28T15:53:25","guid":{"rendered":"https:\/\/whisky.ad\/product\/cognac-jules-gautret-vsop-0-7l-40\/"},"modified":"2023-08-28T16:53:25","modified_gmt":"2023-08-28T15:53:25","slug":"cognac-jules-gautret-vsop-0-7l-40","status":"publish","type":"product","link":"https:\/\/whisky.ad\/ca\/producte\/cognac-jules-gautret-vsop-0-7l-40\/","title":{"rendered":"Cognac Jules Gautret VSOP 0.7L 40%"},"content":{"rendered":"","protected":false},"excerpt":{"rendered":"<p>De la venerable casa de cognac Jules Gautret de Jonzac, la seva expressi\u00f3 VSOP \u00e9s la culminaci\u00f3 de m\u00e9s de 4 anys d&#8217;envelliment de les aig\u00fces de vida abans de l&#8217;embotellament. Amb els or\u00edgens que es remunten al 1847, aquesta casa t\u00e9 un ric llegat. La meticulosa vinificaci\u00f3 i destil\u00b7laci\u00f3 sobre lies fines contribueixen a la creaci\u00f3 de l&#8217;harmoniosa barreja de conyac VSOP de Jules Gautret, una selecci\u00f3 acuradament seleccionada pel seu Celler Master. Aquesta barreja harmonitza les aromes seductores de les eaux-de-vie envellides dels millors crus de la regi\u00f3 del Cognac. L&#8217;aroma resultant \u00e9s una deliciosa fusi\u00f3 de vainilla i mel, entrella\u00e7ada amb notes de c\u00edtrics i fruites madures amb carn. L&#8217;experi\u00e8ncia sensorial s&#8217;accentua amb la seva tonalitat daurada i ambre. En el tast, el paladar \u00e9s tractat amb una sensaci\u00f3 dol\u00e7a i vellutada, accentuada per la pres\u00e8ncia de notes c\u00edtriques i fruites de polpa groga.  <\/p>\n","protected":false},"featured_media":77379,"comment_status":"open","ping_status":"closed","template":"","meta":{"_acf_changed":false},"product_brand":[],"product_cat":[344,349],"product_tag":[],"class_list":{"0":"post-78639","1":"product","2":"type-product","3":"status-publish","4":"has-post-thumbnail","6":"product_cat-cognac-armagnac-brandy-ca-2","7":"product_cat-begudes-alcoholiques-ca","9":"first","10":"instock","11":"taxable","12":"shipping-taxable","13":"product-type-simple"},"acf":[],"aioseo_notices":[],"jetpack_sharing_enabled":true,"_links":{"self":[{"href":"https:\/\/whisky.ad\/ca\/wp-json\/wp\/v2\/product\/78639","targetHints":{"allow":["GET"]}}],"collection":[{"href":"https:\/\/whisky.ad\/ca\/wp-json\/wp\/v2\/product"}],"about":[{"href":"https:\/\/whisky.ad\/ca\/wp-json\/wp\/v2\/types\/product"}],"replies":[{"embeddable":true,"href":"https:\/\/whisky.ad\/ca\/wp-json\/wp\/v2\/comments?post=78639"}],"wp:featuredmedia":[{"embeddable":true,"href":"https:\/\/whisky.ad\/ca\/wp-json\/wp\/v2\/media\/77379"}],"wp:attachment":[{"href":"https:\/\/whisky.ad\/ca\/wp-json\/wp\/v2\/media?parent=78639"}],"wp:term":[{"taxonomy":"product_brand","embeddable":true,"href":"https:\/\/whisky.ad\/ca\/wp-json\/wp\/v2\/product_brand?post=78639"},{"taxonomy":"product_cat","embeddable":true,"href":"https:\/\/whisky.ad\/ca\/wp-json\/wp\/v2\/product_cat?post=78639"},{"taxonomy":"product_tag","embeddable":true,"href":"https:\/\/whisky.ad\/ca\/wp-json\/wp\/v2\/product_tag?post=78639"}],"curies":[{"name":"wp","href":"https:\/\/api.w.org\/{rel}","templated":true}]}}