{"id":78636,"date":"2023-08-28T16:39:24","date_gmt":"2023-08-28T15:39:24","guid":{"rendered":"https:\/\/whisky.ad\/product\/cognac-jules-gautret-vs-0-7l-40\/"},"modified":"2023-08-28T16:39:24","modified_gmt":"2023-08-28T15:39:24","slug":"cognac-jules-gautret-vs-0-7l-40","status":"publish","type":"product","link":"https:\/\/whisky.ad\/ca\/producte\/cognac-jules-gautret-vs-0-7l-40\/","title":{"rendered":"Cognac Jules Gautret VS 0.7l. 40%"},"content":{"rendered":"","protected":false},"excerpt":{"rendered":"<p>Fundat el 1874, el Gautret VS Cognac de 70 cl prov\u00e9 de la reconeguda destil\u00b7leria Jules Gautret, situada a l&#8217;encantadora ciutat de Jonzac. Evolucionant des dels seus or\u00edgens, la destil\u00b7leria ha evolucionat fins a convertir-se en una cooperativa que agrupa m\u00e9s de 500 conreadors, cadascun d&#8217;ells arrelat en els millors terres. Elaborat a partir d&#8217;aigua de vida i envellit en b\u00f3tes de Llemos\u00ed durant un per\u00edode de 2 a 3 anys, aquest conyac VS encarna una ess\u00e8ncia deliciosament vellutada, ideal per assaborir-lo directament, sobre les roques o com a element fonamental en els vostres c\u00f2ctels preferits.  <\/p>\n","protected":false},"featured_media":75480,"comment_status":"open","ping_status":"closed","template":"","meta":{"_acf_changed":false},"product_brand":[],"product_cat":[344,349],"product_tag":[],"class_list":{"0":"post-78636","1":"product","2":"type-product","3":"status-publish","4":"has-post-thumbnail","6":"product_cat-cognac-armagnac-brandy-ca-2","7":"product_cat-begudes-alcoholiques-ca","9":"first","10":"instock","11":"taxable","12":"shipping-taxable","13":"purchasable","14":"product-type-simple"},"acf":[],"aioseo_notices":[],"jetpack_sharing_enabled":true,"_links":{"self":[{"href":"https:\/\/whisky.ad\/ca\/wp-json\/wp\/v2\/product\/78636","targetHints":{"allow":["GET"]}}],"collection":[{"href":"https:\/\/whisky.ad\/ca\/wp-json\/wp\/v2\/product"}],"about":[{"href":"https:\/\/whisky.ad\/ca\/wp-json\/wp\/v2\/types\/product"}],"replies":[{"embeddable":true,"href":"https:\/\/whisky.ad\/ca\/wp-json\/wp\/v2\/comments?post=78636"}],"wp:featuredmedia":[{"embeddable":true,"href":"https:\/\/whisky.ad\/ca\/wp-json\/wp\/v2\/media\/75480"}],"wp:attachment":[{"href":"https:\/\/whisky.ad\/ca\/wp-json\/wp\/v2\/media?parent=78636"}],"wp:term":[{"taxonomy":"product_brand","embeddable":true,"href":"https:\/\/whisky.ad\/ca\/wp-json\/wp\/v2\/product_brand?post=78636"},{"taxonomy":"product_cat","embeddable":true,"href":"https:\/\/whisky.ad\/ca\/wp-json\/wp\/v2\/product_cat?post=78636"},{"taxonomy":"product_tag","embeddable":true,"href":"https:\/\/whisky.ad\/ca\/wp-json\/wp\/v2\/product_tag?post=78636"}],"curies":[{"name":"wp","href":"https:\/\/api.w.org\/{rel}","templated":true}]}}