{"id":78633,"date":"2023-08-28T17:10:11","date_gmt":"2023-08-28T16:10:11","guid":{"rendered":"https:\/\/whisky.ad\/product\/cognac-jules-gautret-extra-swan-0-7l-40\/"},"modified":"2023-08-28T17:10:11","modified_gmt":"2023-08-28T16:10:11","slug":"cognac-jules-gautret-extra-swan-0-7l-40","status":"publish","type":"product","link":"https:\/\/whisky.ad\/ca\/producte\/cognac-jules-gautret-extra-swan-0-7l-40\/","title":{"rendered":"Cognac Jules Gautret EXTRA Swan 0.7l 40%"},"content":{"rendered":"","protected":false},"excerpt":{"rendered":"<p>Jules Gautret Extra Cognac, una culminaci\u00f3 d&#8217;aigua-de-vie acuradament seleccionada i madurada, seleccionada i envellida amb art pel nostre mestre de celler per transmetre realment l&#8217;ess\u00e8ncia del terroir de la nostra vinya. 35 ANYS. Jules Gautret Extra encarna una amalgama harm\u00f2nica on els tanins desenvolupats amb gr\u00e0cia, nodrits a trav\u00e9s d&#8217;anys d&#8217;envelliment en b\u00f3ta de roure, troben l&#8217;expressi\u00f3 entrella\u00e7ada amb la subtilesa de diverses aig\u00fces-de-vie. Perfil de tast: Aspecte: Un to ambre ric, complementat amb accents daurats radiants. Aroma: Un mesclat encantador i inesperat, amb delicades traces de xocolata i pell de taronja picant. Boca: Car\u00e0cter notablement distintiu al paladar, amb una aroma original i refinada, destacada notes de pruna suculenta i albercoc, escalfats per la suau abra\u00e7ada de nou moscada i vainilla. <\/p>\n","protected":false},"featured_media":77388,"comment_status":"open","ping_status":"closed","template":"","meta":{"_acf_changed":false},"product_brand":[],"product_cat":[344,349],"product_tag":[],"class_list":{"0":"post-78633","1":"product","2":"type-product","3":"status-publish","4":"has-post-thumbnail","6":"product_cat-cognac-armagnac-brandy-ca-2","7":"product_cat-begudes-alcoholiques-ca","9":"first","10":"instock","11":"taxable","12":"shipping-taxable","13":"purchasable","14":"product-type-simple"},"acf":[],"aioseo_notices":[],"jetpack_sharing_enabled":true,"_links":{"self":[{"href":"https:\/\/whisky.ad\/ca\/wp-json\/wp\/v2\/product\/78633","targetHints":{"allow":["GET"]}}],"collection":[{"href":"https:\/\/whisky.ad\/ca\/wp-json\/wp\/v2\/product"}],"about":[{"href":"https:\/\/whisky.ad\/ca\/wp-json\/wp\/v2\/types\/product"}],"replies":[{"embeddable":true,"href":"https:\/\/whisky.ad\/ca\/wp-json\/wp\/v2\/comments?post=78633"}],"wp:featuredmedia":[{"embeddable":true,"href":"https:\/\/whisky.ad\/ca\/wp-json\/wp\/v2\/media\/77388"}],"wp:attachment":[{"href":"https:\/\/whisky.ad\/ca\/wp-json\/wp\/v2\/media?parent=78633"}],"wp:term":[{"taxonomy":"product_brand","embeddable":true,"href":"https:\/\/whisky.ad\/ca\/wp-json\/wp\/v2\/product_brand?post=78633"},{"taxonomy":"product_cat","embeddable":true,"href":"https:\/\/whisky.ad\/ca\/wp-json\/wp\/v2\/product_cat?post=78633"},{"taxonomy":"product_tag","embeddable":true,"href":"https:\/\/whisky.ad\/ca\/wp-json\/wp\/v2\/product_tag?post=78633"}],"curies":[{"name":"wp","href":"https:\/\/api.w.org\/{rel}","templated":true}]}}