{"id":78630,"date":"2023-08-28T17:44:22","date_gmt":"2023-08-28T16:44:22","guid":{"rendered":"https:\/\/whisky.ad\/product\/cognac-jules-gautret-1990-0-7l-44-5\/"},"modified":"2024-01-06T13:33:05","modified_gmt":"2024-01-06T12:33:05","slug":"cognac-jules-gautret-1990-0-7l-44-5","status":"publish","type":"product","link":"https:\/\/whisky.ad\/ca\/producte\/cognac-jules-gautret-1990-0-7l-44-5\/","title":{"rendered":"Cognac Jules Gautret 1990 0.7l 44.5%"},"content":{"rendered":"","protected":false},"excerpt":{"rendered":"<div class=\"flex flex-grow flex-col gap-3 max-w-full\">\n<div class=\"min-h-[20px] flex flex-col items-start gap-3 overflow-x-auto whitespace-pre-wrap break-words\">\n<div class=\"markdown prose w-full break-words dark:prose-invert light\">\n<p>Una tonalitat lluminosa, que oscil\u00b7la entre l&#8217;or envellit i els reflexos c\u00e0lids i brillants indicatius de la seva bella edat. A mesura que es revela m\u00e9s en nas, revela un bouquet expansiu, real\u00e7at per una vivacitat gr\u00e0cil i una intensitat poc habitual. Un cop s&#8217;est\u00e9n al paladar, us submergeix en la seva naturalesa deliciosa, caracteritzada per aromes de pastisseria i delicades esp\u00e8cies, accentuades harm\u00f2nicament per notes de clau. La seva \u00e0mplia gamma de sabors prov\u00e9 de l&#8217;anyada excepcional de 1990. Aquesta edici\u00f3 limitada s&#8217;est\u00e9n a nom\u00e9s 445 ampolles. Descripci\u00f3: Curosament seleccionats entre les aig\u00fces de vida m\u00e9s prestigioses descobertes per la casa Gautret, la nostra gamma de Cognacs Vintage treu a la llum caracter\u00edstiques i crus excepcionals, cadascun revelant una faceta de l&#8217;experi\u00e8ncia ancestral dels mestres de celler al llarg de la hist\u00f2ria de la marca. Cada s\u00e8rie est\u00e0 disponible en una edici\u00f3 estrictament limitada i numerada, embotellada a la for\u00e7a \u00f2ptima per a l&#8217;anyada respectiva. Cada Cognac Vintage s&#8217;envasa meticulosament a m\u00e0 a l&#8217;ampolla ic\u00f2nica de la marca: una &#8220;cogna\u00e7aise&#8221; de vidre extrablanca substancial amb un relleu profund, adornada amb un medall\u00f3 de vidre i el logotip de Jules Gautret. Aquestes ampolles s&#8217;eleven amb serigrafia daurada sobre patrons fluids i una etiqueta numerada \u00fanica en paper de gran textura, amb el vintage en relleu daurat. El segellat est\u00e0 garantit per un suro de primera qualitat i cera aplicada manualment. Aquests productes excepcionals es presenten en una caixa de fusta robusta (10 mm de gruix), recoberta amb capes de laca per preservar i potenciar el seu aspecte amb una brillantor profunda. L&#8217;interior est\u00e0 folrat amb escuma d&#8217;alta densitat recoberta de teixit negre, que tamb\u00e9 inclou un tap de fusta personalitzat amb els colors de la marca, dissenyat per utilitzar-lo un cop obert el producte, que afegeix el plaer del seu propietari.<\/p>\n<\/div>\n<\/div>\n<\/div>\n","protected":false},"featured_media":77397,"comment_status":"open","ping_status":"closed","template":"","meta":{"_acf_changed":false},"product_brand":[],"product_cat":[396,344,349],"product_tag":[],"class_list":{"0":"post-78630","1":"product","2":"type-product","3":"status-publish","4":"has-post-thumbnail","6":"product_cat-destacat","7":"product_cat-cognac-armagnac-brandy-ca-2","8":"product_cat-begudes-alcoholiques-ca","10":"first","11":"instock","12":"sale","13":"featured","14":"taxable","15":"shipping-taxable","16":"purchasable","17":"product-type-simple"},"acf":[],"aioseo_notices":[],"jetpack_sharing_enabled":true,"_links":{"self":[{"href":"https:\/\/whisky.ad\/ca\/wp-json\/wp\/v2\/product\/78630","targetHints":{"allow":["GET"]}}],"collection":[{"href":"https:\/\/whisky.ad\/ca\/wp-json\/wp\/v2\/product"}],"about":[{"href":"https:\/\/whisky.ad\/ca\/wp-json\/wp\/v2\/types\/product"}],"replies":[{"embeddable":true,"href":"https:\/\/whisky.ad\/ca\/wp-json\/wp\/v2\/comments?post=78630"}],"wp:featuredmedia":[{"embeddable":true,"href":"https:\/\/whisky.ad\/ca\/wp-json\/wp\/v2\/media\/77397"}],"wp:attachment":[{"href":"https:\/\/whisky.ad\/ca\/wp-json\/wp\/v2\/media?parent=78630"}],"wp:term":[{"taxonomy":"product_brand","embeddable":true,"href":"https:\/\/whisky.ad\/ca\/wp-json\/wp\/v2\/product_brand?post=78630"},{"taxonomy":"product_cat","embeddable":true,"href":"https:\/\/whisky.ad\/ca\/wp-json\/wp\/v2\/product_cat?post=78630"},{"taxonomy":"product_tag","embeddable":true,"href":"https:\/\/whisky.ad\/ca\/wp-json\/wp\/v2\/product_tag?post=78630"}],"curies":[{"name":"wp","href":"https:\/\/api.w.org\/{rel}","templated":true}]}}