{"id":78628,"date":"2023-08-28T17:38:22","date_gmt":"2023-08-28T16:38:22","guid":{"rendered":"https:\/\/whisky.ad\/product\/cognac-jules-gautret-1982-0-7l-43-3\/"},"modified":"2023-08-28T17:38:22","modified_gmt":"2023-08-28T16:38:22","slug":"cognac-jules-gautret-1982-0-7l-43-3","status":"publish","type":"product","link":"https:\/\/whisky.ad\/ca\/producte\/cognac-jules-gautret-1982-0-7l-43-3\/","title":{"rendered":"Cognac Jules Gautret 1982 0.7l. 43.3%"},"content":{"rendered":"","protected":false},"excerpt":{"rendered":"<div class=\"flex flex-grow flex-col gap-3 max-w-full\">\n<div class=\"min-h-[20px] flex flex-col items-start gap-3 overflow-x-auto whitespace-pre-wrap break-words\">\n<div class=\"markdown prose w-full break-words dark:prose-invert light\">\n<p>A l&#8217;aparen\u00e7a, aquest conyac vintage revela una bonica tonalitat marr\u00f3-ambre profund, un reflex de la seva considerable edat. Els seus nombrosos reflexos brillants irradien esplendor, evocant la impaci\u00e8ncia per tastar finalment unes gotes. La seva aroma, intensa i sorprenent, porta notes de regal\u00e8ssia, puntuades per subtils tocs de fusta. Com que aquest Cognac finalment adorna el paladar, ho fa amb una rodonesa i una longitud notables. La seva edat s&#8217;afirma per la pres\u00e8ncia de vainilla i una lleugera ess\u00e8ncia d&#8217;ametlla. Aquesta edici\u00f3 molt limitada consta de nom\u00e9s 494 ampolles. Descripci\u00f3: Curosament seleccionats entre les aig\u00fces de vida m\u00e9s prestigioses descobertes per la casa Gautret, la nostra gamma de Cognacs Vintage treu a la llum caracter\u00edstiques i crus excepcionals, cadascun revelant una faceta de l&#8217;experi\u00e8ncia ancestral dels mestres de celler al llarg de la hist\u00f2ria de la marca. Cada s\u00e8rie est\u00e0 disponible en una edici\u00f3 estrictament limitada i numerada, embotellada a la for\u00e7a \u00f2ptima per a l&#8217;anyada respectiva. Cada Cognac Vintage s&#8217;envasa meticulosament a m\u00e0 a l&#8217;ampolla ic\u00f2nica de la marca: una &#8220;cogna\u00e7aise&#8221; de vidre extrablanca substancial amb un relleu profund, adornada amb un medall\u00f3 de vidre i el logotip de Jules Gautret. Aquestes ampolles s&#8217;eleven amb serigrafia daurada sobre patrons fluids i una etiqueta numerada \u00fanica en paper de gran textura, amb el vintage en relleu daurat. El segellat est\u00e0 garantit per un suro de primera qualitat i cera aplicada manualment. Aquests productes excepcionals es presenten en una caixa de fusta robusta (10 mm de gruix), recoberta amb capes de laca per preservar i potenciar el seu aspecte amb una brillantor profunda. L&#8217;interior est\u00e0 folrat amb escuma d&#8217;alta densitat recoberta de teixit negre, que tamb\u00e9 inclou un tap de fusta personalitzat amb els colors de la marca, dissenyat per utilitzar-lo un cop obert el producte, que afegeix el plaer del seu propietari. <\/p>\n<\/div>\n<\/div>\n<\/div>\n","protected":false},"featured_media":77394,"comment_status":"open","ping_status":"closed","template":"","meta":{"_acf_changed":false},"product_brand":[],"product_cat":[344,349],"product_tag":[],"class_list":{"0":"post-78628","1":"product","2":"type-product","3":"status-publish","4":"has-post-thumbnail","6":"product_cat-cognac-armagnac-brandy-ca-2","7":"product_cat-begudes-alcoholiques-ca","9":"first","10":"instock","11":"taxable","12":"shipping-taxable","13":"purchasable","14":"product-type-simple"},"acf":[],"aioseo_notices":[],"jetpack_sharing_enabled":true,"_links":{"self":[{"href":"https:\/\/whisky.ad\/ca\/wp-json\/wp\/v2\/product\/78628","targetHints":{"allow":["GET"]}}],"collection":[{"href":"https:\/\/whisky.ad\/ca\/wp-json\/wp\/v2\/product"}],"about":[{"href":"https:\/\/whisky.ad\/ca\/wp-json\/wp\/v2\/types\/product"}],"replies":[{"embeddable":true,"href":"https:\/\/whisky.ad\/ca\/wp-json\/wp\/v2\/comments?post=78628"}],"wp:featuredmedia":[{"embeddable":true,"href":"https:\/\/whisky.ad\/ca\/wp-json\/wp\/v2\/media\/77394"}],"wp:attachment":[{"href":"https:\/\/whisky.ad\/ca\/wp-json\/wp\/v2\/media?parent=78628"}],"wp:term":[{"taxonomy":"product_brand","embeddable":true,"href":"https:\/\/whisky.ad\/ca\/wp-json\/wp\/v2\/product_brand?post=78628"},{"taxonomy":"product_cat","embeddable":true,"href":"https:\/\/whisky.ad\/ca\/wp-json\/wp\/v2\/product_cat?post=78628"},{"taxonomy":"product_tag","embeddable":true,"href":"https:\/\/whisky.ad\/ca\/wp-json\/wp\/v2\/product_tag?post=78628"}],"curies":[{"name":"wp","href":"https:\/\/api.w.org\/{rel}","templated":true}]}}