{"id":78625,"date":"2023-08-28T17:28:26","date_gmt":"2023-08-28T16:28:26","guid":{"rendered":"https:\/\/whisky.ad\/product\/cognac-jules-gautret-1970-0-7l-42-1\/"},"modified":"2023-08-28T17:28:26","modified_gmt":"2023-08-28T16:28:26","slug":"cognac-jules-gautret-1970-0-7l-42-1","status":"publish","type":"product","link":"https:\/\/whisky.ad\/ca\/producte\/cognac-jules-gautret-1970-0-7l-42-1\/","title":{"rendered":"Cognac Jules Gautret 1970 0.7l 42.1%"},"content":{"rendered":"","protected":false},"excerpt":{"rendered":"<div class=\"flex flex-grow flex-col gap-3 max-w-full\">\n<div class=\"min-h-[20px] flex flex-col items-start gap-3 overflow-x-auto whitespace-pre-wrap break-words\">\n<div class=\"markdown prose w-full break-words dark:prose-invert light\">\n<p>En aparen\u00e7a, aquest Cognac d&#8217;\u00e8poca revela una bonica t\u00fanica marr\u00f3-ambre profund, representativa de la seva considerable edat. Els seus nombrosos reflexos escumosos desprenen esplendor, despertant expectaci\u00f3 per les primeres sensacions al paladar. La seva aroma proporciona una visi\u00f3 m\u00e9s detallada del seu car\u00e0cter, amb un agradable bouquet lleny\u00f3s i subtils tocs de caramel. Finalment, com aquest Cognac acaricia les vostres papil\u00b7les gustatives, ho fa amb un poder imponent, revelant sabors que nom\u00e9s s&#8217;ajusten a la seva edat. Trobar\u00e0s notes de caramel i pastes de fruites, que s&#8217;estenen en un final notable. Aquesta edici\u00f3 molt limitada s&#8217;est\u00e9n a nom\u00e9s 747 ampolles. Descripci\u00f3: Curosament seleccionats entre les aig\u00fces de vida m\u00e9s prestigioses descobertes per la casa Gautret, la nostra gamma de Cognacs Vintage treu a la llum caracter\u00edstiques i crus excepcionals, cadascun revelant una faceta de l&#8217;experi\u00e8ncia ancestral dels mestres de celler al llarg de la hist\u00f2ria de la marca. Cada s\u00e8rie est\u00e0 disponible en una edici\u00f3 estrictament limitada i numerada, embotellada a la for\u00e7a \u00f2ptima per a l&#8217;anyada respectiva. Cada Cognac Vintage s&#8217;envasa meticulosament a m\u00e0 a l&#8217;ampolla ic\u00f2nica de la marca: una &#8220;cogna\u00e7aise&#8221; de vidre extrablanca substancial amb un relleu profund, adornada amb un medall\u00f3 de vidre i el logotip de Jules Gautret. Aquestes ampolles s&#8217;eleven amb serigrafia daurada sobre patrons fluids i una etiqueta numerada \u00fanica en paper de gran textura, amb el vintage en relleu daurat. El segellat est\u00e0 garantit per un suro de primera qualitat i cera aplicada manualment. Aquests productes excepcionals es presenten en una caixa de fusta robusta (10 mm de gruix), recoberta amb capes de laca per preservar i potenciar el seu aspecte amb una brillantor profunda. L&#8217;interior est\u00e0 folrat amb escuma d&#8217;alta densitat recoberta de teixit negre, que tamb\u00e9 inclou un tap de fusta personalitzat amb els colors de la marca, dissenyat per utilitzar-lo un cop obert el producte, que afegeix el plaer del seu propietari. <\/p>\n<\/div>\n<\/div>\n<\/div>\n","protected":false},"featured_media":77391,"comment_status":"open","ping_status":"closed","template":"","meta":{"_acf_changed":false},"product_brand":[],"product_cat":[344,349],"product_tag":[],"class_list":{"0":"post-78625","1":"product","2":"type-product","3":"status-publish","4":"has-post-thumbnail","6":"product_cat-cognac-armagnac-brandy-ca-2","7":"product_cat-begudes-alcoholiques-ca","9":"first","10":"instock","11":"taxable","12":"shipping-taxable","13":"purchasable","14":"product-type-simple"},"acf":[],"aioseo_notices":[],"jetpack_sharing_enabled":true,"_links":{"self":[{"href":"https:\/\/whisky.ad\/ca\/wp-json\/wp\/v2\/product\/78625","targetHints":{"allow":["GET"]}}],"collection":[{"href":"https:\/\/whisky.ad\/ca\/wp-json\/wp\/v2\/product"}],"about":[{"href":"https:\/\/whisky.ad\/ca\/wp-json\/wp\/v2\/types\/product"}],"replies":[{"embeddable":true,"href":"https:\/\/whisky.ad\/ca\/wp-json\/wp\/v2\/comments?post=78625"}],"wp:featuredmedia":[{"embeddable":true,"href":"https:\/\/whisky.ad\/ca\/wp-json\/wp\/v2\/media\/77391"}],"wp:attachment":[{"href":"https:\/\/whisky.ad\/ca\/wp-json\/wp\/v2\/media?parent=78625"}],"wp:term":[{"taxonomy":"product_brand","embeddable":true,"href":"https:\/\/whisky.ad\/ca\/wp-json\/wp\/v2\/product_brand?post=78625"},{"taxonomy":"product_cat","embeddable":true,"href":"https:\/\/whisky.ad\/ca\/wp-json\/wp\/v2\/product_cat?post=78625"},{"taxonomy":"product_tag","embeddable":true,"href":"https:\/\/whisky.ad\/ca\/wp-json\/wp\/v2\/product_tag?post=78625"}],"curies":[{"name":"wp","href":"https:\/\/api.w.org\/{rel}","templated":true}]}}