{"id":78622,"date":"2023-08-28T17:00:34","date_gmt":"2023-08-28T16:00:34","guid":{"rendered":"https:\/\/whisky.ad\/product\/cognac-jules-gautret-10yo-0-7l-40\/"},"modified":"2023-08-28T17:00:34","modified_gmt":"2023-08-28T16:00:34","slug":"cognac-jules-gautret-10yo-0-7l-40","status":"publish","type":"product","link":"https:\/\/whisky.ad\/ca\/producte\/cognac-jules-gautret-10yo-0-7l-40\/","title":{"rendered":"Cognac Jules Gautret 10yo 0.7l 40%"},"content":{"rendered":"","protected":false},"excerpt":{"rendered":"<div class=\"flex flex-grow flex-col gap-3 max-w-full\">\n<div class=\"min-h-[20px] flex flex-col items-start gap-3 overflow-x-auto whitespace-pre-wrap break-words\">\n<div class=\"markdown prose w-full break-words dark:prose-invert light\">\n<p>Elaborat per Jules Gautret, aquest cognac XO passa una d\u00e8cada de maduraci\u00f3 en b\u00f3tes de roure, donant lloc a una fusi\u00f3 impressionant de profunds matisos llenyosos i vibrants notes afruitades. Amb el seu establiment que data de 1847, la casa de cognac Jules Gautret compta amb un patrimoni hist\u00f2ric en l&#8217;art de la producci\u00f3 de cognac. Aquesta expressi\u00f3 XO \u00e9s perfectament adequada per a aquells que busquen una indulg\u00e8ncia refinada despr\u00e9s del sopar. Al tastar, espereu un ram arom\u00e0tic de fruita floral barrejat amb suaus ones de vainilla dol\u00e7a, una abra\u00e7ada vellutata d&#8217;esp\u00e8cies de roure mantega i la deliciosa ess\u00e8ncia de fruits secs caramel\u00b7litzats. L&#8217;experi\u00e8ncia s&#8217;enriqueix encara m\u00e9s amb la pres\u00e8ncia de nou moscada i canyella, proporcionant una harmoniosa simfonia de sabors.  <\/p>\n<\/div>\n<\/div>\n<\/div>\n","protected":false},"featured_media":77382,"comment_status":"open","ping_status":"closed","template":"","meta":{"_acf_changed":false},"product_brand":[],"product_cat":[344,349],"product_tag":[],"class_list":{"0":"post-78622","1":"product","2":"type-product","3":"status-publish","4":"has-post-thumbnail","6":"product_cat-cognac-armagnac-brandy-ca-2","7":"product_cat-begudes-alcoholiques-ca","9":"first","10":"instock","11":"taxable","12":"shipping-taxable","13":"purchasable","14":"product-type-simple"},"acf":[],"aioseo_notices":[],"jetpack_sharing_enabled":true,"_links":{"self":[{"href":"https:\/\/whisky.ad\/ca\/wp-json\/wp\/v2\/product\/78622","targetHints":{"allow":["GET"]}}],"collection":[{"href":"https:\/\/whisky.ad\/ca\/wp-json\/wp\/v2\/product"}],"about":[{"href":"https:\/\/whisky.ad\/ca\/wp-json\/wp\/v2\/types\/product"}],"replies":[{"embeddable":true,"href":"https:\/\/whisky.ad\/ca\/wp-json\/wp\/v2\/comments?post=78622"}],"wp:featuredmedia":[{"embeddable":true,"href":"https:\/\/whisky.ad\/ca\/wp-json\/wp\/v2\/media\/77382"}],"wp:attachment":[{"href":"https:\/\/whisky.ad\/ca\/wp-json\/wp\/v2\/media?parent=78622"}],"wp:term":[{"taxonomy":"product_brand","embeddable":true,"href":"https:\/\/whisky.ad\/ca\/wp-json\/wp\/v2\/product_brand?post=78622"},{"taxonomy":"product_cat","embeddable":true,"href":"https:\/\/whisky.ad\/ca\/wp-json\/wp\/v2\/product_cat?post=78622"},{"taxonomy":"product_tag","embeddable":true,"href":"https:\/\/whisky.ad\/ca\/wp-json\/wp\/v2\/product_tag?post=78622"}],"curies":[{"name":"wp","href":"https:\/\/api.w.org\/{rel}","templated":true}]}}