{"id":78612,"date":"2023-08-29T17:48:43","date_gmt":"2023-08-29T16:48:43","guid":{"rendered":"https:\/\/whisky.ad\/product\/cognac-ae-dor-vsop-8yo-0-7l-40\/"},"modified":"2023-08-29T17:48:43","modified_gmt":"2023-08-29T16:48:43","slug":"cognac-ae-dor-vsop-8yo-0-7l-40","status":"publish","type":"product","link":"https:\/\/whisky.ad\/ca\/producte\/cognac-ae-dor-vsop-8yo-0-7l-40\/","title":{"rendered":"Cognac AE DOR VSOP 8yo 0.7L. 40%"},"content":{"rendered":"","protected":false},"excerpt":{"rendered":"<div class=\"flex flex-grow flex-col gap-3 max-w-full\">\n<div class=\"min-h-[20px] flex flex-col items-start gap-3 overflow-x-auto whitespace-pre-wrap break-words\">\n<div class=\"markdown prose w-full break-words dark:prose-invert light\">\n<p>Gener\u00f3s i amb un bouquet agradable, amb un toc floral de violeta, aroma de nou i un suau toc de mel al nas. Llarg i delicat al paladar, gr\u00e0cies a una barreja dels dos millors crus de conyac: Grande Champagne i Petite Champagne, que li confereixen una lleugera suavitat. Crian\u00e7a en celler humit. Tipus de producte: Cognac Percentatge d&#8217;alcohol: 40% Varietat de ra\u00efm: Ugni Blanc Color: T\u00fanica brillant Edat: 8 anys Denominaci\u00f3: Champagne fi Tipus de celler: Humit Temperatura de servei: ~ 16 \u00b0C a 20 \u00b0C Potes: Abundant Textura: Xarop\u00f3s Nas: Floral Nas Inicial: Complex, Suau, Equilibrat Segon Nas: Molt floral, Notes de violeta, Notes de nou, Notes de mel Entrada paladar: Delicat, Gran bouquet Final: Aromes persistents: Notes de caramel, Notes especiades, Violeta  <\/p>\n<\/div>\n<\/div>\n<\/div>\n<div class=\"flex justify-between lg:block\">\n<div class=\"text-gray-400 flex self-end lg:self-center justify-center mt-2 gap-2 md:gap-3 lg:gap-1 lg:absolute lg:top-0 lg:translate-x-full lg:right-0 lg:mt-0 lg:pl-2 visible\"><\/div>\n<\/div>\n","protected":false},"featured_media":78605,"comment_status":"open","ping_status":"closed","template":"","meta":{"_acf_changed":false},"product_brand":[],"product_cat":[349],"product_tag":[],"class_list":{"0":"post-78612","1":"product","2":"type-product","3":"status-publish","4":"has-post-thumbnail","6":"product_cat-begudes-alcoholiques-ca","8":"first","9":"instock","10":"taxable","11":"shipping-taxable","12":"purchasable","13":"product-type-simple"},"acf":[],"aioseo_notices":[],"jetpack_sharing_enabled":true,"_links":{"self":[{"href":"https:\/\/whisky.ad\/ca\/wp-json\/wp\/v2\/product\/78612","targetHints":{"allow":["GET"]}}],"collection":[{"href":"https:\/\/whisky.ad\/ca\/wp-json\/wp\/v2\/product"}],"about":[{"href":"https:\/\/whisky.ad\/ca\/wp-json\/wp\/v2\/types\/product"}],"replies":[{"embeddable":true,"href":"https:\/\/whisky.ad\/ca\/wp-json\/wp\/v2\/comments?post=78612"}],"wp:featuredmedia":[{"embeddable":true,"href":"https:\/\/whisky.ad\/ca\/wp-json\/wp\/v2\/media\/78605"}],"wp:attachment":[{"href":"https:\/\/whisky.ad\/ca\/wp-json\/wp\/v2\/media?parent=78612"}],"wp:term":[{"taxonomy":"product_brand","embeddable":true,"href":"https:\/\/whisky.ad\/ca\/wp-json\/wp\/v2\/product_brand?post=78612"},{"taxonomy":"product_cat","embeddable":true,"href":"https:\/\/whisky.ad\/ca\/wp-json\/wp\/v2\/product_cat?post=78612"},{"taxonomy":"product_tag","embeddable":true,"href":"https:\/\/whisky.ad\/ca\/wp-json\/wp\/v2\/product_tag?post=78612"}],"curies":[{"name":"wp","href":"https:\/\/api.w.org\/{rel}","templated":true}]}}