{"id":78609,"date":"2023-08-29T18:13:30","date_gmt":"2023-08-29T17:13:30","guid":{"rendered":"https:\/\/whisky.ad\/product\/cognac-ae-dor-vielle-reserve-no-9-1914-grande-champagne-0-7l-40\/"},"modified":"2023-08-29T18:13:30","modified_gmt":"2023-08-29T17:13:30","slug":"cognac-ae-dor-vielle-reserve-no-9-1914-grande-champagne-0-7l-40","status":"publish","type":"product","link":"https:\/\/whisky.ad\/ca\/producte\/cognac-ae-dor-vielle-reserve-no-9-1914-grande-champagne-0-7l-40\/","title":{"rendered":"Cognac AE DOR Vielle Reserve no.9 1914 Grande Champagne 0.7l 40%"},"content":{"rendered":"","protected":false},"excerpt":{"rendered":"<div class=\"flex flex-grow flex-col gap-3 max-w-full\">\n<div class=\"min-h-[20px] flex flex-col items-start gap-3 overflow-x-auto whitespace-pre-wrap break-words\">\n<div class=\"markdown prose w-full break-words dark:prose-invert light\">\n<p>Seleccionada pel Sr. DENIEUL DOR, aquesta reserva \u00e9s rara i excepcional per la seva antiguitat i qualitats. Constitueix un lot limitat emmagatzemat en unes quantes dames. Despr\u00e9s de m\u00e9s de mig segle en b\u00f3tes, es va tancar sota vidre en una damajana. La seva graduaci\u00f3 alcoh\u00f2lica, 40% vol., \u00e9s el resultat d&#8217;un envelliment molt prolongat i la corresponent evaporaci\u00f3. El seu sabor &#8220;ranci&#8221; molt caracter\u00edstic \u00e9s molt buscat pels coneixedors. Aquest sabor tamb\u00e9 serveix com a prova de la seva autenticitat, il\u00b7lustrant la seva personalitat. Aquesta VIEILLE R\u00c9SERVE N\u00b09 forma part del &#8220;Parad\u00eds&#8221; d&#8217;A.E. DOR, juntament amb les famoses i molt antigues Grandes Champagnes del segle XIX.<\/p>\n<p>Tipus de producte: Cognac Percentatge d&#8217;alcohol: 40% Varietat de ra\u00efm: Ugni Blanc Color: Robe brillant Edat: Cont\u00e9 aigua de vi de 1914 Denominacions: Fins Bois, Grande Champagne Tipus de celler: Humit Temperatura de servei: ~ 16 \u00b0C a 20 \u00b0C Potes: Abundant Textura: Xarop\u00f3s Nas: Ranci Aromes: Ranci.<\/p>\n<\/div>\n<\/div>\n<\/div>\n","protected":false},"featured_media":77493,"comment_status":"open","ping_status":"closed","template":"","meta":{"_acf_changed":false},"product_brand":[],"product_cat":[343,344,349],"product_tag":[],"class_list":{"0":"post-78609","1":"product","2":"type-product","3":"status-publish","4":"has-post-thumbnail","6":"product_cat-rar-i-colleccionable","7":"product_cat-cognac-armagnac-brandy-ca-2","8":"product_cat-begudes-alcoholiques-ca","10":"first","11":"instock","12":"taxable","13":"shipping-taxable","14":"product-type-simple"},"acf":[],"aioseo_notices":[],"jetpack_sharing_enabled":true,"_links":{"self":[{"href":"https:\/\/whisky.ad\/ca\/wp-json\/wp\/v2\/product\/78609","targetHints":{"allow":["GET"]}}],"collection":[{"href":"https:\/\/whisky.ad\/ca\/wp-json\/wp\/v2\/product"}],"about":[{"href":"https:\/\/whisky.ad\/ca\/wp-json\/wp\/v2\/types\/product"}],"replies":[{"embeddable":true,"href":"https:\/\/whisky.ad\/ca\/wp-json\/wp\/v2\/comments?post=78609"}],"wp:featuredmedia":[{"embeddable":true,"href":"https:\/\/whisky.ad\/ca\/wp-json\/wp\/v2\/media\/77493"}],"wp:attachment":[{"href":"https:\/\/whisky.ad\/ca\/wp-json\/wp\/v2\/media?parent=78609"}],"wp:term":[{"taxonomy":"product_brand","embeddable":true,"href":"https:\/\/whisky.ad\/ca\/wp-json\/wp\/v2\/product_brand?post=78609"},{"taxonomy":"product_cat","embeddable":true,"href":"https:\/\/whisky.ad\/ca\/wp-json\/wp\/v2\/product_cat?post=78609"},{"taxonomy":"product_tag","embeddable":true,"href":"https:\/\/whisky.ad\/ca\/wp-json\/wp\/v2\/product_tag?post=78609"}],"curies":[{"name":"wp","href":"https:\/\/api.w.org\/{rel}","templated":true}]}}