{"id":78593,"date":"2023-08-29T18:07:35","date_gmt":"2023-08-29T17:07:35","guid":{"rendered":"https:\/\/whisky.ad\/product\/cognac-ae-dor-vielle-reserve-no-8-45yo-grande-champagne-0-7l-47\/"},"modified":"2023-08-29T18:07:35","modified_gmt":"2023-08-29T17:07:35","slug":"cognac-ae-dor-vielle-reserve-no-8-45yo-grande-champagne-0-7l-47","status":"publish","type":"product","link":"https:\/\/whisky.ad\/ca\/producte\/cognac-ae-dor-vielle-reserve-no-8-45yo-grande-champagne-0-7l-47\/","title":{"rendered":"Cognac AE DOR Vielle Reserve no.8 45yo Grande Champagne 0.7l 47%"},"content":{"rendered":"","protected":false},"excerpt":{"rendered":"<div class=\"flex flex-grow flex-col gap-3 max-w-full\">\n<div class=\"min-h-[20px] flex flex-col items-start gap-3 overflow-x-auto whitespace-pre-wrap break-words\">\n<div class=\"markdown prose w-full break-words dark:prose-invert light\">\n<p>Sorprenentment fresc. El Vieille R\u00e9serve N\u00b08 no presenta cap agressi\u00f3 al paladar, malgrat el seu alt grau alcoh\u00f2lic. Aquest privilegi \u00e9s el resultat d&#8217;una crian\u00e7a prolongada en b\u00f3tes de roure i una lenta evaporaci\u00f3 i oxidaci\u00f3 en condicions \u00f2ptimes. Tipus de producte: Cognac Percentatge d&#8217;alcohol: 47% Varietat de ra\u00efm: Ugni Blanc Color: T\u00fanica brillant Edat:  <\/p>\n<p> &gt; 45 anys Denominaci\u00f3: Celler Grande Champagne Tipus: Servei en sec Temperatura: ~ 16 \u00b0C a 20 \u00b0C Potes: Abundant Textura: Xarop\u00f3s Nas: Notes de caramel Nas Inicial: Caramel, fruites lleugerament estofades Segon nas: Vainilla, Lleugerament mantegosa Entrada paladar: Refrescant , Lleuger dol\u00e7or, Gaireb\u00e9 suau Final: Persistent Aromes: Canyella, Ranci subtil, Esp\u00e8cies intenses.<\/p>\n<\/div>\n<\/div>\n<\/div>\n","protected":false},"featured_media":77490,"comment_status":"open","ping_status":"closed","template":"","meta":{"_acf_changed":false},"product_brand":[],"product_cat":[343,344,349],"product_tag":[],"class_list":{"0":"post-78593","1":"product","2":"type-product","3":"status-publish","4":"has-post-thumbnail","6":"product_cat-rar-i-colleccionable","7":"product_cat-cognac-armagnac-brandy-ca-2","8":"product_cat-begudes-alcoholiques-ca","10":"first","11":"instock","12":"taxable","13":"shipping-taxable","14":"purchasable","15":"product-type-simple"},"acf":[],"aioseo_notices":[],"jetpack_sharing_enabled":true,"_links":{"self":[{"href":"https:\/\/whisky.ad\/ca\/wp-json\/wp\/v2\/product\/78593","targetHints":{"allow":["GET"]}}],"collection":[{"href":"https:\/\/whisky.ad\/ca\/wp-json\/wp\/v2\/product"}],"about":[{"href":"https:\/\/whisky.ad\/ca\/wp-json\/wp\/v2\/types\/product"}],"replies":[{"embeddable":true,"href":"https:\/\/whisky.ad\/ca\/wp-json\/wp\/v2\/comments?post=78593"}],"wp:featuredmedia":[{"embeddable":true,"href":"https:\/\/whisky.ad\/ca\/wp-json\/wp\/v2\/media\/77490"}],"wp:attachment":[{"href":"https:\/\/whisky.ad\/ca\/wp-json\/wp\/v2\/media?parent=78593"}],"wp:term":[{"taxonomy":"product_brand","embeddable":true,"href":"https:\/\/whisky.ad\/ca\/wp-json\/wp\/v2\/product_brand?post=78593"},{"taxonomy":"product_cat","embeddable":true,"href":"https:\/\/whisky.ad\/ca\/wp-json\/wp\/v2\/product_cat?post=78593"},{"taxonomy":"product_tag","embeddable":true,"href":"https:\/\/whisky.ad\/ca\/wp-json\/wp\/v2\/product_tag?post=78593"}],"curies":[{"name":"wp","href":"https:\/\/api.w.org\/{rel}","templated":true}]}}