{"id":78590,"date":"2023-08-29T18:04:46","date_gmt":"2023-08-29T17:04:46","guid":{"rendered":"https:\/\/whisky.ad\/product\/cognac-ae-dor-vielle-reserve-no-7-40yo-grande-champagne-0-7l-42\/"},"modified":"2023-08-29T18:04:46","modified_gmt":"2023-08-29T17:04:46","slug":"cognac-ae-dor-vielle-reserve-no-7-40yo-grande-champagne-0-7l-42","status":"publish","type":"product","link":"https:\/\/whisky.ad\/ca\/producte\/cognac-ae-dor-vielle-reserve-no-7-40yo-grande-champagne-0-7l-42\/","title":{"rendered":"Cognac AE DOR Vielle Reserve no.7 40yo Grande Champagne 0.7l 42%"},"content":{"rendered":"","protected":false},"excerpt":{"rendered":"<div class=\"flex flex-grow flex-col gap-3 max-w-full\">\n<div class=\"min-h-[20px] flex flex-col items-start gap-3 overflow-x-auto whitespace-pre-wrap break-words\">\n<div class=\"markdown prose w-full break-words dark:prose-invert light\">\n<p>Un nas mascul\u00ed i robust! Aquest conyac \u00e9s especialment recomanat per als coneixedors. Compta amb una potent entrada al paladar que sorpr\u00e8n a molts. S&#8217;afina en el paladar del tastador, que gaudeix de la rodonesa i la distinci\u00f3 d&#8217;aquest conyac. Prov\u00e9 principalment del cru Grande Champagne. Tipus de producte: Cognac Percentatge d&#8217;alcohol: 42% Varietat de ra\u00efm: Ugni Blanc Color: T\u00fanica brillant Edat:    <\/p>\n<p> &gt; 40 anys Denominaci\u00f3: Celler Grande Champagne Tipus: Servei en sec Temperatura: ~ 16 \u00b0C a 20 \u00b0C Potes: Abundant Textura: Xarop\u00f3s Nas: Complex, Mascul\u00ed Nas Inicial: Viril, Ardent Segon Nas: Caramel Entrada: Rodona, Potent Final: Aromes persistents: ranci subtil, lleugerament cori\u00e0s, persistents.<\/p>\n<\/div>\n<\/div>\n<\/div>\n","protected":false},"featured_media":77487,"comment_status":"open","ping_status":"closed","template":"","meta":{"_acf_changed":false},"product_brand":[],"product_cat":[343,344,349],"product_tag":[],"class_list":{"0":"post-78590","1":"product","2":"type-product","3":"status-publish","4":"has-post-thumbnail","6":"product_cat-rar-i-colleccionable","7":"product_cat-cognac-armagnac-brandy-ca-2","8":"product_cat-begudes-alcoholiques-ca","10":"first","11":"instock","12":"taxable","13":"shipping-taxable","14":"purchasable","15":"product-type-simple"},"acf":[],"aioseo_notices":[],"jetpack_sharing_enabled":true,"_links":{"self":[{"href":"https:\/\/whisky.ad\/ca\/wp-json\/wp\/v2\/product\/78590","targetHints":{"allow":["GET"]}}],"collection":[{"href":"https:\/\/whisky.ad\/ca\/wp-json\/wp\/v2\/product"}],"about":[{"href":"https:\/\/whisky.ad\/ca\/wp-json\/wp\/v2\/types\/product"}],"replies":[{"embeddable":true,"href":"https:\/\/whisky.ad\/ca\/wp-json\/wp\/v2\/comments?post=78590"}],"wp:featuredmedia":[{"embeddable":true,"href":"https:\/\/whisky.ad\/ca\/wp-json\/wp\/v2\/media\/77487"}],"wp:attachment":[{"href":"https:\/\/whisky.ad\/ca\/wp-json\/wp\/v2\/media?parent=78590"}],"wp:term":[{"taxonomy":"product_brand","embeddable":true,"href":"https:\/\/whisky.ad\/ca\/wp-json\/wp\/v2\/product_brand?post=78590"},{"taxonomy":"product_cat","embeddable":true,"href":"https:\/\/whisky.ad\/ca\/wp-json\/wp\/v2\/product_cat?post=78590"},{"taxonomy":"product_tag","embeddable":true,"href":"https:\/\/whisky.ad\/ca\/wp-json\/wp\/v2\/product_tag?post=78590"}],"curies":[{"name":"wp","href":"https:\/\/api.w.org\/{rel}","templated":true}]}}