{"id":78581,"date":"2023-08-29T18:16:57","date_gmt":"2023-08-29T17:16:57","guid":{"rendered":"https:\/\/whisky.ad\/product\/cognac-ae-dor-vielle-reserve-no-10-1962-grande-champagne-0-7l-415\/"},"modified":"2023-08-29T18:16:57","modified_gmt":"2023-08-29T17:16:57","slug":"cognac-ae-dor-vielle-reserve-no-10-1962-grande-champagne-0-7l-415","status":"publish","type":"product","link":"https:\/\/whisky.ad\/ca\/producte\/cognac-ae-dor-vielle-reserve-no-10-1962-grande-champagne-0-7l-415\/","title":{"rendered":"Cognac AE DOR Vielle Reserve no.10 1962 Grande Champagne 0.7l 41,5%"},"content":{"rendered":"","protected":false},"excerpt":{"rendered":"<div class=\"flex flex-grow flex-col gap-3 max-w-full\">\n<div class=\"min-h-[20px] flex flex-col items-start gap-3 overflow-x-auto whitespace-pre-wrap break-words\">\n<div class=\"markdown prose w-full break-words dark:prose-invert light\">\n<p>Un tresor familiar limitat descobert recentment en un petit celler d&#8217;una finca situada a Grande Champagne prop de Ligni\u00e8re-Sonneville. Aquesta reserva de &#8220;forza de b\u00f3ta&#8221; es va recollir en damiana de vidre, en la seva plenitud l&#8217;any 1962, havent arribat al 41,5% despr\u00e9s d&#8217;una llarga i lenta evaporaci\u00f3. En nas, revela la seva noblesa, distinci\u00f3 i car\u00e0cter complet amb aromes florals. Al paladar, impressiona per la seva longitud, suavitat, equilibri i claredat. Tipus de producte: Cognac Percentatge d&#8217;alcohol: 41,5 Varietat de ra\u00efm: Ugni Blanc Color: Robe brillant Edat: 1962 Denominaci\u00f3: Grande Champagne Temperatura de servei: ~ 16 \u00b0C a 20 \u00b0C Potes: Abundant Textura: Xarop\u00f3s   <\/p>\n<\/div>\n<\/div>\n<\/div>\n","protected":false},"featured_media":77496,"comment_status":"open","ping_status":"closed","template":"","meta":{"_acf_changed":false},"product_brand":[],"product_cat":[343,344,349],"product_tag":[],"class_list":{"0":"post-78581","1":"product","2":"type-product","3":"status-publish","4":"has-post-thumbnail","6":"product_cat-rar-i-colleccionable","7":"product_cat-cognac-armagnac-brandy-ca-2","8":"product_cat-begudes-alcoholiques-ca","10":"first","11":"instock","12":"taxable","13":"shipping-taxable","14":"product-type-simple"},"acf":[],"aioseo_notices":[],"jetpack_sharing_enabled":true,"_links":{"self":[{"href":"https:\/\/whisky.ad\/ca\/wp-json\/wp\/v2\/product\/78581","targetHints":{"allow":["GET"]}}],"collection":[{"href":"https:\/\/whisky.ad\/ca\/wp-json\/wp\/v2\/product"}],"about":[{"href":"https:\/\/whisky.ad\/ca\/wp-json\/wp\/v2\/types\/product"}],"replies":[{"embeddable":true,"href":"https:\/\/whisky.ad\/ca\/wp-json\/wp\/v2\/comments?post=78581"}],"wp:featuredmedia":[{"embeddable":true,"href":"https:\/\/whisky.ad\/ca\/wp-json\/wp\/v2\/media\/77496"}],"wp:attachment":[{"href":"https:\/\/whisky.ad\/ca\/wp-json\/wp\/v2\/media?parent=78581"}],"wp:term":[{"taxonomy":"product_brand","embeddable":true,"href":"https:\/\/whisky.ad\/ca\/wp-json\/wp\/v2\/product_brand?post=78581"},{"taxonomy":"product_cat","embeddable":true,"href":"https:\/\/whisky.ad\/ca\/wp-json\/wp\/v2\/product_cat?post=78581"},{"taxonomy":"product_tag","embeddable":true,"href":"https:\/\/whisky.ad\/ca\/wp-json\/wp\/v2\/product_tag?post=78581"}],"curies":[{"name":"wp","href":"https:\/\/api.w.org\/{rel}","templated":true}]}}