{"id":78577,"date":"2023-08-29T17:25:15","date_gmt":"2023-08-29T16:25:15","guid":{"rendered":"https:\/\/whisky.ad\/product\/cognac-ae-dor-napoleon-18yo-0-7l-40\/"},"modified":"2024-01-06T13:27:06","modified_gmt":"2024-01-06T12:27:06","slug":"cognac-ae-dor-napoleon-18yo-0-7l-40","status":"publish","type":"product","link":"https:\/\/whisky.ad\/ca\/producte\/cognac-ae-dor-napoleon-18yo-0-7l-40\/","title":{"rendered":"Cognac AE DOR Napoleon 18yo 0.7l 40%"},"content":{"rendered":"","protected":false},"excerpt":{"rendered":"<div class=\"flex flex-grow flex-col gap-3 max-w-full\">\n<div class=\"min-h-[20px] flex flex-col items-start gap-3 overflow-x-auto whitespace-pre-wrap break-words\">\n<div class=\"markdown prose w-full break-words dark:prose-invert light\">\n<p>Le m\u00e9lange parfait de trois territoires diff\u00e9rents de la r\u00e9gion. C&#8217;est une fusion de la maturit\u00e9 de la Petite Champagne, de la vigueur et de la vivacit\u00e9 des Borderies, ainsi que de la finale et de la longueur de la Grande Champagne. Au nez, des notes \u00e9pic\u00e9es avec une d\u00e9licate touche de vanille. Ce cognac se caract\u00e9rise par son caract\u00e8re doux et s\u00e9duisant. Exp\u00e9dition en cave s\u00e8che. Type de produit : Cognac Pourcentage d&#8217;alcool : 40% C\u00e9page : Ugni Blanc Couleur : Robe Brillante \u00c2ge : 18 ans Descriptions : Grande Champagne, Petite Champagne, Borderies Type de cave : Temp\u00e9rature de service : ~ 16 \u00b0C \u00e0 20 \u00b0C Jambes : Abondante Texture : Sirupeux Nez : Notes \u00e9pic\u00e9es, touches de chocolat Premier nez : Puissant, Complexe Second nez : Chocolat l\u00e9ger Bouche : Puissante, Largo, Persistant Finale : Persistant Ar\u00f4mes : Amaderado, Notes \u00e9pic\u00e9es, Chocolatoso <\/p>\n<\/div>\n<\/div>\n<\/div>\n","protected":false},"featured_media":78600,"comment_status":"open","ping_status":"closed","template":"","meta":{"_acf_changed":false},"product_brand":[],"product_cat":[344,349],"product_tag":[],"class_list":{"0":"post-78577","1":"product","2":"type-product","3":"status-publish","4":"has-post-thumbnail","6":"product_cat-cognac-armagnac-brandy-ca-2","7":"product_cat-begudes-alcoholiques-ca","9":"first","10":"instock","11":"taxable","12":"shipping-taxable","13":"purchasable","14":"product-type-simple"},"acf":[],"aioseo_notices":[],"jetpack_sharing_enabled":true,"_links":{"self":[{"href":"https:\/\/whisky.ad\/ca\/wp-json\/wp\/v2\/product\/78577","targetHints":{"allow":["GET"]}}],"collection":[{"href":"https:\/\/whisky.ad\/ca\/wp-json\/wp\/v2\/product"}],"about":[{"href":"https:\/\/whisky.ad\/ca\/wp-json\/wp\/v2\/types\/product"}],"replies":[{"embeddable":true,"href":"https:\/\/whisky.ad\/ca\/wp-json\/wp\/v2\/comments?post=78577"}],"wp:featuredmedia":[{"embeddable":true,"href":"https:\/\/whisky.ad\/ca\/wp-json\/wp\/v2\/media\/78600"}],"wp:attachment":[{"href":"https:\/\/whisky.ad\/ca\/wp-json\/wp\/v2\/media?parent=78577"}],"wp:term":[{"taxonomy":"product_brand","embeddable":true,"href":"https:\/\/whisky.ad\/ca\/wp-json\/wp\/v2\/product_brand?post=78577"},{"taxonomy":"product_cat","embeddable":true,"href":"https:\/\/whisky.ad\/ca\/wp-json\/wp\/v2\/product_cat?post=78577"},{"taxonomy":"product_tag","embeddable":true,"href":"https:\/\/whisky.ad\/ca\/wp-json\/wp\/v2\/product_tag?post=78577"}],"curies":[{"name":"wp","href":"https:\/\/api.w.org\/{rel}","templated":true}]}}