{"id":78574,"date":"2023-08-29T17:53:11","date_gmt":"2023-08-29T16:53:11","guid":{"rendered":"https:\/\/whisky.ad\/product\/cognac-ae-dor-for-cigar-20yo-0-7l-42\/"},"modified":"2024-01-06T13:22:06","modified_gmt":"2024-01-06T12:22:06","slug":"cognac-ae-dor-for-cigar-20yo-0-7l-42","status":"publish","type":"product","link":"https:\/\/whisky.ad\/ca\/producte\/cognac-ae-dor-for-cigar-20yo-0-7l-42\/","title":{"rendered":"Cognac AE DOR For Cigar 20yo 0.7l 42%"},"content":{"rendered":"","protected":false},"excerpt":{"rendered":"<div class=\"flex flex-grow flex-col gap-3 max-w-full\">\n<div class=\"min-h-[20px] flex flex-col items-start gap-3 overflow-x-auto whitespace-pre-wrap break-words\">\n<div class=\"markdown prose w-full break-words dark:prose-invert light\">\n<p>Per elaborar aquest conyac, la casa A.E. DOR va realitzar una acurada barreja de diferents anyades, entre les quals les m\u00e9s nobles. Aquest conyac combina harmoniosament la finor amb un car\u00e0cter robust i estructurat, dissenyat per accentuar i integrar els matisos arom\u00e0tics que aporten els cigars. Envellit i conservat volunt\u00e0riament en b\u00f3tes noves, contra les convencions. El nou roure aporta un subtil exc\u00e9s de &#8220;woodiness&#8221; que, associat a un grau superior (42%), ofereix un conyac perfecte per als coneixedors m\u00e9s exigents. Tipus de producte: Cognac Percentatge d&#8217;alcohol: 42% Varietat de ra\u00efm: Ugni Blanc Color: Color brillant Edat:   <\/p>\n<p> &gt; 20 anys Denominaci\u00f3: Fins Bois, Grande Champagne, Petite Champagne Tipus de celler: Sec Temperatura de servei: ~ 16 \u00b0C a 20 \u00b0C Potes: Abundant Textura: Nas: Ric, expressiu Primer nas: Potent, lleny\u00f3s, ric Segon nas: Afustat, esp\u00e8cies dolces, afruitat, ric Entrada en boca: sec, estructurat Final: potent Aromes: robust, lleny\u00f3s, xocolata, lleugerament afruitat, criat<\/p>\n<\/div>\n<\/div>\n<\/div>\n<div class=\"flex justify-between lg:block\">\n<div class=\"text-gray-400 flex self-end lg:self-center justify-center mt-2 gap-2 md:gap-3 lg:gap-1 lg:absolute lg:top-0 lg:translate-x-full lg:right-0 lg:mt-0 lg:pl-2 visible\"><\/div>\n<\/div>\n<div class=\"flex-1 overflow-hidden\">\n<div class=\"react-scroll-to-bottom--css-xkuna-79elbk h-full dark:bg-gray-800\">\n<div class=\"react-scroll-to-bottom--css-xkuna-1n7m0yu\">\n<div class=\"flex flex-col text-sm dark:bg-gray-800\">\n<div class=\"h-32 md:h-48 flex-shrink-0\"><\/div>\n<\/div>\n<\/div>\n<\/div>\n<\/div>\n<div class=\"absolute bottom-0 left-0 w-full border-t md:border-t-0 dark:border-white\/20 md:border-transparent md:dark:border-transparent md:bg-vert-light-gradient bg-white dark:bg-gray-800 md:!bg-transparent dark:md:bg-vert-dark-gradient pt-2 md:pl-2 md:w-[calc(100%-.5rem)]\">\n<form class=\"stretch mx-2 flex flex-row gap-3 last:mb-2 md:mx-4 md:last:mb-6 lg:mx-auto lg:max-w-2xl xl:max-w-3xl\">\n<div class=\"relative flex h-full flex-1 items-stretch md:flex-col\">\n<div>\n<div class=\"h-full flex ml-1 md:w-full md:m-auto md:mb-4 gap-0 md:gap-2 justify-center\">\n<div class=\"grow\"><\/div>\n<\/div>\n<\/div>\n<\/div>\n<\/form>\n<\/div>\n","protected":false},"featured_media":78595,"comment_status":"open","ping_status":"closed","template":"","meta":{"_acf_changed":false},"product_brand":[],"product_cat":[344,349],"product_tag":[],"class_list":{"0":"post-78574","1":"product","2":"type-product","3":"status-publish","4":"has-post-thumbnail","6":"product_cat-cognac-armagnac-brandy-ca-2","7":"product_cat-begudes-alcoholiques-ca","9":"first","10":"instock","11":"taxable","12":"shipping-taxable","13":"purchasable","14":"product-type-simple"},"acf":[],"aioseo_notices":[],"jetpack_sharing_enabled":true,"_links":{"self":[{"href":"https:\/\/whisky.ad\/ca\/wp-json\/wp\/v2\/product\/78574","targetHints":{"allow":["GET"]}}],"collection":[{"href":"https:\/\/whisky.ad\/ca\/wp-json\/wp\/v2\/product"}],"about":[{"href":"https:\/\/whisky.ad\/ca\/wp-json\/wp\/v2\/types\/product"}],"replies":[{"embeddable":true,"href":"https:\/\/whisky.ad\/ca\/wp-json\/wp\/v2\/comments?post=78574"}],"wp:featuredmedia":[{"embeddable":true,"href":"https:\/\/whisky.ad\/ca\/wp-json\/wp\/v2\/media\/78595"}],"wp:attachment":[{"href":"https:\/\/whisky.ad\/ca\/wp-json\/wp\/v2\/media?parent=78574"}],"wp:term":[{"taxonomy":"product_brand","embeddable":true,"href":"https:\/\/whisky.ad\/ca\/wp-json\/wp\/v2\/product_brand?post=78574"},{"taxonomy":"product_cat","embeddable":true,"href":"https:\/\/whisky.ad\/ca\/wp-json\/wp\/v2\/product_cat?post=78574"},{"taxonomy":"product_tag","embeddable":true,"href":"https:\/\/whisky.ad\/ca\/wp-json\/wp\/v2\/product_tag?post=78574"}],"curies":[{"name":"wp","href":"https:\/\/api.w.org\/{rel}","templated":true}]}}