{"id":78570,"date":"2023-08-29T17:30:07","date_gmt":"2023-08-29T16:30:07","guid":{"rendered":"https:\/\/whisky.ad\/product\/cognac-ae-dor-embleme-12yo-0-7l-40\/"},"modified":"2024-01-06T13:24:36","modified_gmt":"2024-01-06T12:24:36","slug":"cognac-ae-dor-embleme-12yo-0-7l-40","status":"publish","type":"product","link":"https:\/\/whisky.ad\/ca\/producte\/cognac-ae-dor-embleme-12yo-0-7l-40\/","title":{"rendered":"Cognac AE DOR Embl\u00e8me 12yo 0.7l 40%"},"content":{"rendered":"","protected":false},"excerpt":{"rendered":"<div class=\"flex flex-grow flex-col gap-3 max-w-full\">\n<div class=\"min-h-[20px] flex flex-col items-start gap-3 overflow-x-auto whitespace-pre-wrap break-words\">\n<div class=\"markdown prose w-full break-words dark:prose-invert light\">\n<p>El cognac EMBLEME \u00e9s una barreja perfecta de dos crus fins de la regi\u00f3: Grande Champagne i Fins Bois. Envellit en b\u00f3tes de roure durant molts anys als cellers de A.E. DOR a Jarnac. Les aromes de vainilla i albercoc harmonitzen al nas, juntament amb una subtil nota de xocolata. Al paladar \u00e9s molt agradable i elegant. Tipus de producte: Cognac Percentatge d&#8217;alcohol: 40% Varietat de ra\u00efm: Ugni Blanc Color: T\u00fanica brillant Edat:<\/p>\n<p> &gt; 12 anys Denominaci\u00f3: Fins Bois, Grande Champagne Celler Tipus: Humit Temperatura de servei: ~ 16 \u00b0C a 20 \u00b0C Potes: Abundant Textura: Xarop\u00f3s Nas: Elegant Nas Inicial: Intens Segon Nas: Xocolata lleugera, Es desenvolupa amb el temps Entrada en boca: Complet Final: Aromes persistents: lleugerament albercoc, notes de xocolata, vainilla<\/p>\n<\/div>\n<\/div>\n<\/div>\n","protected":false},"featured_media":78615,"comment_status":"open","ping_status":"closed","template":"","meta":{"_acf_changed":false},"product_brand":[],"product_cat":[344,349],"product_tag":[],"class_list":{"0":"post-78570","1":"product","2":"type-product","3":"status-publish","4":"has-post-thumbnail","6":"product_cat-cognac-armagnac-brandy-ca-2","7":"product_cat-begudes-alcoholiques-ca","9":"first","10":"instock","11":"taxable","12":"shipping-taxable","13":"purchasable","14":"product-type-simple"},"acf":[],"aioseo_notices":[],"jetpack_sharing_enabled":true,"_links":{"self":[{"href":"https:\/\/whisky.ad\/ca\/wp-json\/wp\/v2\/product\/78570","targetHints":{"allow":["GET"]}}],"collection":[{"href":"https:\/\/whisky.ad\/ca\/wp-json\/wp\/v2\/product"}],"about":[{"href":"https:\/\/whisky.ad\/ca\/wp-json\/wp\/v2\/types\/product"}],"replies":[{"embeddable":true,"href":"https:\/\/whisky.ad\/ca\/wp-json\/wp\/v2\/comments?post=78570"}],"wp:featuredmedia":[{"embeddable":true,"href":"https:\/\/whisky.ad\/ca\/wp-json\/wp\/v2\/media\/78615"}],"wp:attachment":[{"href":"https:\/\/whisky.ad\/ca\/wp-json\/wp\/v2\/media?parent=78570"}],"wp:term":[{"taxonomy":"product_brand","embeddable":true,"href":"https:\/\/whisky.ad\/ca\/wp-json\/wp\/v2\/product_brand?post=78570"},{"taxonomy":"product_cat","embeddable":true,"href":"https:\/\/whisky.ad\/ca\/wp-json\/wp\/v2\/product_cat?post=78570"},{"taxonomy":"product_tag","embeddable":true,"href":"https:\/\/whisky.ad\/ca\/wp-json\/wp\/v2\/product_tag?post=78570"}],"curies":[{"name":"wp","href":"https:\/\/api.w.org\/{rel}","templated":true}]}}