{"id":78567,"date":"2023-08-29T17:38:29","date_gmt":"2023-08-29T16:38:29","guid":{"rendered":"https:\/\/whisky.ad\/product\/cognac-ae-dor-carafe-xo-25yo-0-7l-40\/"},"modified":"2023-08-29T17:38:29","modified_gmt":"2023-08-29T16:38:29","slug":"cognac-ae-dor-carafe-xo-25yo-0-7l-40","status":"publish","type":"product","link":"https:\/\/whisky.ad\/ca\/producte\/cognac-ae-dor-carafe-xo-25yo-0-7l-40\/","title":{"rendered":"Cognac AE DOR Carafe XO 25yo 0.7l 40%"},"content":{"rendered":"","protected":false},"excerpt":{"rendered":"<div class=\"flex flex-grow flex-col gap-3 max-w-full\">\n<div class=\"min-h-[20px] flex flex-col items-start gap-3 overflow-x-auto whitespace-pre-wrap break-words\">\n<div class=\"markdown prose w-full break-words dark:prose-invert light\">\n<p>Aquest \u00e9s un matrimoni subtil entre el Grande Champagne i el Petite Champagne. Lleuger i delicat, aquest Champagne Fins revela progressivament un bouquet complex i equilibrat tant al nas com al paladar. Tocs de flors, mel i sarments. Aquesta aigua de vida ja deixa entreveure la seva rodonesa i maduresa a trav\u00e9s dels seus aromes delicats i agradables. Aquestes qualitats segur que satisfan fins i tot els entesos m\u00e9s exigents. Tipus de producte: Cognac Volum: 70 cl Percentatge d&#8217;alcohol: 40% Varietat de ra\u00efm: Ugni Blanc Color: Bright Robe Edat Compte: XO Edat:    <\/p>\n<p> &gt; 25 anys Denominaci\u00f3: Celler de Champagne Fins Tipus: Humit Temperatura de servei: ~ 16 \u00b0C a 20 \u00b0C Potes: Abundant Textura: Xarop\u00f3s Nas: Complex Nas Inicial: Ric Segon Nas: Lleugerament especiat, Notes de tardor, Notes de mel Entrada paladar: Rodona, Final complex: Aromes persistents: lleny\u00f3s, lleugerament afruitat, canyella, caramel, clau.<\/p>\n<\/div>\n<\/div>\n<\/div>\n","protected":false},"featured_media":77475,"comment_status":"open","ping_status":"closed","template":"","meta":{"_acf_changed":false},"product_brand":[],"product_cat":[344,349],"product_tag":[],"class_list":{"0":"post-78567","1":"product","2":"type-product","3":"status-publish","4":"has-post-thumbnail","6":"product_cat-cognac-armagnac-brandy-ca-2","7":"product_cat-begudes-alcoholiques-ca","9":"first","10":"instock","11":"taxable","12":"shipping-taxable","13":"purchasable","14":"product-type-simple"},"acf":[],"aioseo_notices":[],"jetpack_sharing_enabled":true,"_links":{"self":[{"href":"https:\/\/whisky.ad\/ca\/wp-json\/wp\/v2\/product\/78567","targetHints":{"allow":["GET"]}}],"collection":[{"href":"https:\/\/whisky.ad\/ca\/wp-json\/wp\/v2\/product"}],"about":[{"href":"https:\/\/whisky.ad\/ca\/wp-json\/wp\/v2\/types\/product"}],"replies":[{"embeddable":true,"href":"https:\/\/whisky.ad\/ca\/wp-json\/wp\/v2\/comments?post=78567"}],"wp:featuredmedia":[{"embeddable":true,"href":"https:\/\/whisky.ad\/ca\/wp-json\/wp\/v2\/media\/77475"}],"wp:attachment":[{"href":"https:\/\/whisky.ad\/ca\/wp-json\/wp\/v2\/media?parent=78567"}],"wp:term":[{"taxonomy":"product_brand","embeddable":true,"href":"https:\/\/whisky.ad\/ca\/wp-json\/wp\/v2\/product_brand?post=78567"},{"taxonomy":"product_cat","embeddable":true,"href":"https:\/\/whisky.ad\/ca\/wp-json\/wp\/v2\/product_cat?post=78567"},{"taxonomy":"product_tag","embeddable":true,"href":"https:\/\/whisky.ad\/ca\/wp-json\/wp\/v2\/product_tag?post=78567"}],"curies":[{"name":"wp","href":"https:\/\/api.w.org\/{rel}","templated":true}]}}