{"id":78563,"date":"2023-07-29T18:03:18","date_gmt":"2023-07-29T17:03:18","guid":{"rendered":"https:\/\/whisky.ad\/product\/chateau-lyonnat-rouge-2015-0-75l-14\/"},"modified":"2024-01-11T16:51:40","modified_gmt":"2024-01-11T15:51:40","slug":"chateau-lyonnat-rouge-2015-0-75l-14","status":"publish","type":"product","link":"https:\/\/whisky.ad\/ca\/producte\/chateau-lyonnat-rouge-2015-0-75l-14\/","title":{"rendered":"Chateau Lyonnat Rouge 2015 0.75l 14%"},"content":{"rendered":"","protected":false},"excerpt":{"rendered":"<div class=\"flex flex-grow flex-col gap-3\">\n<div class=\"min-h-[20px] flex items-start overflow-x-auto whitespace-pre-wrap break-words flex-col gap-4\">\n<div class=\"markdown prose w-full break-words dark:prose-invert light\">\n<p>Ch\u00e2teau Lyonnat, situat a Lussac-Saint-\u00c9milion, \u00e9s conegut per la seva producci\u00f3 de vi excepcional i \u00e9s el castell principal de G\u00e9rard Milhade. El vi s&#8217;elabora amb molta cura, utilitzant un cupatge dominat per un 85% de Merlot, complementat amb un 11% de Cabernet Sauvignon i un 4% de Cabernet Franc. La finca compta amb antigues parcel\u00b7les de vinya, mentre que les vinyes dels turons creixen en s\u00f2ls calcaris i argilosos. L&#8217;aspecte del vi \u00e9s d&#8217;un granat profund, i despr\u00e8n una deliciosa calidesa de pa especiat i aromes de fruits vermells. Posseeix un notable equilibri de pot\u00e8ncia i flexibilitat, amb tocs persistents de vainilla al final. El Claret de Ch\u00e2teau Lyonnat, a base de merlot, ofereix una experi\u00e8ncia saborosa. La seva naturalesa flexible i sucosa el converteix en un company vers\u00e0til per a elegants plats de pollastre, vedella, xai i verdures. Com a resultat de les seves excel\u00b7lents qualitats, aquest vi s&#8217;ha guanyat un lloc a la nostra gamma b\u00e0sica. El merlot, tamb\u00e9 conegut com Mare-low, \u00e9s una varietat de ra\u00efm que produeix vins de cos mitj\u00e0, carnosos i sucosos amb tanins suaus. Sovint es gaudeix com a varietat \u00fanica, per\u00f2 tamb\u00e9 es barreja amb Cabernet Sauvignon per suavitzar les vores dures. El merlot es cultiva \u00e0mpliament a tot el m\u00f3n i t\u00e9 una import\u00e0ncia comercial important entre el ra\u00efm negre de la ind\u00fastria de l&#8217;hostaleria. Aquest ra\u00efm mostra una varietat de sabors deliciosos, com ara nabius, cirera, xocolata, pruna i vainilla, millorant encara m\u00e9s el seu atractiu per als entusiastes del vi.  <\/p>\n<\/div>\n<\/div>\n<\/div>\n","protected":false},"featured_media":77085,"comment_status":"open","ping_status":"closed","template":"","meta":{"_acf_changed":false},"product_brand":[],"product_cat":[488,391],"product_tag":[],"class_list":{"0":"post-78563","1":"product","2":"type-product","3":"status-publish","4":"has-post-thumbnail","6":"product_cat-lussac-st-emilion-ca","7":"product_cat-vins-ca","9":"first","10":"instock","11":"taxable","12":"shipping-taxable","13":"product-type-simple"},"acf":[],"aioseo_notices":[],"jetpack_sharing_enabled":true,"_links":{"self":[{"href":"https:\/\/whisky.ad\/ca\/wp-json\/wp\/v2\/product\/78563","targetHints":{"allow":["GET"]}}],"collection":[{"href":"https:\/\/whisky.ad\/ca\/wp-json\/wp\/v2\/product"}],"about":[{"href":"https:\/\/whisky.ad\/ca\/wp-json\/wp\/v2\/types\/product"}],"replies":[{"embeddable":true,"href":"https:\/\/whisky.ad\/ca\/wp-json\/wp\/v2\/comments?post=78563"}],"wp:featuredmedia":[{"embeddable":true,"href":"https:\/\/whisky.ad\/ca\/wp-json\/wp\/v2\/media\/77085"}],"wp:attachment":[{"href":"https:\/\/whisky.ad\/ca\/wp-json\/wp\/v2\/media?parent=78563"}],"wp:term":[{"taxonomy":"product_brand","embeddable":true,"href":"https:\/\/whisky.ad\/ca\/wp-json\/wp\/v2\/product_brand?post=78563"},{"taxonomy":"product_cat","embeddable":true,"href":"https:\/\/whisky.ad\/ca\/wp-json\/wp\/v2\/product_cat?post=78563"},{"taxonomy":"product_tag","embeddable":true,"href":"https:\/\/whisky.ad\/ca\/wp-json\/wp\/v2\/product_tag?post=78563"}],"curies":[{"name":"wp","href":"https:\/\/api.w.org\/{rel}","templated":true}]}}