{"id":78558,"date":"2021-08-03T12:32:36","date_gmt":"2021-08-03T11:32:36","guid":{"rendered":"https:\/\/whisky.ad\/product\/chateau-jean-faux-bordeaux-superieur-aoc\/"},"modified":"2024-01-11T16:45:12","modified_gmt":"2024-01-11T15:45:12","slug":"chateau-jean-faux-bordeaux-superieur-aoc","status":"publish","type":"product","link":"https:\/\/whisky.ad\/ca\/producte\/chateau-jean-faux-bordeaux-superieur-aoc\/","title":{"rendered":"Ch\u00e2teau Jean Faux, Bordeaux Sup\u00e9rieur AOC"},"content":{"rendered":"<p>&nbsp;<\/p>\n<p>&nbsp;<\/p>\n","protected":false},"excerpt":{"rendered":"<p>Finca: Ch\u00e2teau Jean Faux<br \/>\nColor: Vermell<br \/>\nRegi\u00f3: Bordeus &#8211; Entre-deux-Mers<br \/>\nDenominaci\u00f3: Bordeus Sup\u00e9rieur<br \/>\nC\u00e9pages : Cabernet franc , Merlot<br \/>\nWine spectator: 90\/100<br \/>\nVivino: 4.2\/5<\/p>\n<p>\u00c9s a partir de 12 hect\u00e0rees de vinyes velles, d&#8217;un quart de segle d&#8217;antiguitat, que Ch\u00e2teau Jean Faux produeix aquest Bordeus Sup\u00e9rieur. El terreny \u00e9s el de Saint-Rad\u00e9gonde, sota Castillon-la-Bataille, amb vessants argilo-calc\u00e0ries ben exposades i altiplans. Hi ha dues varietats de ra\u00efm, el merlot i el cabernet franc, amb 4 cinquenes parts de la primera. Despr\u00e9s de les veremes manuals classificades sobre taula vibrat\u00f2ria, la vinificaci\u00f3 es fa en parcel\u00b7la i es realitza en petites tines de ciment i acer inoxidable, per a un treball prec\u00eds. La crian\u00e7a \u00e9s doble, amb 12 a 14 mesos en b\u00f3tes noves de roure del 40% i 6 mesos en tines, per harmonitzar els lots.<\/p>\n","protected":false},"featured_media":76374,"comment_status":"open","ping_status":"closed","template":"","meta":{"_acf_changed":false},"product_brand":[],"product_cat":[395,391],"product_tag":[],"class_list":{"0":"post-78558","1":"product","2":"type-product","3":"status-publish","4":"has-post-thumbnail","6":"product_cat-bordeaux-ca","7":"product_cat-vins-ca","9":"first","10":"instock","11":"taxable","12":"shipping-taxable","13":"purchasable","14":"product-type-simple"},"acf":[],"aioseo_notices":[],"jetpack_sharing_enabled":true,"_links":{"self":[{"href":"https:\/\/whisky.ad\/ca\/wp-json\/wp\/v2\/product\/78558","targetHints":{"allow":["GET"]}}],"collection":[{"href":"https:\/\/whisky.ad\/ca\/wp-json\/wp\/v2\/product"}],"about":[{"href":"https:\/\/whisky.ad\/ca\/wp-json\/wp\/v2\/types\/product"}],"replies":[{"embeddable":true,"href":"https:\/\/whisky.ad\/ca\/wp-json\/wp\/v2\/comments?post=78558"}],"wp:featuredmedia":[{"embeddable":true,"href":"https:\/\/whisky.ad\/ca\/wp-json\/wp\/v2\/media\/76374"}],"wp:attachment":[{"href":"https:\/\/whisky.ad\/ca\/wp-json\/wp\/v2\/media?parent=78558"}],"wp:term":[{"taxonomy":"product_brand","embeddable":true,"href":"https:\/\/whisky.ad\/ca\/wp-json\/wp\/v2\/product_brand?post=78558"},{"taxonomy":"product_cat","embeddable":true,"href":"https:\/\/whisky.ad\/ca\/wp-json\/wp\/v2\/product_cat?post=78558"},{"taxonomy":"product_tag","embeddable":true,"href":"https:\/\/whisky.ad\/ca\/wp-json\/wp\/v2\/product_tag?post=78558"}],"curies":[{"name":"wp","href":"https:\/\/api.w.org\/{rel}","templated":true}]}}