{"id":78554,"date":"2023-07-29T18:15:24","date_gmt":"2023-07-29T17:15:24","guid":{"rendered":"https:\/\/whisky.ad\/product\/chateau-canet-rouge-2019-0-75l-135\/"},"modified":"2023-07-29T18:15:24","modified_gmt":"2023-07-29T17:15:24","slug":"chateau-canet-rouge-2019-0-75l-135","status":"publish","type":"product","link":"https:\/\/whisky.ad\/ca\/producte\/chateau-canet-rouge-2019-0-75l-135\/","title":{"rendered":"Chateau Canet Rouge 2019 0.75l 13,5%"},"content":{"rendered":"","protected":false},"excerpt":{"rendered":"<div class=\"flex flex-grow flex-col gap-3\">\n<div class=\"min-h-[20px] flex items-start overflow-x-auto whitespace-pre-wrap break-words flex-col gap-4\">\n<div class=\"markdown prose w-full break-words dark:prose-invert light\">\n<p>VINYA Situada a Guillac (Gironda). Superf\u00edcie de vinya: 24 hect\u00e0rees. S\u00f2l: Argilo-calcari. Temperatura mitjana anual: 12,9\u00b0C. Selecci\u00f3 de les nostres parcel\u00b7les amb potencial d&#8217;envelliment. VARIETATS DE RA\u00cfM: 80% Merlot, 20% Cabernet Sauvignon. MARIDATGE: Ideal per acompanyar carns, ca\u00e7a i plats regionals. Perfecte per a \u00e0pats campestres de diumenge i ocasions especials.<\/p>\n<\/div>\n<\/div>\n<\/div>\n<div id=\"__next\">\n<div tabindex=\"-1\" role=\"region\" aria-label=\"Notifications (F8)\"><\/div>\n<div class=\"absolute left-0 right-0 top-0 z-[2]\"><\/div>\n<\/div>\n<p>&nbsp;<\/p>\n","protected":false},"featured_media":76935,"comment_status":"open","ping_status":"closed","template":"","meta":{"_acf_changed":false},"product_brand":[],"product_cat":[395,391],"product_tag":[],"class_list":{"0":"post-78554","1":"product","2":"type-product","3":"status-publish","4":"has-post-thumbnail","6":"product_cat-bordeaux-ca","7":"product_cat-vins-ca","9":"first","10":"instock","11":"taxable","12":"shipping-taxable","13":"product-type-simple"},"acf":[],"aioseo_notices":[],"jetpack_sharing_enabled":true,"_links":{"self":[{"href":"https:\/\/whisky.ad\/ca\/wp-json\/wp\/v2\/product\/78554","targetHints":{"allow":["GET"]}}],"collection":[{"href":"https:\/\/whisky.ad\/ca\/wp-json\/wp\/v2\/product"}],"about":[{"href":"https:\/\/whisky.ad\/ca\/wp-json\/wp\/v2\/types\/product"}],"replies":[{"embeddable":true,"href":"https:\/\/whisky.ad\/ca\/wp-json\/wp\/v2\/comments?post=78554"}],"wp:featuredmedia":[{"embeddable":true,"href":"https:\/\/whisky.ad\/ca\/wp-json\/wp\/v2\/media\/76935"}],"wp:attachment":[{"href":"https:\/\/whisky.ad\/ca\/wp-json\/wp\/v2\/media?parent=78554"}],"wp:term":[{"taxonomy":"product_brand","embeddable":true,"href":"https:\/\/whisky.ad\/ca\/wp-json\/wp\/v2\/product_brand?post=78554"},{"taxonomy":"product_cat","embeddable":true,"href":"https:\/\/whisky.ad\/ca\/wp-json\/wp\/v2\/product_cat?post=78554"},{"taxonomy":"product_tag","embeddable":true,"href":"https:\/\/whisky.ad\/ca\/wp-json\/wp\/v2\/product_tag?post=78554"}],"curies":[{"name":"wp","href":"https:\/\/api.w.org\/{rel}","templated":true}]}}