{"id":78552,"date":"2023-07-29T18:37:41","date_gmt":"2023-07-29T17:37:41","guid":{"rendered":"https:\/\/whisky.ad\/product\/champagne-monthuys-brut-reserve-075l-125\/"},"modified":"2023-07-29T18:37:41","modified_gmt":"2023-07-29T17:37:41","slug":"champagne-monthuys-brut-reserve-075l-125","status":"publish","type":"product","link":"https:\/\/whisky.ad\/ca\/producte\/champagne-monthuys-brut-reserve-075l-125\/","title":{"rendered":"Champagne Monthuys Brut Reserve 0,75l 12,5%"},"content":{"rendered":"","protected":false},"excerpt":{"rendered":"<div class=\"flex flex-grow flex-col gap-3\">\n<div class=\"min-h-[20px] flex items-start overflow-x-auto whitespace-pre-wrap break-words flex-col gap-4\">\n<div class=\"markdown prose w-full break-words dark:prose-invert light\">\n<p>El Champagne Monthuys pertany a la fam\u00edlia Baron, que posseeix i conrea vinyes a la regi\u00f3 de Champagne des del segle XVII. Inicialment, tota la collita es venia a comerciants d&#8217;Epernay i Reims. L&#8217;any 1966, el Sr. Gabriel Baron va prendre la decisi\u00f3 de vinificar i produir el seu propi xampany. Les primeres ampolles es venien directament des del celler a clients particulars i restaurants locals. Amb els anys, l&#8217;empresa va seguir creixent. Actualment, la fam\u00edlia posseeix 38 hect\u00e0rees de vinyes i est\u00e0 establerta al poble de Charly sur Marne, a la part oriental de la vall del Marne. Despr\u00e9s d&#8217;un nas inicial fresc i elegant, aquest cuv\u00e9e ofereix notes gourmet de polpa de pr\u00e9ssec i albercoc. En boca, ben equilibrat, es caracteritza per una complexa sensaci\u00f3 de rodonesa i frescor. Intenses notes de poma i pr\u00e9ssec acompanyen aquest bell equilibri de sabors. El final \u00e9s llarg i marcat per subtils notes de fruits secs.     <\/p>\n<\/div>\n<\/div>\n<\/div>\n","protected":false},"featured_media":77073,"comment_status":"open","ping_status":"closed","template":"","meta":{"_acf_changed":false},"product_brand":[],"product_cat":[392,391],"product_tag":[],"class_list":{"0":"post-78552","1":"product","2":"type-product","3":"status-publish","4":"has-post-thumbnail","6":"product_cat-champagne-ca","7":"product_cat-vins-ca","9":"first","10":"instock","11":"taxable","12":"shipping-taxable","13":"purchasable","14":"product-type-simple"},"acf":[],"aioseo_notices":[],"jetpack_sharing_enabled":true,"_links":{"self":[{"href":"https:\/\/whisky.ad\/ca\/wp-json\/wp\/v2\/product\/78552","targetHints":{"allow":["GET"]}}],"collection":[{"href":"https:\/\/whisky.ad\/ca\/wp-json\/wp\/v2\/product"}],"about":[{"href":"https:\/\/whisky.ad\/ca\/wp-json\/wp\/v2\/types\/product"}],"replies":[{"embeddable":true,"href":"https:\/\/whisky.ad\/ca\/wp-json\/wp\/v2\/comments?post=78552"}],"wp:featuredmedia":[{"embeddable":true,"href":"https:\/\/whisky.ad\/ca\/wp-json\/wp\/v2\/media\/77073"}],"wp:attachment":[{"href":"https:\/\/whisky.ad\/ca\/wp-json\/wp\/v2\/media?parent=78552"}],"wp:term":[{"taxonomy":"product_brand","embeddable":true,"href":"https:\/\/whisky.ad\/ca\/wp-json\/wp\/v2\/product_brand?post=78552"},{"taxonomy":"product_cat","embeddable":true,"href":"https:\/\/whisky.ad\/ca\/wp-json\/wp\/v2\/product_cat?post=78552"},{"taxonomy":"product_tag","embeddable":true,"href":"https:\/\/whisky.ad\/ca\/wp-json\/wp\/v2\/product_tag?post=78552"}],"curies":[{"name":"wp","href":"https:\/\/api.w.org\/{rel}","templated":true}]}}