{"id":78546,"date":"2023-08-04T17:24:29","date_gmt":"2023-08-04T16:24:29","guid":{"rendered":"https:\/\/whisky.ad\/product\/campanero-elixir-orange-0-7l-40\/"},"modified":"2024-01-06T18:36:58","modified_gmt":"2024-01-06T17:36:58","slug":"campanero-elixir-orange-0-7l-40","status":"publish","type":"product","link":"https:\/\/whisky.ad\/ca\/producte\/campanero-elixir-orange-0-7l-40\/","title":{"rendered":"Campa\u00f1ero Elixir Orange Jamaican Rum 0.7l 40%"},"content":{"rendered":"","protected":false},"excerpt":{"rendered":"<p>Campa\u00f1ero Elixir Orange \u00e9s un rom realment captivador que ofereix una deliciosa fusi\u00f3 de sabors. Elaborat amb la millor canya de sucre del Carib, aquest exquisit elixir est\u00e0 impregnat de l&#8217;ess\u00e8ncia de taronges madurades al sol, creant un harmoni\u00f3s matrimoni de notes dolces i c\u00edtriques. El resultat \u00e9s un esperit vellut, suau i delici\u00f3s que tenta les papil\u00b7les gustatives amb la seva rica complexitat. El seu atractiu color ambre reflecteix la calidesa i la vitalitat del Carib, convidant-te a gaudir d&#8217;un viatge sensorial amb cada glop. Perfecte per assaborir-se sol, sobre gel o com a complement vers\u00e0til a c\u00f2ctels imaginatius, Campa\u00f1ero Elixir Orange \u00e9s un testimoni de l&#8217;art de l&#8217;elaboraci\u00f3 del rom, oferint una experi\u00e8ncia inoblidable que captura l&#8217;ess\u00e8ncia de la indulg\u00e8ncia tropical. A mesura que aixeques el got, els teus sentits s\u00f3n rebuts amb una explosi\u00f3 vibrant i arom\u00e0tica de taronges dolces madures al sol. L&#8217;aroma inicial \u00e9s vigoritzant i promet un viatge c\u00edtric endavant. Al primer glop, la textura suau i vellutada embolcalla el vostre paladar amb una abra\u00e7ada luxosa. El distint perfil de sabor es desplega amb l&#8217;ess\u00e8ncia de taronges madures, revelant una perfecta harmonia de dol\u00e7or i picor. Entre les notes c\u00edtriques, descobrireu tocs de caramel i vainilla, afegint capes de complexitat a l&#8217;elixir. La infusi\u00f3 de fruites tropicals millora encara m\u00e9s la deliciosa ess\u00e8ncia tropical, transportant-te a les assolellades costes del Carib. A mig paladar, apareixen esp\u00e8cies subtils que aporten una suau calidesa a l&#8217;experi\u00e8ncia. Aquestes esp\u00e8cies afegeixen un agradable contrast a la dol\u00e7or dels c\u00edtrics, culminant amb un gust equilibrat i matisat. El final \u00e9s llarg i satisfactori, deixant una impressi\u00f3 persistent de ratlladura de taronja picant i un toc de roure, deixant-vos amb ganes d&#8217;assaborir fins a l&#8217;\u00faltima gota.    <\/p>\n","protected":false},"featured_media":77001,"comment_status":"open","ping_status":"closed","template":"","meta":{"_acf_changed":false},"product_brand":[],"product_cat":[386,370],"product_tag":[],"class_list":{"0":"post-78546","1":"product","2":"type-product","3":"status-publish","4":"has-post-thumbnail","6":"product_cat-jamaica-ca","7":"product_cat-ron-ca","9":"first","10":"instock","11":"taxable","12":"shipping-taxable","13":"purchasable","14":"product-type-simple"},"acf":[],"aioseo_notices":[],"jetpack_sharing_enabled":true,"_links":{"self":[{"href":"https:\/\/whisky.ad\/ca\/wp-json\/wp\/v2\/product\/78546","targetHints":{"allow":["GET"]}}],"collection":[{"href":"https:\/\/whisky.ad\/ca\/wp-json\/wp\/v2\/product"}],"about":[{"href":"https:\/\/whisky.ad\/ca\/wp-json\/wp\/v2\/types\/product"}],"replies":[{"embeddable":true,"href":"https:\/\/whisky.ad\/ca\/wp-json\/wp\/v2\/comments?post=78546"}],"wp:featuredmedia":[{"embeddable":true,"href":"https:\/\/whisky.ad\/ca\/wp-json\/wp\/v2\/media\/77001"}],"wp:attachment":[{"href":"https:\/\/whisky.ad\/ca\/wp-json\/wp\/v2\/media?parent=78546"}],"wp:term":[{"taxonomy":"product_brand","embeddable":true,"href":"https:\/\/whisky.ad\/ca\/wp-json\/wp\/v2\/product_brand?post=78546"},{"taxonomy":"product_cat","embeddable":true,"href":"https:\/\/whisky.ad\/ca\/wp-json\/wp\/v2\/product_cat?post=78546"},{"taxonomy":"product_tag","embeddable":true,"href":"https:\/\/whisky.ad\/ca\/wp-json\/wp\/v2\/product_tag?post=78546"}],"curies":[{"name":"wp","href":"https:\/\/api.w.org\/{rel}","templated":true}]}}