{"id":78543,"date":"2023-08-04T17:27:05","date_gmt":"2023-08-04T16:27:05","guid":{"rendered":"https:\/\/whisky.ad\/product\/campanero-anejo-0-7l-54\/"},"modified":"2024-01-06T18:34:07","modified_gmt":"2024-01-06T17:34:07","slug":"campanero-anejo-0-7l-54","status":"publish","type":"product","link":"https:\/\/whisky.ad\/ca\/producte\/campanero-anejo-0-7l-54\/","title":{"rendered":"Campa\u00f1ero A\u00f1ejo Panamanian Rum 0.7l 54%"},"content":{"rendered":"","protected":false},"excerpt":{"rendered":"<div class=\"flex flex-grow flex-col gap-3\">\n<div class=\"min-h-[20px] flex flex-col items-start gap-3 overflow-x-auto whitespace-pre-wrap break-words\">\n<div class=\"markdown prose w-full break-words dark:prose-invert light\">\n<p>Campa\u00f1ero A\u00f1ejo \u00e9s un rom excepcional que mostra la veritable ess\u00e8ncia de l&#8217;artesania tradicional. Elaborat minuciosament amb la millor canya de sucre del Carib i envellit en b\u00f3tes de roure, aquest exquisit esperit t\u00e9 un car\u00e0cter alhora refinat i robust. El proc\u00e9s d&#8217;envelliment li imprimeix una bonica tonalitat daurada i una textura suau i vellutada, mentre que les complexes aromes de vainilla, caramel i roure evoquen una sensaci\u00f3 d&#8217;indulg\u00e8ncia. Cada glop revela un equilibri harmoni\u00f3s de sabors, incloent tocs de fruites tropicals i esp\u00e8cies, deixant un final persistent i satisfactori. Campa\u00f1ero A\u00f1ejo \u00e9s un testimoni de l&#8217;art de fer rom, convidant els entusiastes a assaborir i celebrar el llegat d&#8217;una tradici\u00f3 antiga en cada copa. Ja sigui assaborit net, a les roques o com a pe\u00e7a central en c\u00f2ctels cl\u00e0ssics, aquest rom segur que captivar\u00e0 el paladar i crear\u00e0 records duradors de la indulg\u00e8ncia del Carib. El perfil de sabor de Compa\u00f1ero A\u00f1ejo \u00e9s una barreja harm\u00f2nica de notes dolces i salades. El caramel i el toffe dominen el paladar, acompanyats d&#8217;un delicat toc de roure que afegeix profunditat i complexitat a l&#8217;experi\u00e8ncia. A mesura que el rom perdura al paladar, emergeixen tocs de fruita seca i esp\u00e8cies, donant al gust una complexitat deliciosa que us fa explorar cada mat\u00eds. En boca mitj\u00e0, una suau calidesa d&#8217;esp\u00e8cies com la canyella i la nou moscada afegeix una sensaci\u00f3 reconfortant i satisfact\u00f2ria. L&#8217;acurat proc\u00e9s d&#8217;envelliment brilla, creant un perfil de gust ben arrodonit i sofisticat que agrada tant als entusiastes del rom experimentats com als nouvinguts. El final \u00e9s llarg i memorable, deixant una impressi\u00f3 duradora de roure torrat i una dol\u00e7or subtil i agradable. Compa\u00f1ero A\u00f1ejo \u00e9s un testimoni de l&#8217;art de l&#8217;elaboraci\u00f3 del rom, mostrant el domini de l&#8217;envelliment i la barreja per produir un rom accessible i ple de car\u00e0cter.     <\/p>\n<\/div>\n<\/div>\n<\/div>\n","protected":false},"featured_media":77004,"comment_status":"open","ping_status":"closed","template":"","meta":{"_acf_changed":false},"product_brand":[],"product_cat":[383,370],"product_tag":[],"class_list":{"0":"post-78543","1":"product","2":"type-product","3":"status-publish","4":"has-post-thumbnail","6":"product_cat-panama-ca","7":"product_cat-ron-ca","9":"first","10":"instock","11":"taxable","12":"shipping-taxable","13":"purchasable","14":"product-type-simple"},"acf":[],"aioseo_notices":[],"jetpack_sharing_enabled":true,"_links":{"self":[{"href":"https:\/\/whisky.ad\/ca\/wp-json\/wp\/v2\/product\/78543","targetHints":{"allow":["GET"]}}],"collection":[{"href":"https:\/\/whisky.ad\/ca\/wp-json\/wp\/v2\/product"}],"about":[{"href":"https:\/\/whisky.ad\/ca\/wp-json\/wp\/v2\/types\/product"}],"replies":[{"embeddable":true,"href":"https:\/\/whisky.ad\/ca\/wp-json\/wp\/v2\/comments?post=78543"}],"wp:featuredmedia":[{"embeddable":true,"href":"https:\/\/whisky.ad\/ca\/wp-json\/wp\/v2\/media\/77004"}],"wp:attachment":[{"href":"https:\/\/whisky.ad\/ca\/wp-json\/wp\/v2\/media?parent=78543"}],"wp:term":[{"taxonomy":"product_brand","embeddable":true,"href":"https:\/\/whisky.ad\/ca\/wp-json\/wp\/v2\/product_brand?post=78543"},{"taxonomy":"product_cat","embeddable":true,"href":"https:\/\/whisky.ad\/ca\/wp-json\/wp\/v2\/product_cat?post=78543"},{"taxonomy":"product_tag","embeddable":true,"href":"https:\/\/whisky.ad\/ca\/wp-json\/wp\/v2\/product_tag?post=78543"}],"curies":[{"name":"wp","href":"https:\/\/api.w.org\/{rel}","templated":true}]}}