{"id":78535,"date":"2023-08-28T10:32:46","date_gmt":"2023-08-28T09:32:46","guid":{"rendered":"https:\/\/whisky.ad\/product\/buffalo-trace-40-0-7l\/"},"modified":"2023-08-28T10:32:46","modified_gmt":"2023-08-28T09:32:46","slug":"buffalo-trace-40-0-7l","status":"publish","type":"product","link":"https:\/\/whisky.ad\/ca\/producte\/buffalo-trace-40-0-7l\/","title":{"rendered":"Buffalo Trace 40% 0.7l"},"content":{"rendered":"","protected":false},"excerpt":{"rendered":"<p>**Buffalo Trace Bourbon: un tast de patrimoni i artesania** Buffalo Trace Bourbon \u00e9s un veritable testimoni del ric patrimoni i el comprom\u00eds inquebrantable amb la qualitat que defineix el m\u00f3n del bourbon. Arrelat en un llegat que abasta segles, aquest bourbon emblem\u00e0tic \u00e9s una combinaci\u00f3 magistral de tradici\u00f3 i innovaci\u00f3, que ofereix als entusiastes una experi\u00e8ncia de gust inigualable. **Llegat i destil\u00b7laci\u00f3:** Amb una hist\u00f2ria que es remunta al segle XVIII, Buffalo Trace Bourbon pren el nom de la hist\u00f2rica destil\u00b7leria de Kentucky, on s&#8217;elabora meticulosament. El proc\u00e9s de destil\u00b7laci\u00f3 a Buffalo Trace \u00e9s una forma d&#8217;art perfeccionada al llarg de generacions. Els grans millors, l&#8217;aigua de pedra calc\u00e0ria pura i una combinaci\u00f3 de t\u00e8cniques tradicionals s&#8217;uneixen per crear un bourbon que captura l&#8217;ess\u00e8ncia del patrimoni de la regi\u00f3. **Paleta de sabors:** Des del moment en qu\u00e8 Buffalo Trace Bourbon toca els teus llavis, es desplega una simfonia de sabors. Les notes inicials revelen la dol\u00e7or del caramel i la vainilla, seguida de tocs d&#8217;esp\u00e8cies que desperten suaument el paladar. A mesura que el bourbon continua el seu viatge, emergeix la calidesa del roure torrat i un toc de fruita, creant un perfil gustatiu en capes i harmoni\u00f3s que perdura en els sentits. **Artesania i envelliment:** L&#8217;excel\u00b7l\u00e8ncia de Buffalo Trace Bourbon no nom\u00e9s s&#8217;atribueix a la seva destil\u00b7laci\u00f3 sin\u00f3 tamb\u00e9 al seu proc\u00e9s d&#8217;envelliment. El bourbon es madura amb cura en b\u00f3tes de roure, cosa que li permet desenvolupar el seu car\u00e0cter distint al llarg del temps. La interacci\u00f3 entre l&#8217;esperit i la fusta aporta profunditat i complexitat, donant com a resultat un bourbon que \u00e9s alhora robust i matisat. **Versatilitat en el gaudi:** La versatilitat de Buffalo Trace Bourbon el converteix en un company estimat per a diverses ocasions. Gaudeix-lo net per assaborir tota la profunditat del seu perfil de sabor, o deixa que brilli en c\u00f2ctels cl\u00e0ssics on el seu car\u00e0cter ben equilibrat millora l&#8217;experi\u00e8ncia general de la beguda. **Import\u00e0ncia cultural:** Buffalo Trace Bourbon no \u00e9s nom\u00e9s una beguda; \u00e9s una part de la cultura i la hist\u00f2ria nord-americana. La pr\u00f2pia destil\u00b7leria compta amb un passat hist\u00f2ric, que ha funcionat a trav\u00e9s de la prohibici\u00f3 i els reptes del temps. Aquest bourbon ha estat testimoni de les marees canviants de la naci\u00f3 mentre mant\u00e9 fermament el seu comprom\u00eds amb la qualitat. **Un brindis per la tradici\u00f3:** Cada ampolla de Buffalo Trace Bourbon porta en si l&#8217;esperit dels qui l&#8217;han creat, un llegat que continua evolucionant amb cada any que passa. \u00c9s un homenatge als pioners que van establir les bases de l&#8217;elaboraci\u00f3 del bourbon i una invitaci\u00f3 als entusiastes a compartir aquest llegat. Des del primer glop fins a l&#8217;\u00faltima gota, Buffalo Trace Bourbon \u00e9s una encarnaci\u00f3 de l&#8217;art, la passi\u00f3 i la dedicaci\u00f3 que han definit el seu viatge. \u00c9s un recordatori que algunes coses es gaudeixen millor lentament, amb una apreciaci\u00f3 per l&#8217;artesania que inclou cada copa.<\/p>\n","protected":false},"featured_media":77253,"comment_status":"open","ping_status":"closed","template":"","meta":{"_acf_changed":false},"product_brand":[],"product_cat":[613,396,379],"product_tag":[],"class_list":{"0":"post-78535","1":"product","2":"type-product","3":"status-publish","4":"has-post-thumbnail","6":"product_cat-usa-ca","7":"product_cat-destacat","8":"product_cat-kentucky-ca","10":"first","11":"instock","12":"sale","13":"featured","14":"taxable","15":"shipping-taxable","16":"purchasable","17":"product-type-simple"},"acf":[],"aioseo_notices":[],"jetpack_sharing_enabled":true,"_links":{"self":[{"href":"https:\/\/whisky.ad\/ca\/wp-json\/wp\/v2\/product\/78535","targetHints":{"allow":["GET"]}}],"collection":[{"href":"https:\/\/whisky.ad\/ca\/wp-json\/wp\/v2\/product"}],"about":[{"href":"https:\/\/whisky.ad\/ca\/wp-json\/wp\/v2\/types\/product"}],"replies":[{"embeddable":true,"href":"https:\/\/whisky.ad\/ca\/wp-json\/wp\/v2\/comments?post=78535"}],"wp:featuredmedia":[{"embeddable":true,"href":"https:\/\/whisky.ad\/ca\/wp-json\/wp\/v2\/media\/77253"}],"wp:attachment":[{"href":"https:\/\/whisky.ad\/ca\/wp-json\/wp\/v2\/media?parent=78535"}],"wp:term":[{"taxonomy":"product_brand","embeddable":true,"href":"https:\/\/whisky.ad\/ca\/wp-json\/wp\/v2\/product_brand?post=78535"},{"taxonomy":"product_cat","embeddable":true,"href":"https:\/\/whisky.ad\/ca\/wp-json\/wp\/v2\/product_cat?post=78535"},{"taxonomy":"product_tag","embeddable":true,"href":"https:\/\/whisky.ad\/ca\/wp-json\/wp\/v2\/product_tag?post=78535"}],"curies":[{"name":"wp","href":"https:\/\/api.w.org\/{rel}","templated":true}]}}