{"id":78531,"date":"2023-08-01T08:55:10","date_gmt":"2023-08-01T07:55:10","guid":{"rendered":"https:\/\/whisky.ad\/product\/bocatheva-15-yo-full-proof-07l-62\/"},"modified":"2024-01-08T12:24:38","modified_gmt":"2024-01-08T11:24:38","slug":"bocatheva-15-yo-full-proof-07l-62","status":"publish","type":"product","link":"https:\/\/whisky.ad\/ca\/producte\/bocatheva-15-yo-full-proof-07l-62\/","title":{"rendered":"Bocatheva Venezuelan Rum 15 yo Full Proof 0,7l 62%"},"content":{"rendered":"","protected":false},"excerpt":{"rendered":"<p>Un rom realment excepcional tancat en una ampolla \u00fanica amb aquesta exclusiva edici\u00f3 limitada de Bocatheva 15 anys Full Proof. Aquest rom extraordinari, un esperit &#8220;brut de f\u00fbt&#8221;, no es dilueix amb aigua despr\u00e9s de la destil\u00b7laci\u00f3. Procedent de Vene\u00e7uela, aquesta joia a base de melassa madura \u00fanicament en b\u00f3tes de roure americ\u00e0 dins de les fronteres del pa\u00eds. Les canyes de sucre de Romana i Cubana, collides nom\u00e9s una vegada a l&#8217;any de desembre a maig, es recullen meticulosament dia i nit, amb la collita matinal amb una major concentraci\u00f3 de dol\u00e7or. L&#8217;elaboraci\u00f3 d&#8217;aquest delici\u00f3s n\u00e8ctar requereix 2,24 kg de melassa per produir un sol litre del millor rom. El proc\u00e9s de fermentaci\u00f3 s&#8217;est\u00e9n entre 12 i 16 hores, i la destil\u00b7laci\u00f3 empra un minuci\u00f3s m\u00e8tode de quatre columnes. A continuaci\u00f3, el rom madura en b\u00f3tes a un volum aproximadament del 65% abans d&#8217;emprendre un viatge d&#8217;envelliment dins del clima tropical de Vene\u00e7uela, donant lloc a una aroma ex\u00f2tica i una suavitat deliciosa. Com abans, conserva la seva naturalesa &#8220;brut de f\u00fbt&#8221;, \u00e9s a dir, no s&#8217;incorpora aigua despr\u00e9s de la destil\u00b7laci\u00f3. Nota de tast: Aspecte: to ambre profund i captivador. Nas: Despr\u00e8n frag\u00e0ncies potents i intenses. Boca: una barreja complexa de fruits secs i melmelades en conserva. Final: notablement llarg i elegantment elegant.   <\/p>\n","protected":false},"featured_media":79090,"comment_status":"open","ping_status":"closed","template":"","meta":{"_acf_changed":false},"product_brand":[],"product_cat":[370,374],"product_tag":[],"class_list":{"0":"post-78531","1":"product","2":"type-product","3":"status-publish","4":"has-post-thumbnail","6":"product_cat-ron-ca","7":"product_cat-venezuela-ca","9":"first","10":"instock","11":"taxable","12":"shipping-taxable","13":"purchasable","14":"product-type-simple"},"acf":[],"aioseo_notices":[],"jetpack_sharing_enabled":true,"_links":{"self":[{"href":"https:\/\/whisky.ad\/ca\/wp-json\/wp\/v2\/product\/78531","targetHints":{"allow":["GET"]}}],"collection":[{"href":"https:\/\/whisky.ad\/ca\/wp-json\/wp\/v2\/product"}],"about":[{"href":"https:\/\/whisky.ad\/ca\/wp-json\/wp\/v2\/types\/product"}],"replies":[{"embeddable":true,"href":"https:\/\/whisky.ad\/ca\/wp-json\/wp\/v2\/comments?post=78531"}],"wp:featuredmedia":[{"embeddable":true,"href":"https:\/\/whisky.ad\/ca\/wp-json\/wp\/v2\/media\/79090"}],"wp:attachment":[{"href":"https:\/\/whisky.ad\/ca\/wp-json\/wp\/v2\/media?parent=78531"}],"wp:term":[{"taxonomy":"product_brand","embeddable":true,"href":"https:\/\/whisky.ad\/ca\/wp-json\/wp\/v2\/product_brand?post=78531"},{"taxonomy":"product_cat","embeddable":true,"href":"https:\/\/whisky.ad\/ca\/wp-json\/wp\/v2\/product_cat?post=78531"},{"taxonomy":"product_tag","embeddable":true,"href":"https:\/\/whisky.ad\/ca\/wp-json\/wp\/v2\/product_tag?post=78531"}],"curies":[{"name":"wp","href":"https:\/\/api.w.org\/{rel}","templated":true}]}}