{"id":78525,"date":"2023-08-01T09:42:18","date_gmt":"2023-08-01T08:42:18","guid":{"rendered":"https:\/\/whisky.ad\/product\/bocatheva-10-yo-0-7l-45\/"},"modified":"2024-01-08T12:21:22","modified_gmt":"2024-01-08T11:21:22","slug":"bocatheva-10-yo-0-7l-45","status":"publish","type":"product","link":"https:\/\/whisky.ad\/ca\/producte\/bocatheva-10-yo-0-7l-45\/","title":{"rendered":"Bocatheva Venezuelan Rum 10 yo 0.7l 45%"},"content":{"rendered":"","protected":false},"excerpt":{"rendered":"<div class=\"flex flex-grow flex-col gap-3\">\n<div class=\"min-h-[20px] flex items-start overflow-x-auto whitespace-pre-wrap break-words\">\n<div class=\"markdown prose w-full break-words dark:prose-invert light\">\n<p>Aquest rom vene\u00e7ol\u00e0 excepcional s&#8217;elabora exclusivament amb melassa i envelleix dins de les fronteres de Vene\u00e7uela, amb una maduraci\u00f3 elegant en b\u00f3tes de roure americ\u00e0. Les canyes de sucre utilitzades en l&#8217;elaboraci\u00f3 d&#8217;aquest exquisit esperit s\u00f3n de les varietats Romana i Cubana. El proc\u00e9s de recol\u00b7lecci\u00f3 es fa nom\u00e9s un cop l&#8217;any, comen\u00e7a a partir de desembre i continua incansablement dia i nit. S&#8217;afavoreixen les collites matinals, ja que presenten una major concentraci\u00f3 de sucre. Per crear aquest delici\u00f3s n\u00e8ctar, es processen acuradament 2,24 kg de melassa per obtenir 1 litre del millor rom. L&#8217;etapa de fermentaci\u00f3 abasta entre 12 i 16 hores, seguida d&#8217;una destil\u00b7laci\u00f3 meticulosa amb quatre columnes. A continuaci\u00f3, el rom es transfereix acuradament a b\u00f3tes amb un volum aproximadament del 65%. Posteriorment, aquest notable esperit experimenta el seu viatge d&#8217;envelliment al clima tropical de Vene\u00e7uela, que contribueix al seu seductor aroma ex\u00f2tic i al seu perfil bellament arrodonit. L&#8217;experi\u00e8ncia de tast es desenvolupa amb un atractiu aspecte ambre, acompanyat d&#8217;aromes frescos i afruitats al nas. El paladar es tracta despr\u00e9s amb un conjunt delici\u00f3s de notes ex\u00f2tiques, abra\u00e7ades per una agradable rodonesa que acaricia les papil\u00b7les gustatives. Finalment, el final deixa una impressi\u00f3 duradora de suavitat i persist\u00e8ncia, creant una experi\u00e8ncia de degustaci\u00f3 realment memorable.   <\/p>\n<p>Nota de tast: Aspecte: tonalitat ambre captivadora. Nas: Aromes refrescants i afruitats. Boca: Notes ex\u00f2tiques acompanyades d&#8217;una rodonesa deliciosa que envolta el paladar. Acabat: suau i perdurablement agradable.<\/p>\n<\/div>\n<\/div>\n<\/div>\n","protected":false},"featured_media":79075,"comment_status":"open","ping_status":"closed","template":"","meta":{"_acf_changed":false},"product_brand":[],"product_cat":[370,374],"product_tag":[],"class_list":{"0":"post-78525","1":"product","2":"type-product","3":"status-publish","4":"has-post-thumbnail","6":"product_cat-ron-ca","7":"product_cat-venezuela-ca","9":"first","10":"outofstock","11":"taxable","12":"shipping-taxable","13":"purchasable","14":"product-type-simple"},"acf":[],"aioseo_notices":[],"jetpack_sharing_enabled":true,"_links":{"self":[{"href":"https:\/\/whisky.ad\/ca\/wp-json\/wp\/v2\/product\/78525","targetHints":{"allow":["GET"]}}],"collection":[{"href":"https:\/\/whisky.ad\/ca\/wp-json\/wp\/v2\/product"}],"about":[{"href":"https:\/\/whisky.ad\/ca\/wp-json\/wp\/v2\/types\/product"}],"replies":[{"embeddable":true,"href":"https:\/\/whisky.ad\/ca\/wp-json\/wp\/v2\/comments?post=78525"}],"wp:featuredmedia":[{"embeddable":true,"href":"https:\/\/whisky.ad\/ca\/wp-json\/wp\/v2\/media\/79075"}],"wp:attachment":[{"href":"https:\/\/whisky.ad\/ca\/wp-json\/wp\/v2\/media?parent=78525"}],"wp:term":[{"taxonomy":"product_brand","embeddable":true,"href":"https:\/\/whisky.ad\/ca\/wp-json\/wp\/v2\/product_brand?post=78525"},{"taxonomy":"product_cat","embeddable":true,"href":"https:\/\/whisky.ad\/ca\/wp-json\/wp\/v2\/product_cat?post=78525"},{"taxonomy":"product_tag","embeddable":true,"href":"https:\/\/whisky.ad\/ca\/wp-json\/wp\/v2\/product_tag?post=78525"}],"curies":[{"name":"wp","href":"https:\/\/api.w.org\/{rel}","templated":true}]}}