{"id":78522,"date":"2023-11-23T14:58:46","date_gmt":"2023-11-23T13:58:46","guid":{"rendered":"https:\/\/whisky.ad\/product\/bladnoch-single-malt-vinaya-46-7-0-7l\/"},"modified":"2023-11-23T14:58:46","modified_gmt":"2023-11-23T13:58:46","slug":"bladnoch-single-malt-vinaya-46-7-0-7l","status":"publish","type":"product","link":"https:\/\/whisky.ad\/ca\/producte\/bladnoch-single-malt-vinaya-46-7-0-7l\/","title":{"rendered":"Bladnoch Single Malt Vinaya 46.7% 0.7L."},"content":{"rendered":"","protected":false},"excerpt":{"rendered":"<p><strong>Bladnoch Single Malt Vinaya 46.7% 0.7L. 1st Fill Bourbon &amp; First Fill Sherry Casks <\/strong><\/p>\n<p>Bladnoch \u00e9s la destil\u00b7leria de whisky escoc\u00e8s de propietat privada m\u00e9s antiga del m\u00f3n, el seu llegat encara flueix a la perfecci\u00f3 des de 1817.<\/p>\n<p>La rica her\u00e8ncia de Bladnoch t\u00e9 els seus or\u00edgens en John i Thomas McClelland, als quals se&#8217;ls va concedir l&#8217;estimada llic\u00e8ncia per destil\u00b7lar whisky a la seva granja Bladnoch a les terres baixes d&#8217;Esc\u00f2cia. Durant gaireb\u00e9 un segle, les successives generacions de McClelland van nodrir i modernitzar la destil\u00b7leria. En el seu zenit, el lloc va presumir de sis rentats i una producci\u00f3 anual d&#8217;aproximadament 230.000 litres d&#8217;alcohol, consolidant la seva estatura com la &#8220;Reina de les terres baixes&#8221;.<\/p>\n<p><strong>NICK SAVAGE<\/strong> <em>EL MASTER DISTILLER<\/em> El Dr. Nick Savage va assumir el paper de Master Distiller a Bladnoch Distillery el 2019, arribant de The Macallan amb un bagatge impressionant. Despr\u00e9s d&#8217;haver passat quatre anys a Austr\u00e0lia completant el seu doctorat, Nick mant\u00e9 una profunda connexi\u00f3 amb les arrels escoceses i australianes de Bladnoch Distillery. Al llarg de la seva carrera, la recerca inflexible de la perfecci\u00f3 de Nick l&#8217;ha posicionat com una llumin\u00e0ria de la ind\u00fastria, assegurant l&#8217;excel\u00b7l\u00e8ncia cont\u00ednua dels Single Malts de Bladnoch. &#8220;El comprom\u00eds inquebrantable de l&#8217;equip de Bladnoch amb una qualitat inigualable \u00e9s el que em fa incre\u00efblement emocionat de contribuir al futur extraordinari de Bladnoch Distillery&#8221;.<\/p>\n<div class=\"flex flex-grow flex-col max-w-full gap-3 gizmo:gap-0\">\n<div class=\"min-h-[20px] text-message flex flex-col items-start gap-3 whitespace-pre-wrap break-words [.text-message+&amp;]:mt-5 overflow-x-auto\" data-message-author-role=\"assistant\" data-message-id=\"0a629f7a-59c1-498d-b04b-17e3a1f94dcb\">\n<div class=\"markdown prose w-full break-words dark:prose-invert dark\">\n<p>Elaborat a trav\u00e9s de la maduraci\u00f3 en una fusi\u00f3 excepcional de b\u00f3tes de bourbon de primer ompliment i b\u00f3tes de xer\u00e8s de primer ompliment, aquesta expressi\u00f3 revela notes atractives de poma cruixent, herba floral delicada i subtils tocs de xocolata. Anomenat &#8216;Vinaya&#8217;, derivant del terme s\u00e0nscrit que significa respecte i gratitud, aquest homenatge homenatja els fundadors pioners de la destil\u00b7leria i obre el cam\u00ed per al nou cap\u00edtol emocionant de Bladnoch marcat per la innovaci\u00f3 en la producci\u00f3. Els reconeixements adornen el seu viatge:<\/p>\n<ul>\n<li>Bronze medal in the Single Malt NAS category at the 2022 World Whisky Awards<\/li>\n<li>Silver medal at the 2022 International Wine &amp; Spirit Competition<\/li>\n<li>Double Gold medal at the 2022 San Francisco World Spirits Competition<\/li>\n<\/ul>\n<div class=\"flex flex-grow flex-col max-w-full gap-3 gizmo:gap-0\">\n<div class=\"min-h-[20px] text-message flex flex-col items-start gap-3 whitespace-pre-wrap break-words [.text-message+&amp;]:mt-5 overflow-x-auto\" data-message-author-role=\"assistant\" data-message-id=\"19543f07-4a92-4652-9910-85538fd0ce75\">\n<div class=\"markdown prose w-full break-words dark:prose-invert dark\">\n<p><strong>NOTA DE TAST<\/strong><\/p>\n<ul>\n<li>Notes de poma, herba floral i xocolata<\/li>\n<\/ul>\n<p><strong>COLOR<\/strong><\/p>\n<ul>\n<li>S&#8217;assembla a un camp d&#8217;ordi d&#8217;estiu<\/li>\n<\/ul>\n<p><strong>NAS<\/strong><\/p>\n<ul>\n<li>Ess\u00e8ncia arom\u00e0tica d&#8217;herba floral dol\u00e7a entrella\u00e7ada amb dol\u00e7os bullits<\/li>\n<\/ul>\n<p><strong>PALDAR<\/strong><\/p>\n<ul>\n<li>Ess\u00e8ncia arom\u00e0tica d&#8217;herba floral dol\u00e7a entrella\u00e7ada amb dol\u00e7os bullits<\/li>\n<\/ul>\n<p><strong>ACABAR<\/strong><\/p>\n<ul>\n<li>Ess\u00e8ncia arom\u00e0tica d&#8217;herba floral dol\u00e7a entrella\u00e7ada amb dol\u00e7os bullits<\/li>\n<\/ul>\n<\/div>\n<\/div>\n<\/div>\n<\/div>\n<\/div>\n<\/div>\n","protected":false},"featured_media":77730,"comment_status":"open","ping_status":"closed","template":"","meta":{"_acf_changed":false},"product_brand":[],"product_cat":[628,316,315],"product_tag":[],"class_list":{"0":"post-78522","1":"product","2":"type-product","3":"status-publish","4":"has-post-thumbnail","6":"product_cat-lowland-ca","7":"product_cat-bladnoch-ca","8":"product_cat-escocia","10":"first","11":"instock","12":"purchasable","13":"product-type-simple"},"acf":[],"aioseo_notices":[],"jetpack_sharing_enabled":true,"_links":{"self":[{"href":"https:\/\/whisky.ad\/ca\/wp-json\/wp\/v2\/product\/78522","targetHints":{"allow":["GET"]}}],"collection":[{"href":"https:\/\/whisky.ad\/ca\/wp-json\/wp\/v2\/product"}],"about":[{"href":"https:\/\/whisky.ad\/ca\/wp-json\/wp\/v2\/types\/product"}],"replies":[{"embeddable":true,"href":"https:\/\/whisky.ad\/ca\/wp-json\/wp\/v2\/comments?post=78522"}],"wp:featuredmedia":[{"embeddable":true,"href":"https:\/\/whisky.ad\/ca\/wp-json\/wp\/v2\/media\/77730"}],"wp:attachment":[{"href":"https:\/\/whisky.ad\/ca\/wp-json\/wp\/v2\/media?parent=78522"}],"wp:term":[{"taxonomy":"product_brand","embeddable":true,"href":"https:\/\/whisky.ad\/ca\/wp-json\/wp\/v2\/product_brand?post=78522"},{"taxonomy":"product_cat","embeddable":true,"href":"https:\/\/whisky.ad\/ca\/wp-json\/wp\/v2\/product_cat?post=78522"},{"taxonomy":"product_tag","embeddable":true,"href":"https:\/\/whisky.ad\/ca\/wp-json\/wp\/v2\/product_tag?post=78522"}],"curies":[{"name":"wp","href":"https:\/\/api.w.org\/{rel}","templated":true}]}}