{"id":78516,"date":"2023-11-23T15:54:59","date_gmt":"2023-11-23T14:54:59","guid":{"rendered":"https:\/\/whisky.ad\/product\/bladnoch-single-malt-dragon-series-iteration-ii-the-spirit\/"},"modified":"2023-11-23T15:54:59","modified_gmt":"2023-11-23T14:54:59","slug":"bladnoch-single-malt-dragon-series-iteration-ii-the-spirit","status":"publish","type":"product","link":"https:\/\/whisky.ad\/ca\/producte\/bladnoch-single-malt-dragon-series-iteration-ii-the-spirit\/","title":{"rendered":"Bladnoch Single Malt Dragon Series Iteration II &#8220;The Spirit&#8221;"},"content":{"rendered":"","protected":false},"excerpt":{"rendered":"<p><strong>Bladnoch Single Malt Dragon Series Iteration II &#8220;The Spirit&#8221; 48.3% 0.7L.<\/strong><\/p>\n<p>Es ven en un conjunt de 5 iteracions diferents. Bladnoch \u00e9s la destil\u00b7leria de whisky escoc\u00e8s de propietat privada m\u00e9s antiga del m\u00f3n, el seu llegat encara flueix a la perfecci\u00f3 des de 1817. La rica her\u00e8ncia de Bladnoch remunta els seus or\u00edgens a John i Thomas McClelland, als quals se&#8217;ls va concedir l&#8217;estimada llic\u00e8ncia per destil\u00b7lar whisky a la seva granja Bladnoch a les terres baixes d&#8217;Esc\u00f2cia. . Durant gaireb\u00e9 un segle, les successives generacions de McClelland van nodrir i modernitzar la destil\u00b7leria. En el seu zenit, el lloc va presumir de sis rentats i una producci\u00f3 anual d&#8217;aproximadament 230.000 litres d&#8217;alcohol, consolidant la seva estatura com la &#8220;Reina de les terres baixes&#8221;. <strong>NICK SAVAGE<\/strong> <em>EL MASTER DISTILLER<\/em> El Dr. Nick Savage va assumir el paper de Master Distiller a Bladnoch Distillery el 2019, arribant de The Macallan amb un bagatge impressionant. Despr\u00e9s d&#8217;haver passat quatre anys a Austr\u00e0lia completant el seu doctorat, Nick mant\u00e9 una profunda connexi\u00f3 amb les arrels escoceses i australianes de Bladnoch Distillery. Al llarg de la seva carrera, la recerca inflexible de la perfecci\u00f3 de Nick l&#8217;ha posicionat com una llumin\u00e0ria de la ind\u00fastria, assegurant l&#8217;excel\u00b7l\u00e8ncia cont\u00ednua dels Single Malts de Bladnoch. &#8220;El comprom\u00eds inquebrantable de l&#8217;equip de Bladnoch amb una qualitat inigualable \u00e9s el que em fa incre\u00efblement emocionat de contribuir al futur extraordinari de Bladnoch Distillery&#8221;. La s\u00e8rie Dragon fa una comparaci\u00f3 amb l&#8217;intricat proc\u00e9s de producci\u00f3 de whisky, destacant la gran varietat de variabilitat present: un tap\u00eds d&#8217;aparent caos i impredictibilitat. No obstant aix\u00f2, utilitzant les habilitats, la saviesa i l&#8217;experi\u00e8ncia dels artesans actuals, juntament amb el llegat dels que ens van precedir, cada iteraci\u00f3 d&#8217;aquesta s\u00e8rie culmina amb un whisky magn\u00edficament elaborat.<\/p>\n<div class=\"flex flex-grow flex-col max-w-full gap-3 gizmo:gap-0\">\n<div class=\"min-h-[20px] text-message flex flex-col items-start gap-3 whitespace-pre-wrap break-words [.text-message+&amp;]:mt-5 overflow-x-auto\" data-message-author-role=\"assistant\" data-message-id=\"d6c2d9ca-bd67-440a-a26f-0b29bbfefcd6\">\n<div class=\"markdown prose w-full break-words dark:prose-invert dark\">\n<p>La iteraci\u00f3 II marca l&#8217;inici de la producci\u00f3 de destil\u00b7leries. L&#8217;ordi maltejat, procedent dels camps, s&#8217;embarca en un viatge per les etapes crucials de la pur\u00e9, la fermentaci\u00f3 i la destil\u00b7laci\u00f3. Al llarg d&#8217;aquests processos, abunden les variables potencials i la imprevisibilitat (gravetats, temperatures, punts de tall) que demanen una comprensi\u00f3 profunda dels nostres operadors de pur\u00e9 i alambics per garantir un nou esperit de fabricaci\u00f3 consistent. Aquesta signatura de la destil\u00b7leria de Lowland, rica en matisos florals i afruitats, espera la seva col\u00b7locaci\u00f3 a les nostres b\u00f3tes de roure per a la seva maduraci\u00f3.   <\/p>\n<p><strong>NOTA DE TAST<\/strong><\/p>\n<ul>\n<li>Dol\u00e7os bullits, florals, pebre<\/li>\n<\/ul>\n<p><strong>NAS<\/strong><\/p>\n<ul>\n<li>Aromes que recorden gotes de pera entrella\u00e7ades amb herba acabada de tallar<\/li>\n<\/ul>\n<p><strong>PALDAR<\/strong><\/p>\n<ul>\n<li>Mostra cereals maltats amb tocs de dol\u00e7os bullits i un subtil toc de pebre trencat<\/li>\n<\/ul>\n<p><strong>ACABAR<\/strong><\/p>\n<ul>\n<li>Una conclusi\u00f3 refrescant per\u00f2 c\u00e0lidament satisfact\u00f2ria<\/li>\n<\/ul>\n<p>Strength: 48.3% ABV<\/p>\n<p>Cask types: 1st fill and Refill Bourbons<\/p>\n<\/div>\n<\/div>\n<\/div>\n<div class=\"flex justify-between empty:hidden gizmo:mt-1 gizmo:justify-start gizmo:gap-3 lg:block gizmo:lg:flex\">\n<div class=\"text-gray-400 flex self-end lg:self-center justify-center gizmo:lg:justify-start mt-2 gizmo:mt-0 visible gap-1\"><\/div>\n<\/div>\n","protected":false},"featured_media":77763,"comment_status":"open","ping_status":"closed","template":"","meta":{"_acf_changed":false},"product_brand":[],"product_cat":[628,316,315],"product_tag":[],"class_list":{"0":"post-78516","1":"product","2":"type-product","3":"status-publish","4":"has-post-thumbnail","6":"product_cat-lowland-ca","7":"product_cat-bladnoch-ca","8":"product_cat-escocia","10":"first","11":"instock","12":"taxable","13":"shipping-taxable","14":"purchasable","15":"product-type-simple"},"acf":[],"aioseo_notices":[],"jetpack_sharing_enabled":true,"_links":{"self":[{"href":"https:\/\/whisky.ad\/ca\/wp-json\/wp\/v2\/product\/78516","targetHints":{"allow":["GET"]}}],"collection":[{"href":"https:\/\/whisky.ad\/ca\/wp-json\/wp\/v2\/product"}],"about":[{"href":"https:\/\/whisky.ad\/ca\/wp-json\/wp\/v2\/types\/product"}],"replies":[{"embeddable":true,"href":"https:\/\/whisky.ad\/ca\/wp-json\/wp\/v2\/comments?post=78516"}],"wp:featuredmedia":[{"embeddable":true,"href":"https:\/\/whisky.ad\/ca\/wp-json\/wp\/v2\/media\/77763"}],"wp:attachment":[{"href":"https:\/\/whisky.ad\/ca\/wp-json\/wp\/v2\/media?parent=78516"}],"wp:term":[{"taxonomy":"product_brand","embeddable":true,"href":"https:\/\/whisky.ad\/ca\/wp-json\/wp\/v2\/product_brand?post=78516"},{"taxonomy":"product_cat","embeddable":true,"href":"https:\/\/whisky.ad\/ca\/wp-json\/wp\/v2\/product_cat?post=78516"},{"taxonomy":"product_tag","embeddable":true,"href":"https:\/\/whisky.ad\/ca\/wp-json\/wp\/v2\/product_tag?post=78516"}],"curies":[{"name":"wp","href":"https:\/\/api.w.org\/{rel}","templated":true}]}}