{"id":78513,"date":"2023-11-23T14:35:16","date_gmt":"2023-11-23T13:35:16","guid":{"rendered":"https:\/\/whisky.ad\/product\/bladnoch-single-malt-30yo-45-5-0-7l\/"},"modified":"2023-12-06T11:37:57","modified_gmt":"2023-12-06T10:37:57","slug":"bladnoch-single-malt-30yo-45-5-0-7l","status":"publish","type":"product","link":"https:\/\/whisky.ad\/ca\/producte\/bladnoch-single-malt-30yo-45-5-0-7l\/","title":{"rendered":"Bladnoch Single Malt 30YO 45.5% 0.7L"},"content":{"rendered":"","protected":false},"excerpt":{"rendered":"<div class=\"flex flex-grow flex-col max-w-full gap-3 gizmo:gap-0\">\n<div class=\"min-h-[20px] text-message flex flex-col items-start gap-3 whitespace-pre-wrap break-words [.text-message+&amp;]:mt-5 overflow-x-auto\" data-message-author-role=\"assistant\" data-message-id=\"7ba17001-349e-4f24-8bd6-d211ac060bcd\">\n<div class=\"markdown prose w-full break-words dark:prose-invert dark\">\n<p><strong>Bladnoch Single Malt 30 YO 45.5% 0.7l., Sherry Olorosso and Moscatel Casks, 2023 Release, 950 Bottles Release<\/strong><\/p>\n<p>Bladnoch \u00e9s la destil\u00b7leria de whisky escoc\u00e8s de propietat privada m\u00e9s antiga del m\u00f3n, el seu llegat encara flueix a la perfecci\u00f3 des de 1817.<\/p>\n<p>La rica her\u00e8ncia de Bladnoch t\u00e9 els seus or\u00edgens en John i Thomas McClelland, als quals se&#8217;ls va concedir l&#8217;estimada llic\u00e8ncia per destil\u00b7lar whisky a la seva granja Bladnoch a les terres baixes d&#8217;Esc\u00f2cia. Durant gaireb\u00e9 un segle, les successives generacions de McClelland van nodrir i modernitzar la destil\u00b7leria. En el seu zenit, el lloc va presumir de sis rentats i una producci\u00f3 anual d&#8217;aproximadament 230.000 litres d&#8217;alcohol, consolidant la seva estatura com la &#8220;Reina de les terres baixes&#8221;.<\/p>\n<p><strong>NICK SAVAGE<\/strong> <em>EL MASTER DISTILLER<\/em> El Dr. Nick Savage va assumir el paper de Master Distiller a Bladnoch Distillery el 2019, arribant de The Macallan amb un bagatge impressionant. Despr\u00e9s d&#8217;haver passat quatre anys a Austr\u00e0lia completant el seu doctorat, Nick mant\u00e9 una profunda connexi\u00f3 amb les arrels escoceses i australianes de Bladnoch Distillery. Al llarg de la seva carrera, la recerca inflexible de la perfecci\u00f3 de Nick l&#8217;ha posicionat com una llumin\u00e0ria de la ind\u00fastria, assegurant l&#8217;excel\u00b7l\u00e8ncia cont\u00ednua dels Single Malts de Bladnoch. &#8220;El comprom\u00eds inquebrantable de l&#8217;equip de Bladnoch amb una qualitat inigualable \u00e9s el que em fa incre\u00efblement emocionat de contribuir al futur extraordinari de Bladnoch Distillery&#8221;.<\/p>\n<p>Presentant el cim de les ofertes de Bladnoch, el whisky escoc\u00e8s Single Malt de 30 anys emergeix com el llan\u00e7ament m\u00e9s venerable de la destil\u00b7leria, despr\u00e9s d&#8217;haver madurat en una barreja \u00fanica de xer\u00e8s Oloroso i b\u00f3tes de Moscatel. Elaborat a partir de dues b\u00f3tes extraordin\u00e0ries i escasses, el Bladnoch Release de 30 anys captiva amb la seva infusi\u00f3 d&#8217;aromes florals, albercocs secs i tocs de nou moscada. A l&#8217;hora de tastar, anticipa una interacci\u00f3 deliciosa de rics sabors d&#8217;ametlla i massap\u00e0, complementats amb la ratlladura de les taronges de Sevilla. Sorprenentment, el final segueix sent lleuger i afruitat, agraciat per un subtil toc de pebre negre trencat. Aquest llan\u00e7ament extraordinari es limita a nom\u00e9s 950 ampolles a tot el m\u00f3n, oferint una experi\u00e8ncia de degustaci\u00f3 exclusiva marcada per:<\/p>\n<p><strong>NOTA DE TAST<\/strong><\/p>\n<ul>\n<li>Sevilla Taronges, Albercocs, Florals<\/li>\n<\/ul>\n<p><strong>COLOR<\/strong><\/p>\n<ul>\n<li>coure<\/li>\n<\/ul>\n<p><strong>NAS<\/strong><\/p>\n<ul>\n<li>Albercocs secs fragants, tocs florals i nou moscada, barrejats amb taronges de Sevilla<\/li>\n<\/ul>\n<p><strong>PALDAR<\/strong><\/p>\n<ul>\n<li>Les ametlles i el massap\u00e0 harmonitzen amb les vibrants taronges de Sevilla<\/li>\n<\/ul>\n<p><strong>ACABAR<\/strong><\/p>\n<ul>\n<li>Un final delicadament lleuger, floral i afruitat amb un cruixent de pebre negre<\/li>\n<\/ul>\n<\/div>\n<\/div>\n<\/div>\n","protected":false},"featured_media":77727,"comment_status":"open","ping_status":"closed","template":"","meta":{"_acf_changed":false},"product_brand":[],"product_cat":[628,343,316,315],"product_tag":[],"class_list":{"0":"post-78513","1":"product","2":"type-product","3":"status-publish","4":"has-post-thumbnail","6":"product_cat-lowland-ca","7":"product_cat-rar-i-colleccionable","8":"product_cat-bladnoch-ca","9":"product_cat-escocia","10":"product_shipping_class-free-ca","12":"first","13":"instock","14":"purchasable","15":"product-type-simple"},"acf":[],"aioseo_notices":[],"jetpack_sharing_enabled":true,"_links":{"self":[{"href":"https:\/\/whisky.ad\/ca\/wp-json\/wp\/v2\/product\/78513","targetHints":{"allow":["GET"]}}],"collection":[{"href":"https:\/\/whisky.ad\/ca\/wp-json\/wp\/v2\/product"}],"about":[{"href":"https:\/\/whisky.ad\/ca\/wp-json\/wp\/v2\/types\/product"}],"replies":[{"embeddable":true,"href":"https:\/\/whisky.ad\/ca\/wp-json\/wp\/v2\/comments?post=78513"}],"wp:featuredmedia":[{"embeddable":true,"href":"https:\/\/whisky.ad\/ca\/wp-json\/wp\/v2\/media\/77727"}],"wp:attachment":[{"href":"https:\/\/whisky.ad\/ca\/wp-json\/wp\/v2\/media?parent=78513"}],"wp:term":[{"taxonomy":"product_brand","embeddable":true,"href":"https:\/\/whisky.ad\/ca\/wp-json\/wp\/v2\/product_brand?post=78513"},{"taxonomy":"product_cat","embeddable":true,"href":"https:\/\/whisky.ad\/ca\/wp-json\/wp\/v2\/product_cat?post=78513"},{"taxonomy":"product_tag","embeddable":true,"href":"https:\/\/whisky.ad\/ca\/wp-json\/wp\/v2\/product_tag?post=78513"}],"curies":[{"name":"wp","href":"https:\/\/api.w.org\/{rel}","templated":true}]}}